{"id":4270,"date":"2019-04-22T11:05:46","date_gmt":"2019-04-22T11:05:46","guid":{"rendered":"http:\/\/veda.polac.cz\/?page_id=4270"},"modified":"2019-04-22T16:10:58","modified_gmt":"2019-04-22T16:10:58","slug":"6-2","status":"publish","type":"page","link":"https:\/\/veda.polac.cz\/?page_id=4270&lang=en","title":{"rendered":""},"content":{"rendered":"<p style=\"text-align: center;\">Resume<\/p>\n<p><strong>The Role of the Private Subjects in the Fight Against Illegal and Undesirable Content on the Internet<\/strong><br \/>\n<em>RNDr. V\u00e1clav Hn\u00edk, CSc., Mgr. Old\u0159ich Krul\u00edk, Ph.D., doc. RNDr. Josef Po\u017e\u00e1r, CSc.<\/em><\/p>\n<p>The article deals with the subject of cooperation between the private and public sectors in the fight against illegal and undesirable Internet content. First the authors generally characterize the kinds of illegal and undesirable content. Then they depict and evaluate in details selected activities of the public sector in this field. The main attention has been given to the description and evaluation of the current activities of some private companies which belong to the most active ones.<br \/>\n<strong>Keywords:<\/strong>\u00a0information security, private firms, illegal and undesirable content on the Internet.<\/p>\n<hr \/>\n<p><a href=\"https:\/\/veda.polac.cz\/?page_id=2077&amp;lang=en\">Back<\/a><\/p>\n","protected":false},"excerpt":{"rendered":"<p>Resume The Role of the Private Subjects in the Fight Against Illegal and Undesirable Content on the Internet RNDr. V\u00e1clav Hn\u00edk, CSc., Mgr. Old\u0159ich Krul\u00edk, Ph.D., doc. RNDr. Josef Po\u017e\u00e1r, CSc. The article deals with the subject of cooperation between the private and public sectors in the fight against illegal and undesirable Internet content. First [&hellip;]<\/p>\n","protected":false},"author":2,"featured_media":0,"parent":2077,"menu_order":0,"comment_status":"closed","ping_status":"closed","template":"","meta":{"footnotes":""},"class_list":["post-4270","page","type-page","status-publish","hentry"],"_links":{"self":[{"href":"https:\/\/veda.polac.cz\/index.php?rest_route=\/wp\/v2\/pages\/4270","targetHints":{"allow":["GET"]}}],"collection":[{"href":"https:\/\/veda.polac.cz\/index.php?rest_route=\/wp\/v2\/pages"}],"about":[{"href":"https:\/\/veda.polac.cz\/index.php?rest_route=\/wp\/v2\/types\/page"}],"author":[{"embeddable":true,"href":"https:\/\/veda.polac.cz\/index.php?rest_route=\/wp\/v2\/users\/2"}],"replies":[{"embeddable":true,"href":"https:\/\/veda.polac.cz\/index.php?rest_route=%2Fwp%2Fv2%2Fcomments&post=4270"}],"version-history":[{"count":2,"href":"https:\/\/veda.polac.cz\/index.php?rest_route=\/wp\/v2\/pages\/4270\/revisions"}],"predecessor-version":[{"id":4297,"href":"https:\/\/veda.polac.cz\/index.php?rest_route=\/wp\/v2\/pages\/4270\/revisions\/4297"}],"up":[{"embeddable":true,"href":"https:\/\/veda.polac.cz\/index.php?rest_route=\/wp\/v2\/pages\/2077"}],"wp:attachment":[{"href":"https:\/\/veda.polac.cz\/index.php?rest_route=%2Fwp%2Fv2%2Fmedia&parent=4270"}],"curies":[{"name":"wp","href":"https:\/\/api.w.org\/{rel}","templated":true}]}}