{"id":4222,"date":"2019-04-22T10:07:18","date_gmt":"2019-04-22T10:07:18","guid":{"rendered":"http:\/\/veda.polac.cz\/?page_id=4222"},"modified":"2019-04-22T10:16:37","modified_gmt":"2019-04-22T10:16:37","slug":"5-2","status":"publish","type":"page","link":"https:\/\/veda.polac.cz\/?page_id=4222&lang=en","title":{"rendered":""},"content":{"rendered":"<p style=\"text-align: center;\">Resume<\/p>\n<p>P<strong>sychological Profile of &#8222;Hackers&#8220;<\/strong><br \/>\n<em>JUDr. Petr Vo\u0159\u00ed\u0161ek<\/em><\/p>\n<p>Author of the contribution focuses on the core issue and typology of &#8222;hackers&#8220;, especially with regard to the psychological profile of the offender.<br \/>\n<strong>Keywords:<\/strong>\u00a0hacker, psychological profiling, motive, motivation, typology.<\/p>\n<hr \/>\n<p><a href=\"https:\/\/veda.polac.cz\/?page_id=2074&amp;lang=en\">Back<\/a><\/p>\n","protected":false},"excerpt":{"rendered":"<p>Resume Psychological Profile of &#8222;Hackers&#8220; JUDr. Petr Vo\u0159\u00ed\u0161ek Author of the contribution focuses on the core issue and typology of &#8222;hackers&#8220;, especially with regard to the psychological profile of the offender. Keywords:\u00a0hacker, psychological profiling, motive, motivation, typology. Back<\/p>\n","protected":false},"author":2,"featured_media":0,"parent":2074,"menu_order":0,"comment_status":"closed","ping_status":"closed","template":"","meta":{"footnotes":""},"class_list":["post-4222","page","type-page","status-publish","hentry"],"_links":{"self":[{"href":"https:\/\/veda.polac.cz\/index.php?rest_route=\/wp\/v2\/pages\/4222","targetHints":{"allow":["GET"]}}],"collection":[{"href":"https:\/\/veda.polac.cz\/index.php?rest_route=\/wp\/v2\/pages"}],"about":[{"href":"https:\/\/veda.polac.cz\/index.php?rest_route=\/wp\/v2\/types\/page"}],"author":[{"embeddable":true,"href":"https:\/\/veda.polac.cz\/index.php?rest_route=\/wp\/v2\/users\/2"}],"replies":[{"embeddable":true,"href":"https:\/\/veda.polac.cz\/index.php?rest_route=%2Fwp%2Fv2%2Fcomments&post=4222"}],"version-history":[{"count":3,"href":"https:\/\/veda.polac.cz\/index.php?rest_route=\/wp\/v2\/pages\/4222\/revisions"}],"predecessor-version":[{"id":4254,"href":"https:\/\/veda.polac.cz\/index.php?rest_route=\/wp\/v2\/pages\/4222\/revisions\/4254"}],"up":[{"embeddable":true,"href":"https:\/\/veda.polac.cz\/index.php?rest_route=\/wp\/v2\/pages\/2074"}],"wp:attachment":[{"href":"https:\/\/veda.polac.cz\/index.php?rest_route=%2Fwp%2Fv2%2Fmedia&parent=4222"}],"curies":[{"name":"wp","href":"https:\/\/api.w.org\/{rel}","templated":true}]}}