{"id":4073,"date":"2019-04-22T07:10:35","date_gmt":"2019-04-22T07:10:35","guid":{"rendered":"http:\/\/veda.polac.cz\/?page_id=4073"},"modified":"2019-04-22T09:02:44","modified_gmt":"2019-04-22T09:02:44","slug":"5-2","status":"publish","type":"page","link":"https:\/\/veda.polac.cz\/?page_id=4073&lang=en","title":{"rendered":""},"content":{"rendered":"<p style=\"text-align: center;\">Resume<\/p>\n<p><strong>Monetary Policy Transmissions Risks in the Contex of Economic Theories &#8211; One of the State Security Situation Determinants Group<br \/>\n<\/strong><em>Burian Stanislav, Svoboda Pavel, H\u0159eb\u00edk Franti\u0161ek, Br\u010d\u00e1k Josef:<\/em><\/p>\n<p>Monetary transmission is one of the trivial state security situation determinants. This paper deals with causal relationships within two basic monetary policy transmission mechanisms in the conditions Czech Republic. Methods, which are used for purposes of relevant time series adjustment and causal relationships determination within particular transmissions phases, are mentioned at the beginning of the paper. Brief specifications of the Keynesian, respectively monetarist monetary policy transmission theories follow. Generally defined transmissions are tested on the base of Granger causality interpretation. Problematic transmission phases are indentified with using Granger causality tests. These phases pose risks of specific phase dysfunctions which are represented by discrepancy between real relationships and economic theories assumptions.<br \/>\n<strong>Keywords:<\/strong>\u00a0Czech Republic, Keynesianism, monetary policy, monetarism, state security situation risk, transmission mechanism.<\/p>\n<hr \/>\n<p><a href=\"https:\/\/veda.polac.cz\/?page_id=2066&amp;lang=en\">Back<\/a><\/p>\n","protected":false},"excerpt":{"rendered":"<p>Resume Monetary Policy Transmissions Risks in the Contex of Economic Theories &#8211; One of the State Security Situation Determinants Group Burian Stanislav, Svoboda Pavel, H\u0159eb\u00edk Franti\u0161ek, Br\u010d\u00e1k Josef: Monetary transmission is one of the trivial state security situation determinants. This paper deals with causal relationships within two basic monetary policy transmission mechanisms in the conditions [&hellip;]<\/p>\n","protected":false},"author":2,"featured_media":0,"parent":2066,"menu_order":0,"comment_status":"closed","ping_status":"closed","template":"","meta":{"footnotes":""},"class_list":["post-4073","page","type-page","status-publish","hentry"],"_links":{"self":[{"href":"https:\/\/veda.polac.cz\/index.php?rest_route=\/wp\/v2\/pages\/4073","targetHints":{"allow":["GET"]}}],"collection":[{"href":"https:\/\/veda.polac.cz\/index.php?rest_route=\/wp\/v2\/pages"}],"about":[{"href":"https:\/\/veda.polac.cz\/index.php?rest_route=\/wp\/v2\/types\/page"}],"author":[{"embeddable":true,"href":"https:\/\/veda.polac.cz\/index.php?rest_route=\/wp\/v2\/users\/2"}],"replies":[{"embeddable":true,"href":"https:\/\/veda.polac.cz\/index.php?rest_route=%2Fwp%2Fv2%2Fcomments&post=4073"}],"version-history":[{"count":3,"href":"https:\/\/veda.polac.cz\/index.php?rest_route=\/wp\/v2\/pages\/4073\/revisions"}],"predecessor-version":[{"id":4101,"href":"https:\/\/veda.polac.cz\/index.php?rest_route=\/wp\/v2\/pages\/4073\/revisions\/4101"}],"up":[{"embeddable":true,"href":"https:\/\/veda.polac.cz\/index.php?rest_route=\/wp\/v2\/pages\/2066"}],"wp:attachment":[{"href":"https:\/\/veda.polac.cz\/index.php?rest_route=%2Fwp%2Fv2%2Fmedia&parent=4073"}],"curies":[{"name":"wp","href":"https:\/\/api.w.org\/{rel}","templated":true}]}}