{"id":4035,"date":"2019-04-22T06:57:23","date_gmt":"2019-04-22T06:57:23","guid":{"rendered":"http:\/\/veda.polac.cz\/?page_id=4035"},"modified":"2019-04-22T07:02:49","modified_gmt":"2019-04-22T07:02:49","slug":"10-2","status":"publish","type":"page","link":"https:\/\/veda.polac.cz\/?page_id=4035&lang=en","title":{"rendered":""},"content":{"rendered":"<p style=\"text-align: center;\">Resume<\/p>\n<p><strong>Youth Violence from the Perspective of Contemporary Forensic Psychology<br \/>\n<\/strong><em>doc. PhDr. Ludmila \u010c\u00edrtkov\u00e1, CSc.<\/em><\/p>\n<p>The article tries to give some inspiration for youth delinquency prevention from the point of view of forensic psychology. The author discusses three problems: early intervention, differentiation of delinquents and children at risk. Also future tendencies of youth are mentioned.<br \/>\n<strong>Keywords:\u00a0<\/strong>forensic psychology, youth violence, prevention, delinquents.<\/p>\n<hr \/>\n<p><a href=\"https:\/\/veda.polac.cz\/?page_id=2064&amp;lang=en\">Back<\/a><\/p>\n","protected":false},"excerpt":{"rendered":"<p>Resume Youth Violence from the Perspective of Contemporary Forensic Psychology doc. PhDr. Ludmila \u010c\u00edrtkov\u00e1, CSc. The article tries to give some inspiration for youth delinquency prevention from the point of view of forensic psychology. The author discusses three problems: early intervention, differentiation of delinquents and children at risk. Also future tendencies of youth are mentioned. [&hellip;]<\/p>\n","protected":false},"author":2,"featured_media":0,"parent":2064,"menu_order":0,"comment_status":"closed","ping_status":"closed","template":"","meta":{"footnotes":""},"class_list":["post-4035","page","type-page","status-publish","hentry"],"_links":{"self":[{"href":"https:\/\/veda.polac.cz\/index.php?rest_route=\/wp\/v2\/pages\/4035","targetHints":{"allow":["GET"]}}],"collection":[{"href":"https:\/\/veda.polac.cz\/index.php?rest_route=\/wp\/v2\/pages"}],"about":[{"href":"https:\/\/veda.polac.cz\/index.php?rest_route=\/wp\/v2\/types\/page"}],"author":[{"embeddable":true,"href":"https:\/\/veda.polac.cz\/index.php?rest_route=\/wp\/v2\/users\/2"}],"replies":[{"embeddable":true,"href":"https:\/\/veda.polac.cz\/index.php?rest_route=%2Fwp%2Fv2%2Fcomments&post=4035"}],"version-history":[{"count":3,"href":"https:\/\/veda.polac.cz\/index.php?rest_route=\/wp\/v2\/pages\/4035\/revisions"}],"predecessor-version":[{"id":4049,"href":"https:\/\/veda.polac.cz\/index.php?rest_route=\/wp\/v2\/pages\/4035\/revisions\/4049"}],"up":[{"embeddable":true,"href":"https:\/\/veda.polac.cz\/index.php?rest_route=\/wp\/v2\/pages\/2064"}],"wp:attachment":[{"href":"https:\/\/veda.polac.cz\/index.php?rest_route=%2Fwp%2Fv2%2Fmedia&parent=4035"}],"curies":[{"name":"wp","href":"https:\/\/api.w.org\/{rel}","templated":true}]}}