{"id":3985,"date":"2019-04-22T06:42:44","date_gmt":"2019-04-22T06:42:44","guid":{"rendered":"http:\/\/veda.polac.cz\/?page_id=3985"},"modified":"2019-04-22T06:48:16","modified_gmt":"2019-04-22T06:48:16","slug":"8-2","status":"publish","type":"page","link":"https:\/\/veda.polac.cz\/?page_id=3985&lang=en","title":{"rendered":""},"content":{"rendered":"<p style=\"text-align: center;\">Resume<\/p>\n<p><strong>Collective Violence: Theory and Practice<br \/>\n<\/strong><em>PhDr. Josef Smol\u00edk, Ph.D., Mgr. et Mgr. Kate\u0159ina Tvrd\u00e1<\/em><\/p>\n<p>This article discusses the theoretical basis of collective violence and of crowd\u00b4s determinants. The emphasis is focus on defining terminology and conceptualisation of collective violence, including the mechanism of conflict suppression by police forces. Second part deals with case study of collective violence in the area \u0160luknovsko in 2011, Czech Republic.<br \/>\n<strong>Key words:<\/strong>\u00a0collective violence, conflict, demonstration, crowd, police.<\/p>\n<hr \/>\n<p><a href=\"https:\/\/veda.polac.cz\/?page_id=2062&amp;lang=en\">Back<\/a><\/p>\n","protected":false},"excerpt":{"rendered":"<p>Resume Collective Violence: Theory and Practice PhDr. Josef Smol\u00edk, Ph.D., Mgr. et Mgr. Kate\u0159ina Tvrd\u00e1 This article discusses the theoretical basis of collective violence and of crowd\u00b4s determinants. The emphasis is focus on defining terminology and conceptualisation of collective violence, including the mechanism of conflict suppression by police forces. Second part deals with case study [&hellip;]<\/p>\n","protected":false},"author":2,"featured_media":0,"parent":2062,"menu_order":0,"comment_status":"closed","ping_status":"closed","template":"","meta":{"footnotes":""},"class_list":["post-3985","page","type-page","status-publish","hentry"],"_links":{"self":[{"href":"https:\/\/veda.polac.cz\/index.php?rest_route=\/wp\/v2\/pages\/3985","targetHints":{"allow":["GET"]}}],"collection":[{"href":"https:\/\/veda.polac.cz\/index.php?rest_route=\/wp\/v2\/pages"}],"about":[{"href":"https:\/\/veda.polac.cz\/index.php?rest_route=\/wp\/v2\/types\/page"}],"author":[{"embeddable":true,"href":"https:\/\/veda.polac.cz\/index.php?rest_route=\/wp\/v2\/users\/2"}],"replies":[{"embeddable":true,"href":"https:\/\/veda.polac.cz\/index.php?rest_route=%2Fwp%2Fv2%2Fcomments&post=3985"}],"version-history":[{"count":3,"href":"https:\/\/veda.polac.cz\/index.php?rest_route=\/wp\/v2\/pages\/3985\/revisions"}],"predecessor-version":[{"id":4001,"href":"https:\/\/veda.polac.cz\/index.php?rest_route=\/wp\/v2\/pages\/3985\/revisions\/4001"}],"up":[{"embeddable":true,"href":"https:\/\/veda.polac.cz\/index.php?rest_route=\/wp\/v2\/pages\/2062"}],"wp:attachment":[{"href":"https:\/\/veda.polac.cz\/index.php?rest_route=%2Fwp%2Fv2%2Fmedia&parent=3985"}],"curies":[{"name":"wp","href":"https:\/\/api.w.org\/{rel}","templated":true}]}}