{"id":3807,"date":"2019-04-21T15:43:44","date_gmt":"2019-04-21T15:43:44","guid":{"rendered":"http:\/\/veda.polac.cz\/?page_id=3807"},"modified":"2019-04-21T15:53:13","modified_gmt":"2019-04-21T15:53:13","slug":"3-3","status":"publish","type":"page","link":"https:\/\/veda.polac.cz\/?page_id=3807&lang=en","title":{"rendered":""},"content":{"rendered":"<p style=\"text-align: center;\">Resume<\/p>\n<p><strong>The Current Issue of Criminalisation of Legal Persons. Considerations de Lege Lata and de Lege Ferenda<br \/>\n<\/strong><em>JUDr. Olga Sovov\u00e1, Ph.D., Department of Social Work of the University of Hradec Kralove<\/em><br \/>\n<em>prof. JUDr. Dagmar C\u00edsa\u0159ov\u00e1, DrSc., Faculty PA security legislation of the Czech Republic in Prague, Department of Criminal Law<\/em><\/p>\n<p>The paper deals with the criminal responsibility of legal persons by the method of historical interpretation and the interpretation from the general to the specific. The introduction summarizes the views of the Czech doctrines on the criminal responsibility of legal persons and its application in the Czech law. This article also points out the problems that need to be addressed in the context of the new codification of private law. Attention is paid to the responsibility of the provider of health care and potential imputability of this responsibility to the medical institution. In the context of new legislation business corporations and thrift care, the issue of minor\u00b4s responsibility is discussed in case the responsibility was granted the minor by a court decision. The conclusion of the article deals with the proposals for the amendment of the law on the currently discussed as the criminal liability of legal persons.<br \/>\n<strong>Key words:<\/strong>\u00a0criminal responsibility, imputability, legal entity, person, minor, business corporation, statutory body, health care provider.<\/p>\n<hr \/>\n<p><a href=\"https:\/\/veda.polac.cz\/?page_id=2037&amp;lang=en\">Back<\/a><\/p>\n","protected":false},"excerpt":{"rendered":"<p>Resume The Current Issue of Criminalisation of Legal Persons. Considerations de Lege Lata and de Lege Ferenda JUDr. Olga Sovov\u00e1, Ph.D., Department of Social Work of the University of Hradec Kralove prof. JUDr. Dagmar C\u00edsa\u0159ov\u00e1, DrSc., Faculty PA security legislation of the Czech Republic in Prague, Department of Criminal Law The paper deals with the [&hellip;]<\/p>\n","protected":false},"author":2,"featured_media":0,"parent":0,"menu_order":0,"comment_status":"closed","ping_status":"closed","template":"","meta":{"footnotes":""},"class_list":["post-3807","page","type-page","status-publish","hentry"],"_links":{"self":[{"href":"https:\/\/veda.polac.cz\/index.php?rest_route=\/wp\/v2\/pages\/3807","targetHints":{"allow":["GET"]}}],"collection":[{"href":"https:\/\/veda.polac.cz\/index.php?rest_route=\/wp\/v2\/pages"}],"about":[{"href":"https:\/\/veda.polac.cz\/index.php?rest_route=\/wp\/v2\/types\/page"}],"author":[{"embeddable":true,"href":"https:\/\/veda.polac.cz\/index.php?rest_route=\/wp\/v2\/users\/2"}],"replies":[{"embeddable":true,"href":"https:\/\/veda.polac.cz\/index.php?rest_route=%2Fwp%2Fv2%2Fcomments&post=3807"}],"version-history":[{"count":3,"href":"https:\/\/veda.polac.cz\/index.php?rest_route=\/wp\/v2\/pages\/3807\/revisions"}],"predecessor-version":[{"id":3823,"href":"https:\/\/veda.polac.cz\/index.php?rest_route=\/wp\/v2\/pages\/3807\/revisions\/3823"}],"wp:attachment":[{"href":"https:\/\/veda.polac.cz\/index.php?rest_route=%2Fwp%2Fv2%2Fmedia&parent=3807"}],"curies":[{"name":"wp","href":"https:\/\/api.w.org\/{rel}","templated":true}]}}