{"id":379,"date":"2018-09-08T13:55:50","date_gmt":"2018-09-08T13:55:50","guid":{"rendered":"http:\/\/veda.polac.cz\/?page_id=379"},"modified":"2018-11-03T00:06:01","modified_gmt":"2018-11-03T00:06:01","slug":"4-2","status":"publish","type":"page","link":"https:\/\/veda.polac.cz\/?page_id=379","title":{"rendered":""},"content":{"rendered":"<p style=\"text-align: center;\">Resum\u00e9 \u010dl\u00e1nku<\/p>\n<p><strong>D\u016fsledky nejv\u011bt\u0161\u00edch jadern\u00fdch hav\u00e1ri\u00ed: \u010cernobyl vs. Fuku\u0161ima\u00a0<\/strong><br \/>\n<em>doc. Ing. Jozef Sabol, DrSc., prof. Ing. Bed\u0159ich \u0160est\u00e1k, DrSc.<\/em><br \/>\n<em>Fakulta bezpe\u010dnostn\u00edho managementu PA \u010cR v Praze, Katedra krizov\u00e9ho \u0159\u00edzen\u00ed<\/em><\/p>\n<p>V \u010dl\u00e1nku je stru\u010dn\u011b charakterizov\u00e1na oblast vyu\u017e\u00edv\u00e1n\u00ed jadern\u00e9 energie na v\u00fdrobu elektrick\u00e9 energie. I kdy\u017e sou\u010dasn\u00e9 modern\u00ed jadern\u00e9 elektr\u00e1rny jsou velmi bezpe\u010dn\u00e9, nikdy nen\u00ed mo\u017en\u00e9 absolutn\u011b vylou\u010dit mo\u017enost nehody nebo i hav\u00e1rie. Pr\u00e1ce se zam\u011b\u0159uje na popis dvou nejv\u011bt\u0161\u00edch nehod, k nim\u017e do\u0161lo v \u010cernobylu na Ukrajin\u011b a ve Fuku\u0161im\u011b v Japonsku. Pou\u010den\u00ed z t\u011bchto hav\u00e1ri\u00ed vedlo ke zp\u0159\u00edsn\u011bn\u00ed bezpe\u010dnostn\u00edch opat\u0159en\u00ed na jadern\u00fdch elektr\u00e1rn\u00e1ch, a to nejenom z hlediska konstrukce a bezpe\u010dnostn\u00edch syst\u00e9m\u016f, ale i rozpracov\u00e1n\u00edm d\u016fsledn\u011bj\u0161\u00edch a \u00fa\u010dinn\u011bj\u0161\u00edch postup\u016f p\u0159i \u0159e\u0161en\u00ed d\u016fsledk\u016f takov\u00fdch potenci\u00e1ln\u00edch jadern\u00fdch mimo\u0159\u00e1dn\u00fdch situac\u00ed, kde hlavn\u00edm c\u00edlem je minimalizace jejich vlivu na oz\u00e1\u0159en\u00ed osob a na radioaktivn\u00ed kontaminaci \u017eivotn\u00edho prost\u0159ed\u00ed.<br \/>\n<strong>Kl\u00ed\u010dov\u00e1 slova:\u00a0<\/strong>jadern\u00e1 elektr\u00e1rna, jadern\u00e1 hav\u00e1rie, \u010cernobyl, Fuku\u0161ima, oz\u00e1\u0159en\u00ed osob, radioaktivn\u00ed kontaminace.<\/p>\n<p><a href=\"https:\/\/veda.polac.cz\/wp-content\/uploads\/2018\/11\/012017D\u016fsledky-nejv\u011bt\u0161\u00edch-jadern\u00fdch-hav\u00e1ri\u00ed-\u010cernobyl-vs-Fuku\u0161ima.pdf\">Pdf form\u00e1t<\/a><\/p>\n<p><a href=\"https:\/\/veda.polac.cz\/?page_id=120\">01\/2017<\/a><\/p>\n","protected":false},"excerpt":{"rendered":"<p>Resum\u00e9 \u010dl\u00e1nku D\u016fsledky nejv\u011bt\u0161\u00edch jadern\u00fdch hav\u00e1ri\u00ed: \u010cernobyl vs. Fuku\u0161ima\u00a0 doc. Ing. Jozef Sabol, DrSc., prof. Ing. Bed\u0159ich \u0160est\u00e1k, DrSc. Fakulta bezpe\u010dnostn\u00edho managementu PA \u010cR v Praze, Katedra krizov\u00e9ho \u0159\u00edzen\u00ed V \u010dl\u00e1nku je stru\u010dn\u011b charakterizov\u00e1na oblast vyu\u017e\u00edv\u00e1n\u00ed jadern\u00e9 energie na v\u00fdrobu elektrick\u00e9 energie. I kdy\u017e sou\u010dasn\u00e9 modern\u00ed jadern\u00e9 elektr\u00e1rny jsou velmi bezpe\u010dn\u00e9, nikdy nen\u00ed mo\u017en\u00e9 absolutn\u011b [&hellip;]<\/p>\n","protected":false},"author":2,"featured_media":0,"parent":120,"menu_order":4,"comment_status":"closed","ping_status":"closed","template":"","meta":{"footnotes":""},"class_list":["post-379","page","type-page","status-publish","hentry"],"_links":{"self":[{"href":"https:\/\/veda.polac.cz\/index.php?rest_route=\/wp\/v2\/pages\/379","targetHints":{"allow":["GET"]}}],"collection":[{"href":"https:\/\/veda.polac.cz\/index.php?rest_route=\/wp\/v2\/pages"}],"about":[{"href":"https:\/\/veda.polac.cz\/index.php?rest_route=\/wp\/v2\/types\/page"}],"author":[{"embeddable":true,"href":"https:\/\/veda.polac.cz\/index.php?rest_route=\/wp\/v2\/users\/2"}],"replies":[{"embeddable":true,"href":"https:\/\/veda.polac.cz\/index.php?rest_route=%2Fwp%2Fv2%2Fcomments&post=379"}],"version-history":[{"count":4,"href":"https:\/\/veda.polac.cz\/index.php?rest_route=\/wp\/v2\/pages\/379\/revisions"}],"predecessor-version":[{"id":2210,"href":"https:\/\/veda.polac.cz\/index.php?rest_route=\/wp\/v2\/pages\/379\/revisions\/2210"}],"up":[{"embeddable":true,"href":"https:\/\/veda.polac.cz\/index.php?rest_route=\/wp\/v2\/pages\/120"}],"wp:attachment":[{"href":"https:\/\/veda.polac.cz\/index.php?rest_route=%2Fwp%2Fv2%2Fmedia&parent=379"}],"curies":[{"name":"wp","href":"https:\/\/api.w.org\/{rel}","templated":true}]}}