{"id":3720,"date":"2019-04-20T23:35:42","date_gmt":"2019-04-20T23:35:42","guid":{"rendered":"http:\/\/veda.polac.cz\/?page_id=3720"},"modified":"2019-04-21T09:53:10","modified_gmt":"2019-04-21T09:53:10","slug":"7-2","status":"publish","type":"page","link":"https:\/\/veda.polac.cz\/?page_id=3720&lang=en","title":{"rendered":""},"content":{"rendered":"<p style=\"text-align: center;\">Resume<\/p>\n<p><strong>Analysis of Actual State in Evaluation of the Security Situation of the V4 Countries<br \/>\n<\/strong><em>doc. Ing. Ladislav Nov\u00e1k, PhD., JUDr. Ing. Lubo\u0161 Mahdo\u0148, Faculty of Security Engineering ND in \u017dilina, Department of Crisis Management<\/em><\/p>\n<p>The paper deals with the issues of evaluating the national and international security situation in the V4 countries. It is based on an analysis of the legal environment which obliges especially state authorities to evaluate the security situation. Institutional, legal and documentation environment for evaluating the security situation is very different. Consider a unified system for evaluating the security situation in the V4 countries is unrealistic for the time being. Coordination is possible at the level of security advisories.<br \/>\n<strong>Keywords:<\/strong>\u00a0national security, international security, security environment, crisis management.<\/p>\n<hr \/>\n<p><a href=\"https:\/\/veda.polac.cz\/?page_id=2029&amp;lang=en\">Back<\/a><\/p>\n","protected":false},"excerpt":{"rendered":"<p>Resume Analysis of Actual State in Evaluation of the Security Situation of the V4 Countries doc. Ing. Ladislav Nov\u00e1k, PhD., JUDr. Ing. Lubo\u0161 Mahdo\u0148, Faculty of Security Engineering ND in \u017dilina, Department of Crisis Management The paper deals with the issues of evaluating the national and international security situation in the V4 countries. It is [&hellip;]<\/p>\n","protected":false},"author":2,"featured_media":0,"parent":2029,"menu_order":0,"comment_status":"closed","ping_status":"closed","template":"","meta":{"footnotes":""},"class_list":["post-3720","page","type-page","status-publish","hentry"],"_links":{"self":[{"href":"https:\/\/veda.polac.cz\/index.php?rest_route=\/wp\/v2\/pages\/3720","targetHints":{"allow":["GET"]}}],"collection":[{"href":"https:\/\/veda.polac.cz\/index.php?rest_route=\/wp\/v2\/pages"}],"about":[{"href":"https:\/\/veda.polac.cz\/index.php?rest_route=\/wp\/v2\/types\/page"}],"author":[{"embeddable":true,"href":"https:\/\/veda.polac.cz\/index.php?rest_route=\/wp\/v2\/users\/2"}],"replies":[{"embeddable":true,"href":"https:\/\/veda.polac.cz\/index.php?rest_route=%2Fwp%2Fv2%2Fcomments&post=3720"}],"version-history":[{"count":2,"href":"https:\/\/veda.polac.cz\/index.php?rest_route=\/wp\/v2\/pages\/3720\/revisions"}],"predecessor-version":[{"id":3732,"href":"https:\/\/veda.polac.cz\/index.php?rest_route=\/wp\/v2\/pages\/3720\/revisions\/3732"}],"up":[{"embeddable":true,"href":"https:\/\/veda.polac.cz\/index.php?rest_route=\/wp\/v2\/pages\/2029"}],"wp:attachment":[{"href":"https:\/\/veda.polac.cz\/index.php?rest_route=%2Fwp%2Fv2%2Fmedia&parent=3720"}],"curies":[{"name":"wp","href":"https:\/\/api.w.org\/{rel}","templated":true}]}}