{"id":372,"date":"2018-09-08T13:53:08","date_gmt":"2018-09-08T13:53:08","guid":{"rendered":"http:\/\/veda.polac.cz\/?page_id=372"},"modified":"2018-11-03T00:04:54","modified_gmt":"2018-11-03T00:04:54","slug":"1-2","status":"publish","type":"page","link":"https:\/\/veda.polac.cz\/?page_id=372","title":{"rendered":""},"content":{"rendered":"<p style=\"text-align: center;\">Resum\u00e9 \u010dl\u00e1nku<\/p>\n<p><strong>Euro 2016 z perspektivy sportovn\u00edch mega-ud\u00e1lost\u00ed: Iluz\u00ed bezpe\u010dnosti a z\u00e1bavy proti terorist\u016fm?\u00a0<\/strong><br \/>\n<em>Mgr. Vendula Divi\u0161ov\u00e1, Masarykova Univerzita, Brno, Fakulta soci\u00e1ln\u00edch studi\u00ed<\/em><\/p>\n<p>Mistrovstv\u00ed Evropy ve fotbale po\u0159\u00e1dan\u00e9 v roce 2016 ve Francii poskytuje dal\u0161\u00ed p\u0159\u00edle\u017eitost analyzovat zaji\u0161\u0165ov\u00e1n\u00ed bezpe\u010dnosti v kontextu sportovn\u00edch mega-ud\u00e1losti. \u010cl\u00e1nek popisuje bezpe\u010dnostn\u00ed opat\u0159en\u00ed i diskurs, kter\u00fd jejich p\u0159ijet\u00ed prov\u00e1zel, stejn\u011b jako ka\u017edodenn\u00ed zaji\u0161\u0165ov\u00e1n\u00ed bezpe\u010dnosti v pr\u016fb\u011bhu turnaje. Rozpory mezi bezpe\u010dnostn\u00ed situac\u00ed a ofici\u00e1ln\u00edm diskursem nazna\u010duj\u00ed prvo\u0159adost symbolick\u00e9 roviny sportovn\u00edch mega-ud\u00e1lost\u00ed. Ve Francii bylo c\u00edlem ofici\u00e1ln\u00edho diskursu zejm\u00e9na potvrzen\u00ed n\u00e1rodn\u00ed identity a soudr\u017enosti tv\u00e1\u0159\u00ed v tv\u00e1\u0159 hrozb\u011b terorismu. Interpretace n\u00e1siln\u00fdch incident\u016f na stadionu i v ulic\u00edch pak byly charakterizov\u00e1ny bagatelizac\u00ed, p\u0159edstavou o iracionalit\u011b fanou\u0161k\u016f a &#8222;privatizac\u00ed odpov\u011bdnosti&#8220;.<br \/>\n<strong>Kl\u00ed\u010dov\u00e1 slova:<\/strong>\u00a0sportovn\u00ed mega ud\u00e1losti; Euro 2016; bezpe\u010dnostn\u00ed opat\u0159en\u00ed; fotbalov\u00e9 chulig\u00e1nstv\u00ed; davov\u00e9 nepokoje; terorismus.<\/p>\n<p><a href=\"https:\/\/veda.polac.cz\/wp-content\/uploads\/2018\/11\/012017Euro-2016-z-perspektivy-sportovn\u00edch-mega-ud\u00e1lost\u00ed-Iluz\u00ed-bezpe\u010dnosti-a-z\u00e1bavy-proti-terorist\u016fm.pdf\">Pdf form\u00e1t<\/a><\/p>\n<p><a href=\"https:\/\/veda.polac.cz\/?page_id=120\">01\/2017<\/a><\/p>\n","protected":false},"excerpt":{"rendered":"<p>Resum\u00e9 \u010dl\u00e1nku Euro 2016 z perspektivy sportovn\u00edch mega-ud\u00e1lost\u00ed: Iluz\u00ed bezpe\u010dnosti a z\u00e1bavy proti terorist\u016fm?\u00a0 Mgr. Vendula Divi\u0161ov\u00e1, Masarykova Univerzita, Brno, Fakulta soci\u00e1ln\u00edch studi\u00ed Mistrovstv\u00ed Evropy ve fotbale po\u0159\u00e1dan\u00e9 v roce 2016 ve Francii poskytuje dal\u0161\u00ed p\u0159\u00edle\u017eitost analyzovat zaji\u0161\u0165ov\u00e1n\u00ed bezpe\u010dnosti v kontextu sportovn\u00edch mega-ud\u00e1losti. \u010cl\u00e1nek popisuje bezpe\u010dnostn\u00ed opat\u0159en\u00ed i diskurs, kter\u00fd jejich p\u0159ijet\u00ed prov\u00e1zel, stejn\u011b jako [&hellip;]<\/p>\n","protected":false},"author":2,"featured_media":0,"parent":120,"menu_order":1,"comment_status":"closed","ping_status":"closed","template":"","meta":{"footnotes":""},"class_list":["post-372","page","type-page","status-publish","hentry"],"_links":{"self":[{"href":"https:\/\/veda.polac.cz\/index.php?rest_route=\/wp\/v2\/pages\/372","targetHints":{"allow":["GET"]}}],"collection":[{"href":"https:\/\/veda.polac.cz\/index.php?rest_route=\/wp\/v2\/pages"}],"about":[{"href":"https:\/\/veda.polac.cz\/index.php?rest_route=\/wp\/v2\/types\/page"}],"author":[{"embeddable":true,"href":"https:\/\/veda.polac.cz\/index.php?rest_route=\/wp\/v2\/users\/2"}],"replies":[{"embeddable":true,"href":"https:\/\/veda.polac.cz\/index.php?rest_route=%2Fwp%2Fv2%2Fcomments&post=372"}],"version-history":[{"count":4,"href":"https:\/\/veda.polac.cz\/index.php?rest_route=\/wp\/v2\/pages\/372\/revisions"}],"predecessor-version":[{"id":2207,"href":"https:\/\/veda.polac.cz\/index.php?rest_route=\/wp\/v2\/pages\/372\/revisions\/2207"}],"up":[{"embeddable":true,"href":"https:\/\/veda.polac.cz\/index.php?rest_route=\/wp\/v2\/pages\/120"}],"wp:attachment":[{"href":"https:\/\/veda.polac.cz\/index.php?rest_route=%2Fwp%2Fv2%2Fmedia&parent=372"}],"curies":[{"name":"wp","href":"https:\/\/api.w.org\/{rel}","templated":true}]}}