{"id":3682,"date":"2019-04-20T23:01:09","date_gmt":"2019-04-20T23:01:09","guid":{"rendered":"http:\/\/veda.polac.cz\/?page_id=3682"},"modified":"2019-04-20T23:12:34","modified_gmt":"2019-04-20T23:12:34","slug":"3-2","status":"publish","type":"page","link":"https:\/\/veda.polac.cz\/?page_id=3682&lang=en","title":{"rendered":""},"content":{"rendered":"<p style=\"text-align: center;\">Resume<\/p>\n<p><strong>The Prognosis of the Prison Population in the Czech Republic Using the Cohort-Component Model<br \/>\n<\/strong><em>Mgr. Martin Ko\u0148a\u0159\u00edk, Department of Security Policy and Crime Prevention Ministry of Interior, Department of Demography and Geo-Science Faculty of Charles University in Prague<\/em><\/p>\n<p>The knowledge of the size of the prison population and its structure is for the state administration very important because it allows planning the future necessary expenses and investments in the prison system. Furthermore, this knowledge is critical, as in the case of adverse development it will enable the responsible authorities to react in time and avoid unfavourable development. This article summarizes in general some knowledge of predicting prison populations and it illustrates on a simple example the possibilities of these prognoses.<br \/>\n<strong>Keywords:<\/strong>\u00a0prognosis, prison populations, prisoners, security.<\/p>\n<hr \/>\n<p><a href=\"https:\/\/veda.polac.cz\/?page_id=2027&amp;lang=en\">Back<\/a><\/p>\n","protected":false},"excerpt":{"rendered":"<p>Resume The Prognosis of the Prison Population in the Czech Republic Using the Cohort-Component Model Mgr. Martin Ko\u0148a\u0159\u00edk, Department of Security Policy and Crime Prevention Ministry of Interior, Department of Demography and Geo-Science Faculty of Charles University in Prague The knowledge of the size of the prison population and its structure is for the state [&hellip;]<\/p>\n","protected":false},"author":2,"featured_media":0,"parent":2027,"menu_order":0,"comment_status":"closed","ping_status":"closed","template":"","meta":{"footnotes":""},"class_list":["post-3682","page","type-page","status-publish","hentry"],"_links":{"self":[{"href":"https:\/\/veda.polac.cz\/index.php?rest_route=\/wp\/v2\/pages\/3682","targetHints":{"allow":["GET"]}}],"collection":[{"href":"https:\/\/veda.polac.cz\/index.php?rest_route=\/wp\/v2\/pages"}],"about":[{"href":"https:\/\/veda.polac.cz\/index.php?rest_route=\/wp\/v2\/types\/page"}],"author":[{"embeddable":true,"href":"https:\/\/veda.polac.cz\/index.php?rest_route=\/wp\/v2\/users\/2"}],"replies":[{"embeddable":true,"href":"https:\/\/veda.polac.cz\/index.php?rest_route=%2Fwp%2Fv2%2Fcomments&post=3682"}],"version-history":[{"count":2,"href":"https:\/\/veda.polac.cz\/index.php?rest_route=\/wp\/v2\/pages\/3682\/revisions"}],"predecessor-version":[{"id":3701,"href":"https:\/\/veda.polac.cz\/index.php?rest_route=\/wp\/v2\/pages\/3682\/revisions\/3701"}],"up":[{"embeddable":true,"href":"https:\/\/veda.polac.cz\/index.php?rest_route=\/wp\/v2\/pages\/2027"}],"wp:attachment":[{"href":"https:\/\/veda.polac.cz\/index.php?rest_route=%2Fwp%2Fv2%2Fmedia&parent=3682"}],"curies":[{"name":"wp","href":"https:\/\/api.w.org\/{rel}","templated":true}]}}