{"id":3647,"date":"2019-04-20T22:33:49","date_gmt":"2019-04-20T22:33:49","guid":{"rendered":"http:\/\/veda.polac.cz\/?page_id=3647"},"modified":"2019-04-20T22:46:46","modified_gmt":"2019-04-20T22:46:46","slug":"1-2","status":"publish","type":"page","link":"https:\/\/veda.polac.cz\/?page_id=3647&lang=en","title":{"rendered":""},"content":{"rendered":"<p style=\"text-align: center;\">Resume<\/p>\n<p><strong>Persistent Complainers<br \/>\n<\/strong><em>doc. PhDr. Ludmila \u010c\u00edrtkov\u00e1, CSc., Faculty of Security Management PA Czech Republic in Prague, Department of Social Sciences\u00a0<\/em><\/p>\n<p>The phenomenon of persistent complaining seems to be on the increase in our society. In the article the author tries to explain psychological aspects of querulous persons and describes their typology. She also discusses some forensic psychological aspects such as the assessment of psychopathology presence and dangerousness of querulous persons.<br \/>\n<strong>Keywords:\u00a0<\/strong>querulous persons, psychopathology of persistent complainers, paranoia, paranoid process, dangerousness assessment.<\/p>\n<hr \/>\n<p><a href=\"https:\/\/veda.polac.cz\/?page_id=2025&amp;lang=en\">Back<\/a><\/p>\n","protected":false},"excerpt":{"rendered":"<p>Resume Persistent Complainers doc. PhDr. Ludmila \u010c\u00edrtkov\u00e1, CSc., Faculty of Security Management PA Czech Republic in Prague, Department of Social Sciences\u00a0 The phenomenon of persistent complaining seems to be on the increase in our society. In the article the author tries to explain psychological aspects of querulous persons and describes their typology. She also discusses [&hellip;]<\/p>\n","protected":false},"author":2,"featured_media":0,"parent":2025,"menu_order":0,"comment_status":"closed","ping_status":"closed","template":"","meta":{"footnotes":""},"class_list":["post-3647","page","type-page","status-publish","hentry"],"_links":{"self":[{"href":"https:\/\/veda.polac.cz\/index.php?rest_route=\/wp\/v2\/pages\/3647","targetHints":{"allow":["GET"]}}],"collection":[{"href":"https:\/\/veda.polac.cz\/index.php?rest_route=\/wp\/v2\/pages"}],"about":[{"href":"https:\/\/veda.polac.cz\/index.php?rest_route=\/wp\/v2\/types\/page"}],"author":[{"embeddable":true,"href":"https:\/\/veda.polac.cz\/index.php?rest_route=\/wp\/v2\/users\/2"}],"replies":[{"embeddable":true,"href":"https:\/\/veda.polac.cz\/index.php?rest_route=%2Fwp%2Fv2%2Fcomments&post=3647"}],"version-history":[{"count":2,"href":"https:\/\/veda.polac.cz\/index.php?rest_route=\/wp\/v2\/pages\/3647\/revisions"}],"predecessor-version":[{"id":3672,"href":"https:\/\/veda.polac.cz\/index.php?rest_route=\/wp\/v2\/pages\/3647\/revisions\/3672"}],"up":[{"embeddable":true,"href":"https:\/\/veda.polac.cz\/index.php?rest_route=\/wp\/v2\/pages\/2025"}],"wp:attachment":[{"href":"https:\/\/veda.polac.cz\/index.php?rest_route=%2Fwp%2Fv2%2Fmedia&parent=3647"}],"curies":[{"name":"wp","href":"https:\/\/api.w.org\/{rel}","templated":true}]}}