{"id":3575,"date":"2019-04-20T21:48:14","date_gmt":"2019-04-20T21:48:14","guid":{"rendered":"http:\/\/veda.polac.cz\/?page_id=3575"},"modified":"2019-04-20T21:50:57","modified_gmt":"2019-04-20T21:50:57","slug":"6-2","status":"publish","type":"page","link":"https:\/\/veda.polac.cz\/?page_id=3575&lang=en","title":{"rendered":""},"content":{"rendered":"<p style=\"text-align: center;\">Resume<\/p>\n<p><strong>The use of Exploratory Factor Analysis for Variables Reduction in Researching Crime Committed with Mobile Phones use<br \/>\n<\/strong><em>Dr. Zden\u011bk Kova\u0159\u00edk, CSc., Science and Research Department PA in Prague<\/em><br \/>\n<em>Alena Pej\u010dochov\u00e1, M.A., PhD student, PA \u010cR in Prague<\/em><\/p>\n<p>This article focuses on verification of approved fields in researching crime committed with mobile phones use based on an exploratory factor analysis. It contains all particulars necessary for a scientific and inter-subjective verification of presented results. The paper gives a relatively detailed description of the procedure and interpretation of each solution. The results of exploratory factor analysis are achieved by using a modern software for exploratory factor analysis of ordinal variables, freeware Factor 10.3.1.<br \/>\n<strong>Keywords:<\/strong>\u00a0Exploratory factor analysis, polychoric correlation matrix, rotated loading matrix &#8211; Promin, Bartlett&#8217;s statistic, Kaiser-Meyer-Olkin (KMO) test, McDonald&#8217;s Omega, Root Mean Square of Residuals (RMSR).<\/p>\n<hr \/>\n<p><a href=\"https:\/\/veda.polac.cz\/?page_id=2019&amp;lang=en\">Back<\/a><\/p>\n","protected":false},"excerpt":{"rendered":"<p>Resume The use of Exploratory Factor Analysis for Variables Reduction in Researching Crime Committed with Mobile Phones use Dr. Zden\u011bk Kova\u0159\u00edk, CSc., Science and Research Department PA in Prague Alena Pej\u010dochov\u00e1, M.A., PhD student, PA \u010cR in Prague This article focuses on verification of approved fields in researching crime committed with mobile phones use based [&hellip;]<\/p>\n","protected":false},"author":2,"featured_media":0,"parent":2019,"menu_order":0,"comment_status":"closed","ping_status":"closed","template":"","meta":{"footnotes":""},"class_list":["post-3575","page","type-page","status-publish","hentry"],"_links":{"self":[{"href":"https:\/\/veda.polac.cz\/index.php?rest_route=\/wp\/v2\/pages\/3575","targetHints":{"allow":["GET"]}}],"collection":[{"href":"https:\/\/veda.polac.cz\/index.php?rest_route=\/wp\/v2\/pages"}],"about":[{"href":"https:\/\/veda.polac.cz\/index.php?rest_route=\/wp\/v2\/types\/page"}],"author":[{"embeddable":true,"href":"https:\/\/veda.polac.cz\/index.php?rest_route=\/wp\/v2\/users\/2"}],"replies":[{"embeddable":true,"href":"https:\/\/veda.polac.cz\/index.php?rest_route=%2Fwp%2Fv2%2Fcomments&post=3575"}],"version-history":[{"count":2,"href":"https:\/\/veda.polac.cz\/index.php?rest_route=\/wp\/v2\/pages\/3575\/revisions"}],"predecessor-version":[{"id":3587,"href":"https:\/\/veda.polac.cz\/index.php?rest_route=\/wp\/v2\/pages\/3575\/revisions\/3587"}],"up":[{"embeddable":true,"href":"https:\/\/veda.polac.cz\/index.php?rest_route=\/wp\/v2\/pages\/2019"}],"wp:attachment":[{"href":"https:\/\/veda.polac.cz\/index.php?rest_route=%2Fwp%2Fv2%2Fmedia&parent=3575"}],"curies":[{"name":"wp","href":"https:\/\/api.w.org\/{rel}","templated":true}]}}