{"id":3510,"date":"2019-04-20T20:57:53","date_gmt":"2019-04-20T20:57:53","guid":{"rendered":"http:\/\/veda.polac.cz\/?page_id=3510"},"modified":"2019-04-20T21:02:00","modified_gmt":"2019-04-20T21:02:00","slug":"3-2","status":"publish","type":"page","link":"https:\/\/veda.polac.cz\/?page_id=3510&lang=en","title":{"rendered":""},"content":{"rendered":"<p style=\"text-align: center;\">Resume<\/p>\n<p><strong>Detection of Public Procurement Crime<\/strong><br \/>\n<em>doc. Ing. Lubor Hru\u0161ka, Ph.D.; Ing. Ivana Foldynov\u00e1, Ph.D.; Ing. Radek Fujak; Research Institute ACCENDO &#8211; Center for Science and Research, Ing. Vratislav Dvo\u0159\u00e1k, Ph.D., Faculty of Security Law of the Czech Republic in Prague, Department of Criminal Police<\/em><\/p>\n<p>An article dealing with public procurements highlights the importance and benefits of analytical work in the mentioned problems. It should mainly help investigators who are inexperienced in this kind of crime so they are able to learn potential ways of public procurement crime commission and also to be concentrated on the description of so called risk indicators from the viewpoint of contracting authority\/supplier. These indicators could be for the investigators the very first signals raising their suspicion on illegal acting in awarding public procurement.<br \/>\n<strong>Keywords:\u00a0<\/strong>Public Procurement, Forensic and Tactical Methods, Procurement authorities, Indicators, Corruption.<\/p>\n<hr \/>\n<p><a href=\"https:\/\/veda.polac.cz\/?page_id=2011&amp;lang=en\">Back<\/a><\/p>\n","protected":false},"excerpt":{"rendered":"<p>Resume Detection of Public Procurement Crime doc. Ing. Lubor Hru\u0161ka, Ph.D.; Ing. Ivana Foldynov\u00e1, Ph.D.; Ing. Radek Fujak; Research Institute ACCENDO &#8211; Center for Science and Research, Ing. Vratislav Dvo\u0159\u00e1k, Ph.D., Faculty of Security Law of the Czech Republic in Prague, Department of Criminal Police An article dealing with public procurements highlights the importance and [&hellip;]<\/p>\n","protected":false},"author":2,"featured_media":0,"parent":2011,"menu_order":0,"comment_status":"closed","ping_status":"closed","template":"","meta":{"footnotes":""},"class_list":["post-3510","page","type-page","status-publish","hentry"],"_links":{"self":[{"href":"https:\/\/veda.polac.cz\/index.php?rest_route=\/wp\/v2\/pages\/3510","targetHints":{"allow":["GET"]}}],"collection":[{"href":"https:\/\/veda.polac.cz\/index.php?rest_route=\/wp\/v2\/pages"}],"about":[{"href":"https:\/\/veda.polac.cz\/index.php?rest_route=\/wp\/v2\/types\/page"}],"author":[{"embeddable":true,"href":"https:\/\/veda.polac.cz\/index.php?rest_route=\/wp\/v2\/users\/2"}],"replies":[{"embeddable":true,"href":"https:\/\/veda.polac.cz\/index.php?rest_route=%2Fwp%2Fv2%2Fcomments&post=3510"}],"version-history":[{"count":2,"href":"https:\/\/veda.polac.cz\/index.php?rest_route=\/wp\/v2\/pages\/3510\/revisions"}],"predecessor-version":[{"id":3519,"href":"https:\/\/veda.polac.cz\/index.php?rest_route=\/wp\/v2\/pages\/3510\/revisions\/3519"}],"up":[{"embeddable":true,"href":"https:\/\/veda.polac.cz\/index.php?rest_route=\/wp\/v2\/pages\/2011"}],"wp:attachment":[{"href":"https:\/\/veda.polac.cz\/index.php?rest_route=%2Fwp%2Fv2%2Fmedia&parent=3510"}],"curies":[{"name":"wp","href":"https:\/\/api.w.org\/{rel}","templated":true}]}}