{"id":344,"date":"2018-09-08T13:41:18","date_gmt":"2018-09-08T13:41:18","guid":{"rendered":"http:\/\/veda.polac.cz\/?page_id=344"},"modified":"2018-11-02T23:38:56","modified_gmt":"2018-11-02T23:38:56","slug":"8-2","status":"publish","type":"page","link":"https:\/\/veda.polac.cz\/?page_id=344","title":{"rendered":""},"content":{"rendered":"<p style=\"text-align: center;\">Resum\u00e9 \u010dl\u00e1nku<\/p>\n<p><strong>Evropsk\u00fd vy\u0161et\u0159ovac\u00ed p\u0159\u00edkaz, nov\u00fd unijn\u00ed n\u00e1stroj justi\u010dn\u00ed spolupr\u00e1ce<\/strong><br \/>\n<em>doc. JUDr. Bohumil Pikna, CSc., Metropolitn\u00ed univerzita Praha,<\/em><br \/>\n<em>katedra mezin\u00e1rodn\u00edch vztah\u016f a evropsk\u00fdch studi\u00ed<\/em><\/p>\n<p>Motivem pro zpracov\u00e1n\u00ed tohoto \u010dl\u00e1nku bylo sezn\u00e1men\u00ed zvl\u00e1\u0161t\u011b odborn\u00e9 ve\u0159ejnosti se z\u00e1sadn\u00edmi zm\u011bnami, kter\u00e9 p\u0159in\u00e1\u0161\u00ed do justi\u010dn\u00ed spolupr\u00e1ce ve v\u011bcech trestn\u00edch v r\u00e1mci Evropsk\u00e9 unie nov\u00fd pr\u00e1vn\u00ed instrument evropsk\u00fd vy\u0161et\u0159ovac\u00ed p\u0159\u00edkaz. Za t\u00edmto \u00fa\u010delem byla analyzov\u00e1na p\u0159\u00edslu\u0161n\u00e1 sm\u011brnice \u010d. 2014\/41 z roku 2014 zav\u00e1d\u011bj\u00edc\u00ed tento &#8222;komplexn\u00ed&#8220; instrument pro p\u0159eshrani\u010dn\u00ed spolupr\u00e1ci a z\u00e1rove\u0148 bylo pouk\u00e1z\u00e1no na o\u010dek\u00e1van\u00fd p\u0159\u00ednos evropsk\u00e9ho vy\u0161et\u0159ovac\u00edho p\u0159\u00edkazu pro justi\u010dn\u00ed praxi.<br \/>\n<strong>Kl\u00ed\u010dov\u00e1 slova:<\/strong>\u00a0Evropsk\u00fd vy\u0161et\u0159ovac\u00ed p\u0159\u00edkaz, mezin\u00e1rodn\u00ed spolupr\u00e1ce, vz\u00e1jemn\u00e9 uzn\u00e1v\u00e1n\u00ed, d\u016fkazy, vy\u0161et\u0159ovac\u00ed \u00fakony.\u00a0<em><i><br \/>\n<\/i><\/em><\/p>\n<p><a href=\"https:\/\/veda.polac.cz\/wp-content\/uploads\/2018\/11\/032017Evropsk\u00fd-vy\u0161et\u0159ovac\u00ed-p\u0159\u00edkaz-nov\u00fd-unijn\u00ed-n\u00e1stroj-justi\u010dn\u00ed-spolupr\u00e1ce.pdf\">Pdf form\u00e1t<\/a><\/p>\n<p><a href=\"https:\/\/veda.polac.cz\/?page_id=114\">03\/2017<\/a><\/p>\n","protected":false},"excerpt":{"rendered":"<p>Resum\u00e9 \u010dl\u00e1nku Evropsk\u00fd vy\u0161et\u0159ovac\u00ed p\u0159\u00edkaz, nov\u00fd unijn\u00ed n\u00e1stroj justi\u010dn\u00ed spolupr\u00e1ce doc. JUDr. Bohumil Pikna, CSc., Metropolitn\u00ed univerzita Praha, katedra mezin\u00e1rodn\u00edch vztah\u016f a evropsk\u00fdch studi\u00ed Motivem pro zpracov\u00e1n\u00ed tohoto \u010dl\u00e1nku bylo sezn\u00e1men\u00ed zvl\u00e1\u0161t\u011b odborn\u00e9 ve\u0159ejnosti se z\u00e1sadn\u00edmi zm\u011bnami, kter\u00e9 p\u0159in\u00e1\u0161\u00ed do justi\u010dn\u00ed spolupr\u00e1ce ve v\u011bcech trestn\u00edch v r\u00e1mci Evropsk\u00e9 unie nov\u00fd pr\u00e1vn\u00ed instrument evropsk\u00fd vy\u0161et\u0159ovac\u00ed p\u0159\u00edkaz. [&hellip;]<\/p>\n","protected":false},"author":2,"featured_media":0,"parent":114,"menu_order":8,"comment_status":"closed","ping_status":"closed","template":"","meta":{"footnotes":""},"class_list":["post-344","page","type-page","status-publish","hentry"],"_links":{"self":[{"href":"https:\/\/veda.polac.cz\/index.php?rest_route=\/wp\/v2\/pages\/344","targetHints":{"allow":["GET"]}}],"collection":[{"href":"https:\/\/veda.polac.cz\/index.php?rest_route=\/wp\/v2\/pages"}],"about":[{"href":"https:\/\/veda.polac.cz\/index.php?rest_route=\/wp\/v2\/types\/page"}],"author":[{"embeddable":true,"href":"https:\/\/veda.polac.cz\/index.php?rest_route=\/wp\/v2\/users\/2"}],"replies":[{"embeddable":true,"href":"https:\/\/veda.polac.cz\/index.php?rest_route=%2Fwp%2Fv2%2Fcomments&post=344"}],"version-history":[{"count":4,"href":"https:\/\/veda.polac.cz\/index.php?rest_route=\/wp\/v2\/pages\/344\/revisions"}],"predecessor-version":[{"id":2180,"href":"https:\/\/veda.polac.cz\/index.php?rest_route=\/wp\/v2\/pages\/344\/revisions\/2180"}],"up":[{"embeddable":true,"href":"https:\/\/veda.polac.cz\/index.php?rest_route=\/wp\/v2\/pages\/114"}],"wp:attachment":[{"href":"https:\/\/veda.polac.cz\/index.php?rest_route=%2Fwp%2Fv2%2Fmedia&parent=344"}],"curies":[{"name":"wp","href":"https:\/\/api.w.org\/{rel}","templated":true}]}}