{"id":338,"date":"2018-09-08T13:38:02","date_gmt":"2018-09-08T13:38:02","guid":{"rendered":"http:\/\/veda.polac.cz\/?page_id=338"},"modified":"2018-11-02T23:40:25","modified_gmt":"2018-11-02T23:40:25","slug":"5-2","status":"publish","type":"page","link":"https:\/\/veda.polac.cz\/?page_id=338","title":{"rendered":""},"content":{"rendered":"<p style=\"text-align: center;\">Resum\u00e9 \u010dl\u00e1nku<\/p>\n<p><strong>Tvorba sc\u00e9n\u00e1\u0159e pro p\u0159\u00edpad teroristick\u00e9ho \u00fatoku s vyu\u017eit\u00edm sil a prost\u0159edk\u016f Arm\u00e1dy \u010cesk\u00e9 republiky\u00a0<\/strong><br \/>\n<em>pplk. Ing. Janka Kosecov\u00e1, Ph.D., Ing. Roman Kop\u0159iva, Univerzita obrany v Brn\u011b,<\/em><br \/>\n<em>Centrum bezpe\u010dnostn\u00edch vojenskostrategick\u00fdch studi\u00ed<\/em><\/p>\n<p>Auto\u0159i \u010dl\u00e1nku poukazuj\u00ed na pot\u0159ebu zpracov\u00e1n\u00ed sc\u00e9n\u00e1\u0159\u016f pro vybran\u00e9 typy operac\u00ed, do kter\u00fdch mohou b\u00fdt nasazeny s\u00edly a prost\u0159edky Arm\u00e1dy \u010cR. D\u016fraz byl polo\u017een na sc\u00e9n\u00e1\u0159 proveden\u00e9ho teroristick\u00e9ho \u00fatoku. Pro psan\u00ed sc\u00e9n\u00e1\u0159e byly pou\u017eity a bl\u00ed\u017ee objasn\u011bny vybran\u00e9 analytick\u00e9 metody.<br \/>\nPodrobn\u011b je provedena anal\u00fdza PESTLE, kter\u00e1 podle autor\u016f nemus\u00ed b\u00fdt v souladu s n\u00e1zory odborn\u00e9 komunity. Anal\u00fdza zainteresovan\u00fdch stran je podrobn\u00fdm rozborem skupin, kter\u00e9 mohou hr\u00e1t jakoukoli roli ve spojen\u00ed s \u0159e\u0161en\u00edm n\u00e1sledk\u016f teroristick\u00e9ho \u00fatoku.<br \/>\nZ\u00e1v\u011brem auto\u0159i p\u0159edstavuj\u00ed ur\u010dit\u00e1 zev\u0161eobecn\u011bn\u00e1 doporu\u010den\u00ed, kter\u00e1 je t\u0159eba m\u00edt na mysli p\u0159i zpracov\u00e1n\u00ed konkr\u00e9tn\u00edch specifick\u00fdch sc\u00e9n\u00e1\u0159\u016f s \u00fa\u010dast\u00ed Arm\u00e1dy \u010cR. Vytvo\u0159en\u00e9 budouc\u00ed sc\u00e9n\u00e1\u0159e mohou b\u00fdt ned\u00edlnou sou\u010d\u00e1st\u00ed podklad\u016f pro zpracov\u00e1n\u00ed strategick\u00fdch materi\u00e1l\u016f.<br \/>\n<strong>Kl\u00ed\u010dov\u00e1 slova:<\/strong>\u00a0Sc\u00e9n\u00e1\u0159, terorismus, kl\u00ed\u010dov\u00ed hr\u00e1\u010di, anal\u00fdza PESTLE, hybn\u00e9 s\u00edly.<\/p>\n<p><a href=\"https:\/\/veda.polac.cz\/wp-content\/uploads\/2018\/11\/032017Tvorba-sc\u00e9n\u00e1\u0159e-pro-p\u0159\u00edpad-teroristick\u00e9ho-\u00fatoku-s-vyu\u017eit\u00edm-sil-a-prost\u0159edk\u016f-Arm\u00e1dy-\u010cesk\u00e9-republiky.pdf\">Pdf form\u00e1t<\/a><\/p>\n<p><a href=\"https:\/\/veda.polac.cz\/?page_id=114\">03\/2017<\/a><\/p>\n","protected":false},"excerpt":{"rendered":"<p>Resum\u00e9 \u010dl\u00e1nku Tvorba sc\u00e9n\u00e1\u0159e pro p\u0159\u00edpad teroristick\u00e9ho \u00fatoku s vyu\u017eit\u00edm sil a prost\u0159edk\u016f Arm\u00e1dy \u010cesk\u00e9 republiky\u00a0 pplk. Ing. Janka Kosecov\u00e1, Ph.D., Ing. Roman Kop\u0159iva, Univerzita obrany v Brn\u011b, Centrum bezpe\u010dnostn\u00edch vojenskostrategick\u00fdch studi\u00ed Auto\u0159i \u010dl\u00e1nku poukazuj\u00ed na pot\u0159ebu zpracov\u00e1n\u00ed sc\u00e9n\u00e1\u0159\u016f pro vybran\u00e9 typy operac\u00ed, do kter\u00fdch mohou b\u00fdt nasazeny s\u00edly a prost\u0159edky Arm\u00e1dy \u010cR. D\u016fraz byl [&hellip;]<\/p>\n","protected":false},"author":2,"featured_media":0,"parent":114,"menu_order":5,"comment_status":"closed","ping_status":"closed","template":"","meta":{"footnotes":""},"class_list":["post-338","page","type-page","status-publish","hentry"],"_links":{"self":[{"href":"https:\/\/veda.polac.cz\/index.php?rest_route=\/wp\/v2\/pages\/338","targetHints":{"allow":["GET"]}}],"collection":[{"href":"https:\/\/veda.polac.cz\/index.php?rest_route=\/wp\/v2\/pages"}],"about":[{"href":"https:\/\/veda.polac.cz\/index.php?rest_route=\/wp\/v2\/types\/page"}],"author":[{"embeddable":true,"href":"https:\/\/veda.polac.cz\/index.php?rest_route=\/wp\/v2\/users\/2"}],"replies":[{"embeddable":true,"href":"https:\/\/veda.polac.cz\/index.php?rest_route=%2Fwp%2Fv2%2Fcomments&post=338"}],"version-history":[{"count":4,"href":"https:\/\/veda.polac.cz\/index.php?rest_route=\/wp\/v2\/pages\/338\/revisions"}],"predecessor-version":[{"id":2181,"href":"https:\/\/veda.polac.cz\/index.php?rest_route=\/wp\/v2\/pages\/338\/revisions\/2181"}],"up":[{"embeddable":true,"href":"https:\/\/veda.polac.cz\/index.php?rest_route=\/wp\/v2\/pages\/114"}],"wp:attachment":[{"href":"https:\/\/veda.polac.cz\/index.php?rest_route=%2Fwp%2Fv2%2Fmedia&parent=338"}],"curies":[{"name":"wp","href":"https:\/\/api.w.org\/{rel}","templated":true}]}}