{"id":3367,"date":"2019-04-20T19:12:33","date_gmt":"2019-04-20T19:12:33","guid":{"rendered":"http:\/\/veda.polac.cz\/?page_id=3367"},"modified":"2019-04-20T19:44:50","modified_gmt":"2019-04-20T19:44:50","slug":"1-2","status":"publish","type":"page","link":"https:\/\/veda.polac.cz\/?page_id=3367&lang=en","title":{"rendered":""},"content":{"rendered":"<p style=\"text-align: center;\">Resume<\/p>\n<p><strong>Identification and factorial organisation of threats to the continuity of public administration activities in the Czech Republic<\/strong><br \/>\n<em>Ing. Ond\u0159ej Bos, Police Academy of Czech Republic in Prague, Faculty of Security Management, Department of Crisis Management<\/em><br \/>\n<em>Dr. Zden\u011bk Kova\u0159\u00edk, CSc., Police Academy of Czech Republic in Prague, Department of Science and Research<\/em><\/p>\n<p>The presented paper is focused on the assessment of types of threats regarding the continuity of operations in the governmental organizations in the Czech Republic. Input research data are derived from a research of BCM level, on which participated managers and experts of the Czech governmental organizations, Police of the Czech Republic and Fire Rescue Service of the Czech Republic. The objective of the paper is to verify research hypothesis focused on:<br \/>\na) comparison of research results with the latest results of global threat assessment for securing continuity (BCM Global Horizon Scan),<br \/>\nb) inter-temporal development of assessment of threat perception on a three-year scale and<br \/>\nc) organisation of the 29 types of threats according to their fields of relevance while using quantitative analytical methods &#8211; exploratory factor analysis.<br \/>\n<strong>Keywords:<\/strong>\u00a0Business Continuity Management, governmental administration, governmental organization, exploratory factor analysis.<\/p>\n<hr \/>\n<p><a href=\"https:\/\/veda.polac.cz\/?page_id=1998&amp;lang=en\">Back<\/a><\/p>\n","protected":false},"excerpt":{"rendered":"<p>Resume Identification and factorial organisation of threats to the continuity of public administration activities in the Czech Republic Ing. Ond\u0159ej Bos, Police Academy of Czech Republic in Prague, Faculty of Security Management, Department of Crisis Management Dr. Zden\u011bk Kova\u0159\u00edk, CSc., Police Academy of Czech Republic in Prague, Department of Science and Research The presented paper [&hellip;]<\/p>\n","protected":false},"author":2,"featured_media":0,"parent":1998,"menu_order":0,"comment_status":"closed","ping_status":"closed","template":"","meta":{"footnotes":""},"class_list":["post-3367","page","type-page","status-publish","hentry"],"_links":{"self":[{"href":"https:\/\/veda.polac.cz\/index.php?rest_route=\/wp\/v2\/pages\/3367","targetHints":{"allow":["GET"]}}],"collection":[{"href":"https:\/\/veda.polac.cz\/index.php?rest_route=\/wp\/v2\/pages"}],"about":[{"href":"https:\/\/veda.polac.cz\/index.php?rest_route=\/wp\/v2\/types\/page"}],"author":[{"embeddable":true,"href":"https:\/\/veda.polac.cz\/index.php?rest_route=\/wp\/v2\/users\/2"}],"replies":[{"embeddable":true,"href":"https:\/\/veda.polac.cz\/index.php?rest_route=%2Fwp%2Fv2%2Fcomments&post=3367"}],"version-history":[{"count":2,"href":"https:\/\/veda.polac.cz\/index.php?rest_route=\/wp\/v2\/pages\/3367\/revisions"}],"predecessor-version":[{"id":3406,"href":"https:\/\/veda.polac.cz\/index.php?rest_route=\/wp\/v2\/pages\/3367\/revisions\/3406"}],"up":[{"embeddable":true,"href":"https:\/\/veda.polac.cz\/index.php?rest_route=\/wp\/v2\/pages\/1998"}],"wp:attachment":[{"href":"https:\/\/veda.polac.cz\/index.php?rest_route=%2Fwp%2Fv2%2Fmedia&parent=3367"}],"curies":[{"name":"wp","href":"https:\/\/api.w.org\/{rel}","templated":true}]}}