{"id":335,"date":"2018-09-08T13:36:44","date_gmt":"2018-09-08T13:36:44","guid":{"rendered":"http:\/\/veda.polac.cz\/?page_id=335"},"modified":"2018-11-02T23:37:43","modified_gmt":"2018-11-02T23:37:43","slug":"4-2","status":"publish","type":"page","link":"https:\/\/veda.polac.cz\/?page_id=335","title":{"rendered":""},"content":{"rendered":"<p style=\"text-align: center;\">Resum\u00e9 \u010dl\u00e1nku<\/p>\n<p><strong>Trestnopr\u00e1vna \u00faprava mladistv\u00fdch p\u00e1chate\u013eov z h\u013eadiska pr\u00e1va Eur\u00f3pskej \u00fanie a pr\u00e1vnej \u00fapravy platnej v Slovenskej republike<\/strong><br \/>\n<em>JUDr. Ladislav Bal\u00fan, mjr. JUDr. Daniela Benedekov\u00e1, PhD.,<\/em><br \/>\n<em>Akad\u00e9mia Policajn\u00e9ho zboru v Bratislave, katedra trestn\u00e9ho pr\u00e1va<\/em><\/p>\n<p>\u010cl\u00e1nok sa zaober\u00e1 problematikou pr\u00e1vnej \u00fapravy mladistv\u00fdch p\u00e1chate\u013eov v E\u00da a v Slovenskej republike. Autori rozdelili \u010dl\u00e1nok na dve \u010dasti. V prvej \u010dasti analyzuj\u00fa Smernicu eur\u00f3pskeho parlamentu a Rady (E\u00da) o procesn\u00fdch z\u00e1ruk\u00e1ch pre deti, ktor\u00e9 s\u00fa podozriv\u00fdmi alebo obvinen\u00fdmi osobami v trestnom konan\u00ed. V druhej \u010dasti sa venuj\u00fa pr\u00e1vnej \u00faprave mladistv\u00fdch p\u00e1chate\u013eov v Slovenskej republike.<br \/>\n<strong>K\u013e\u00fa\u010dov\u00e9 slov\u00e1:<\/strong>\u00a0mladistv\u00fd, Smernica eur\u00f3pskeho parlamentu a Rady (E\u00da) o procesn\u00fdch z\u00e1ruk\u00e1ch pre deti, ktor\u00e9 s\u00fa podozriv\u00fdmi alebo obvinen\u00fdmi osobami v trestnom konan\u00ed, Trestn\u00fd z\u00e1kon, Trestn\u00fd poriadok.<\/p>\n<p><a href=\"https:\/\/veda.polac.cz\/wp-content\/uploads\/2018\/11\/032017Trestnopr\u00e1vna-\u00faprava-mladistv\u00fdch-p\u00e1chate\u013eov-z-h\u013eadiska-pr\u00e1va-Eur\u00f3pskej-\u00fanie-a-pr\u00e1vnej-\u00fapravy-platnej-v-Slovenskej-republike.pdf\">Pdf form\u00e1t<\/a><\/p>\n<p><a href=\"https:\/\/veda.polac.cz\/?page_id=114\">03\/2017<\/a><\/p>\n","protected":false},"excerpt":{"rendered":"<p>Resum\u00e9 \u010dl\u00e1nku Trestnopr\u00e1vna \u00faprava mladistv\u00fdch p\u00e1chate\u013eov z h\u013eadiska pr\u00e1va Eur\u00f3pskej \u00fanie a pr\u00e1vnej \u00fapravy platnej v Slovenskej republike JUDr. Ladislav Bal\u00fan, mjr. JUDr. Daniela Benedekov\u00e1, PhD., Akad\u00e9mia Policajn\u00e9ho zboru v Bratislave, katedra trestn\u00e9ho pr\u00e1va \u010cl\u00e1nok sa zaober\u00e1 problematikou pr\u00e1vnej \u00fapravy mladistv\u00fdch p\u00e1chate\u013eov v E\u00da a v Slovenskej republike. Autori rozdelili \u010dl\u00e1nok na dve \u010dasti. V [&hellip;]<\/p>\n","protected":false},"author":2,"featured_media":0,"parent":114,"menu_order":4,"comment_status":"closed","ping_status":"closed","template":"","meta":{"footnotes":""},"class_list":["post-335","page","type-page","status-publish","hentry"],"_links":{"self":[{"href":"https:\/\/veda.polac.cz\/index.php?rest_route=\/wp\/v2\/pages\/335","targetHints":{"allow":["GET"]}}],"collection":[{"href":"https:\/\/veda.polac.cz\/index.php?rest_route=\/wp\/v2\/pages"}],"about":[{"href":"https:\/\/veda.polac.cz\/index.php?rest_route=\/wp\/v2\/types\/page"}],"author":[{"embeddable":true,"href":"https:\/\/veda.polac.cz\/index.php?rest_route=\/wp\/v2\/users\/2"}],"replies":[{"embeddable":true,"href":"https:\/\/veda.polac.cz\/index.php?rest_route=%2Fwp%2Fv2%2Fcomments&post=335"}],"version-history":[{"count":4,"href":"https:\/\/veda.polac.cz\/index.php?rest_route=\/wp\/v2\/pages\/335\/revisions"}],"predecessor-version":[{"id":2177,"href":"https:\/\/veda.polac.cz\/index.php?rest_route=\/wp\/v2\/pages\/335\/revisions\/2177"}],"up":[{"embeddable":true,"href":"https:\/\/veda.polac.cz\/index.php?rest_route=\/wp\/v2\/pages\/114"}],"wp:attachment":[{"href":"https:\/\/veda.polac.cz\/index.php?rest_route=%2Fwp%2Fv2%2Fmedia&parent=335"}],"curies":[{"name":"wp","href":"https:\/\/api.w.org\/{rel}","templated":true}]}}