{"id":333,"date":"2018-09-08T13:34:28","date_gmt":"2018-09-08T13:34:28","guid":{"rendered":"http:\/\/veda.polac.cz\/?page_id=333"},"modified":"2018-11-02T23:37:20","modified_gmt":"2018-11-02T23:37:20","slug":"3-2","status":"publish","type":"page","link":"https:\/\/veda.polac.cz\/?page_id=333","title":{"rendered":""},"content":{"rendered":"<p style=\"text-align: center;\">Resum\u00e9 \u010dl\u00e1nku<\/p>\n<p><strong>Mo\u017enosti rozvoje ochrany kritick\u00e9 infrastruktury v \u010cesk\u00e9 republice<\/strong><br \/>\n<em>PhDr. Petra Skalick\u00e1, Policejn\u00ed akademie \u010cesk\u00e9 republiky v Praze,<\/em><br \/>\n<em>Fakulta bezpe\u010dnostn\u00edho managementu, katedra krizov\u00e9ho \u0159\u00edzen\u00ed<\/em><\/p>\n<p>\u010cl\u00e1nek shrnuje v\u00fdstupy v\u011bdeckov\u00fdzkumn\u00e9 \u010dinnosti autorky, kter\u00e1 se zam\u011b\u0159uje na t\u00e9ma ochrany kritick\u00e9 infrastruktury a mo\u017enosti jej\u00edho rozvoje. Kriticky hodnot\u00ed sou\u010dasn\u00fd stav pojet\u00ed problematiky v \u010cesk\u00e9 republice, seznamuje s c\u00edli a pou\u017eit\u00fdmi metodami v\u011bdeckov\u00fdzkumn\u00e9 \u010dinnosti. Stru\u010dn\u011b komentuje n\u00e1pl\u0148 a zam\u011b\u0159en\u00ed \u010dinnosti a shrnuje z\u00e1sadn\u00ed v\u00fdsledky v\u00fdzkumu a p\u0159\u00ednos pro rozvoj teorie a praxe.<br \/>\n<strong>Kl\u00ed\u010dov\u00e1 slova:<\/strong>\u00a0\u0158\u00edzen\u00ed bezpe\u010dnosti, krizov\u00e9 \u0159\u00edzen\u00ed, ochrana kritick\u00e9 infrastruktury, syst\u00e9mov\u00fd p\u0159\u00edstup, udr\u017eiteln\u00fd rozvoj, spolupr\u00e1ce ve\u0159ejn\u00e9ho a soukrom\u00e9ho sektoru.<\/p>\n<p><a href=\"https:\/\/veda.polac.cz\/wp-content\/uploads\/2018\/11\/032017Mo\u017enosti-rozvoje-ochrany-kritick\u00e9-infrastruktury-v-\u010cesk\u00e9-republice.pdf\">Pdf form\u00e1t<\/a><\/p>\n<p><a href=\"https:\/\/veda.polac.cz\/?page_id=114\">03\/2017<\/a><\/p>\n","protected":false},"excerpt":{"rendered":"<p>Resum\u00e9 \u010dl\u00e1nku Mo\u017enosti rozvoje ochrany kritick\u00e9 infrastruktury v \u010cesk\u00e9 republice PhDr. Petra Skalick\u00e1, Policejn\u00ed akademie \u010cesk\u00e9 republiky v Praze, Fakulta bezpe\u010dnostn\u00edho managementu, katedra krizov\u00e9ho \u0159\u00edzen\u00ed \u010cl\u00e1nek shrnuje v\u00fdstupy v\u011bdeckov\u00fdzkumn\u00e9 \u010dinnosti autorky, kter\u00e1 se zam\u011b\u0159uje na t\u00e9ma ochrany kritick\u00e9 infrastruktury a mo\u017enosti jej\u00edho rozvoje. Kriticky hodnot\u00ed sou\u010dasn\u00fd stav pojet\u00ed problematiky v \u010cesk\u00e9 republice, seznamuje s c\u00edli [&hellip;]<\/p>\n","protected":false},"author":2,"featured_media":0,"parent":114,"menu_order":3,"comment_status":"closed","ping_status":"closed","template":"","meta":{"footnotes":""},"class_list":["post-333","page","type-page","status-publish","hentry"],"_links":{"self":[{"href":"https:\/\/veda.polac.cz\/index.php?rest_route=\/wp\/v2\/pages\/333","targetHints":{"allow":["GET"]}}],"collection":[{"href":"https:\/\/veda.polac.cz\/index.php?rest_route=\/wp\/v2\/pages"}],"about":[{"href":"https:\/\/veda.polac.cz\/index.php?rest_route=\/wp\/v2\/types\/page"}],"author":[{"embeddable":true,"href":"https:\/\/veda.polac.cz\/index.php?rest_route=\/wp\/v2\/users\/2"}],"replies":[{"embeddable":true,"href":"https:\/\/veda.polac.cz\/index.php?rest_route=%2Fwp%2Fv2%2Fcomments&post=333"}],"version-history":[{"count":4,"href":"https:\/\/veda.polac.cz\/index.php?rest_route=\/wp\/v2\/pages\/333\/revisions"}],"predecessor-version":[{"id":2176,"href":"https:\/\/veda.polac.cz\/index.php?rest_route=\/wp\/v2\/pages\/333\/revisions\/2176"}],"up":[{"embeddable":true,"href":"https:\/\/veda.polac.cz\/index.php?rest_route=\/wp\/v2\/pages\/114"}],"wp:attachment":[{"href":"https:\/\/veda.polac.cz\/index.php?rest_route=%2Fwp%2Fv2%2Fmedia&parent=333"}],"curies":[{"name":"wp","href":"https:\/\/api.w.org\/{rel}","templated":true}]}}