{"id":3319,"date":"2019-04-20T15:28:36","date_gmt":"2019-04-20T15:28:36","guid":{"rendered":"http:\/\/veda.polac.cz\/?page_id=3319"},"modified":"2019-04-20T15:32:52","modified_gmt":"2019-04-20T15:32:52","slug":"11-2","status":"publish","type":"page","link":"https:\/\/veda.polac.cz\/?page_id=3319&lang=en","title":{"rendered":""},"content":{"rendered":"<p style=\"text-align: center;\">Resume<\/p>\n<p><strong>V\u00fdstupy z projektu My Life after the Crash<\/strong><br \/>\n<strong>(M\u016fj \u017eivot po nehod\u011b)<\/strong><br \/>\n<em>Mgr. Jana Neusarov\u00e1, Ph.D., Univerzita Jana Amose Komensk\u00e9ho Praha<\/em><br \/>\n<em>Katedra bezpe\u010dnostn\u00edch studi\u00ed a Katedra andragogiky, \u010cesk\u00e9 sdru\u017een\u00ed ob\u011bt\u00ed dopravn\u00edch nehod<\/em><\/p>\n<p>The main aim of the article is to describe the most important results of international European survey with the title &#8222;My Life after the Crash&#8220; from 2016 and thus to approach the seriousness of crashes consequences on lifes of participating people who were hospitalized consequent on crash. The purpose of the article is not to present exact scientific study because the report has an informative character.<br \/>\nThe survey coordinated by Vias Institute and European Federation of Road Traffic Victims showed long-term consequences on lives on participing people in the area of health, psychic, social and economic consequences.<br \/>\nAlmost 80 % of people seriously injured (especially pedestrians) have not fully recovered. It had also an important influence on decrease of their capacity to work, the worse work market applicability and decrease of their social status. More than 54 % seriously injured people stayed at home more than 3 months and 50 % of people seriously injured face a loss of revenue of 200 Euro a month. This is also why the Vision Zero is the permanent safety conception of European Federation of Road Traffic Victims and Vias Institute.<br \/>\nThe article also presents recommendations concerning improvement of post crash response in Europe which the survey showed like the most effective in Denmark.<br \/>\n<strong>Key terms:\u00a0<\/strong>Vias Institute, \u010cesk\u00e9 sdru\u017een\u00ed ob\u011bt\u00ed dopravn\u00edch nehod (The Czech Association of Traffic Accidents Victims), crashes, accidents, European Federation of Road Traffic Victims, crashes consequences, victims of traffic accidents, prevention, Safe System Approach, Vision Zero, affected people.<\/p>\n<hr \/>\n<p><a href=\"https:\/\/veda.polac.cz\/?page_id=3293&amp;lang=en\">Back<\/a><\/p>\n","protected":false},"excerpt":{"rendered":"<p>Resume V\u00fdstupy z projektu My Life after the Crash (M\u016fj \u017eivot po nehod\u011b) Mgr. Jana Neusarov\u00e1, Ph.D., Univerzita Jana Amose Komensk\u00e9ho Praha Katedra bezpe\u010dnostn\u00edch studi\u00ed a Katedra andragogiky, \u010cesk\u00e9 sdru\u017een\u00ed ob\u011bt\u00ed dopravn\u00edch nehod The main aim of the article is to describe the most important results of international European survey with the title &#8222;My Life [&hellip;]<\/p>\n","protected":false},"author":2,"featured_media":0,"parent":3293,"menu_order":0,"comment_status":"closed","ping_status":"closed","template":"","meta":{"footnotes":""},"class_list":["post-3319","page","type-page","status-publish","hentry"],"_links":{"self":[{"href":"https:\/\/veda.polac.cz\/index.php?rest_route=\/wp\/v2\/pages\/3319","targetHints":{"allow":["GET"]}}],"collection":[{"href":"https:\/\/veda.polac.cz\/index.php?rest_route=\/wp\/v2\/pages"}],"about":[{"href":"https:\/\/veda.polac.cz\/index.php?rest_route=\/wp\/v2\/types\/page"}],"author":[{"embeddable":true,"href":"https:\/\/veda.polac.cz\/index.php?rest_route=\/wp\/v2\/users\/2"}],"replies":[{"embeddable":true,"href":"https:\/\/veda.polac.cz\/index.php?rest_route=%2Fwp%2Fv2%2Fcomments&post=3319"}],"version-history":[{"count":2,"href":"https:\/\/veda.polac.cz\/index.php?rest_route=\/wp\/v2\/pages\/3319\/revisions"}],"predecessor-version":[{"id":3329,"href":"https:\/\/veda.polac.cz\/index.php?rest_route=\/wp\/v2\/pages\/3319\/revisions\/3329"}],"up":[{"embeddable":true,"href":"https:\/\/veda.polac.cz\/index.php?rest_route=\/wp\/v2\/pages\/3293"}],"wp:attachment":[{"href":"https:\/\/veda.polac.cz\/index.php?rest_route=%2Fwp%2Fv2%2Fmedia&parent=3319"}],"curies":[{"name":"wp","href":"https:\/\/api.w.org\/{rel}","templated":true}]}}