{"id":3317,"date":"2019-04-20T15:27:45","date_gmt":"2019-04-20T15:27:45","guid":{"rendered":"http:\/\/veda.polac.cz\/?page_id=3317"},"modified":"2019-04-20T15:32:50","modified_gmt":"2019-04-20T15:32:50","slug":"10-2","status":"publish","type":"page","link":"https:\/\/veda.polac.cz\/?page_id=3317&lang=en","title":{"rendered":""},"content":{"rendered":"<p style=\"text-align: center;\">Resume<\/p>\n<p><strong>Development Technical Equipment of the Czech Armed Forces Chemical Corps<\/strong><br \/>\n<em>LTC assoc. prof. pplk. dipl. Eng. Pavel Ot\u0159\u00edsal, Ph.D., MBA, Dipl. Eng. Petr \u017duja, Ph.D.<\/em><br \/>\n<em>University of Defence, Nuclear, Biological and Chemical Defence Institute<\/em><\/p>\n<p>Deployment of the Chemical Corps units comes out from demand of realization of the chemical support and chemical, biological, radiological and nuclear defense and toxic industrial materials in the whole spectrum if military operations. The Czech Armed Forces Chemical Corps is designated for fulfillment of the most complicated tasks coming from a reaction on crisis situation connected with the weapons of mass destruction and toxic industrial materials leakage. The paper deals with the newest technological devices of the decontamination and monitoring of chemical, biological, radiological and nuclear situation which have been established into the armament of the Czech Armed Forces Chemical Corps in the recent time. The Nuclear, biological and Chemical Defence Institute\u00b4s specialists took a part within a process of development, production, testing and establishment.<br \/>\n<strong>Keywords:<\/strong>\u00a0Czech Armed Forces, Chemical Corps, decontamination, monitoring, CBRN, chemical support, reconnaissance.<\/p>\n<hr \/>\n<p><a href=\"https:\/\/veda.polac.cz\/?page_id=3293&amp;lang=en\">Back<\/a><\/p>\n","protected":false},"excerpt":{"rendered":"<p>Resume Development Technical Equipment of the Czech Armed Forces Chemical Corps LTC assoc. prof. pplk. dipl. Eng. Pavel Ot\u0159\u00edsal, Ph.D., MBA, Dipl. Eng. Petr \u017duja, Ph.D. University of Defence, Nuclear, Biological and Chemical Defence Institute Deployment of the Chemical Corps units comes out from demand of realization of the chemical support and chemical, biological, radiological [&hellip;]<\/p>\n","protected":false},"author":2,"featured_media":0,"parent":3293,"menu_order":0,"comment_status":"closed","ping_status":"closed","template":"","meta":{"footnotes":""},"class_list":["post-3317","page","type-page","status-publish","hentry"],"_links":{"self":[{"href":"https:\/\/veda.polac.cz\/index.php?rest_route=\/wp\/v2\/pages\/3317","targetHints":{"allow":["GET"]}}],"collection":[{"href":"https:\/\/veda.polac.cz\/index.php?rest_route=\/wp\/v2\/pages"}],"about":[{"href":"https:\/\/veda.polac.cz\/index.php?rest_route=\/wp\/v2\/types\/page"}],"author":[{"embeddable":true,"href":"https:\/\/veda.polac.cz\/index.php?rest_route=\/wp\/v2\/users\/2"}],"replies":[{"embeddable":true,"href":"https:\/\/veda.polac.cz\/index.php?rest_route=%2Fwp%2Fv2%2Fcomments&post=3317"}],"version-history":[{"count":2,"href":"https:\/\/veda.polac.cz\/index.php?rest_route=\/wp\/v2\/pages\/3317\/revisions"}],"predecessor-version":[{"id":3328,"href":"https:\/\/veda.polac.cz\/index.php?rest_route=\/wp\/v2\/pages\/3317\/revisions\/3328"}],"up":[{"embeddable":true,"href":"https:\/\/veda.polac.cz\/index.php?rest_route=\/wp\/v2\/pages\/3293"}],"wp:attachment":[{"href":"https:\/\/veda.polac.cz\/index.php?rest_route=%2Fwp%2Fv2%2Fmedia&parent=3317"}],"curies":[{"name":"wp","href":"https:\/\/api.w.org\/{rel}","templated":true}]}}