{"id":330,"date":"2018-09-08T13:32:29","date_gmt":"2018-09-08T13:32:29","guid":{"rendered":"http:\/\/veda.polac.cz\/?page_id=330"},"modified":"2018-11-02T23:36:55","modified_gmt":"2018-11-02T23:36:55","slug":"2-2-2","status":"publish","type":"page","link":"https:\/\/veda.polac.cz\/?page_id=330","title":{"rendered":""},"content":{"rendered":"<p style=\"text-align: center;\">Resum\u00e9 \u010dl\u00e1nku<\/p>\n<p><strong>Elektronick\u00fd monitoring do budoucna &#8211; vybran\u00e9 poznatky z ankety mezi soudci a st\u00e1tn\u00edmi z\u00e1stupci\u00a0<\/strong><br \/>\n<em>JUDr. Simona Dibl\u00edkov\u00e1, Institut pro kriminologii a soci\u00e1ln\u00ed prevenci<\/em><\/p>\n<p>\u010cl\u00e1nek prezentuje vybran\u00e9 v\u00fdstupy z ankety uskute\u010dn\u011bn\u00e9 mezi soudci a st\u00e1tn\u00edmi z\u00e1stupci k mo\u017en\u00e9mu budouc\u00edmu roz\u0161\u00ed\u0159en\u00ed vyu\u017eit\u00ed elektronick\u00e9ho kontroln\u00edho syst\u00e9mu v r\u00e1mci trestn\u00ed justice. P\u0159edstaveny jsou ty nejv\u00edce preferovan\u00e9 instituty a rovn\u011b\u017e argumenty respondent\u016f pro i proti.<br \/>\n<strong>Kl\u00ed\u010dov\u00e1 slova:<\/strong>\u00a0Elektronick\u00fd monitoring &#8211; roz\u0161\u00ed\u0159en\u00ed uplatn\u011bn\u00ed, n\u00e1zory odborn\u00edk\u016f z praxe, p\u0159edb\u011b\u017en\u00e1 opat\u0159en\u00ed, trestn\u00ed justice.<\/p>\n<p><a href=\"https:\/\/veda.polac.cz\/wp-content\/uploads\/2018\/11\/032017Elektronick\u00fd-monitoring-do-budoucna-\u2013-vybran\u00e9-poznatky-z-ankety-mezi-soudci-a-st\u00e1tn\u00edmi-z\u00e1stupci.pdf\">Pdf form\u00e1t<\/a><\/p>\n<p><a href=\"https:\/\/veda.polac.cz\/?page_id=114\">03\/2017<\/a><\/p>\n","protected":false},"excerpt":{"rendered":"<p>Resum\u00e9 \u010dl\u00e1nku Elektronick\u00fd monitoring do budoucna &#8211; vybran\u00e9 poznatky z ankety mezi soudci a st\u00e1tn\u00edmi z\u00e1stupci\u00a0 JUDr. Simona Dibl\u00edkov\u00e1, Institut pro kriminologii a soci\u00e1ln\u00ed prevenci \u010cl\u00e1nek prezentuje vybran\u00e9 v\u00fdstupy z ankety uskute\u010dn\u011bn\u00e9 mezi soudci a st\u00e1tn\u00edmi z\u00e1stupci k mo\u017en\u00e9mu budouc\u00edmu roz\u0161\u00ed\u0159en\u00ed vyu\u017eit\u00ed elektronick\u00e9ho kontroln\u00edho syst\u00e9mu v r\u00e1mci trestn\u00ed justice. P\u0159edstaveny jsou ty nejv\u00edce preferovan\u00e9 instituty [&hellip;]<\/p>\n","protected":false},"author":2,"featured_media":0,"parent":114,"menu_order":2,"comment_status":"closed","ping_status":"closed","template":"","meta":{"footnotes":""},"class_list":["post-330","page","type-page","status-publish","hentry"],"_links":{"self":[{"href":"https:\/\/veda.polac.cz\/index.php?rest_route=\/wp\/v2\/pages\/330","targetHints":{"allow":["GET"]}}],"collection":[{"href":"https:\/\/veda.polac.cz\/index.php?rest_route=\/wp\/v2\/pages"}],"about":[{"href":"https:\/\/veda.polac.cz\/index.php?rest_route=\/wp\/v2\/types\/page"}],"author":[{"embeddable":true,"href":"https:\/\/veda.polac.cz\/index.php?rest_route=\/wp\/v2\/users\/2"}],"replies":[{"embeddable":true,"href":"https:\/\/veda.polac.cz\/index.php?rest_route=%2Fwp%2Fv2%2Fcomments&post=330"}],"version-history":[{"count":4,"href":"https:\/\/veda.polac.cz\/index.php?rest_route=\/wp\/v2\/pages\/330\/revisions"}],"predecessor-version":[{"id":2175,"href":"https:\/\/veda.polac.cz\/index.php?rest_route=\/wp\/v2\/pages\/330\/revisions\/2175"}],"up":[{"embeddable":true,"href":"https:\/\/veda.polac.cz\/index.php?rest_route=\/wp\/v2\/pages\/114"}],"wp:attachment":[{"href":"https:\/\/veda.polac.cz\/index.php?rest_route=%2Fwp%2Fv2%2Fmedia&parent=330"}],"curies":[{"name":"wp","href":"https:\/\/api.w.org\/{rel}","templated":true}]}}