{"id":3295,"date":"2019-04-20T15:15:15","date_gmt":"2019-04-20T15:15:15","guid":{"rendered":"http:\/\/veda.polac.cz\/?page_id=3295"},"modified":"2019-04-25T01:59:09","modified_gmt":"2019-04-25T01:59:09","slug":"03-2018","status":"publish","type":"page","link":"https:\/\/veda.polac.cz\/?page_id=3295&lang=en","title":{"rendered":"03\/2018"},"content":{"rendered":"<p><strong><a href=\"https:\/\/veda.polac.cz\/?page_id=3337&amp;lang=en\">Implementation of Police Operations in the Forms of Criminal Police Notice<\/a><\/strong><br \/>\nprof. Ing. Miroslav Liso\u0148, PhD., JUDr. Adri\u00e1n Va\u0161ko, Academy of the Police Corps in Bratislava, Department of Criminal Police<\/p>\n<p><a href=\"https:\/\/veda.polac.cz\/wp-content\/uploads\/2019\/04\/032018_Realiz\u00e1cia-policajn\u00fdch-oper\u00e1ci\u00ed-kopie.pdf\">Download in czech language (pdf format)<\/a><\/p>\n<hr \/>\n<p><a href=\"https:\/\/veda.polac.cz\/?page_id=3339&amp;lang=en\"><strong>The Influence of Particular Factors on the Assessment of Business Continuity Management Level Within Public Administration Agencies in the Czech Republic<\/strong><\/a><br \/>\nIng. Ond\u0159ej Bos, Police Academy of Czech Republic in Prague, Faculty of Security Management, Department of Crisis Management<br \/>\nDr. Zden\u011bk Kova\u0159\u00edk, CSc., Police Academy of Czech Republic in Prague, Department of Science and Research<\/p>\n<p><a href=\"https:\/\/veda.polac.cz\/wp-content\/uploads\/2019\/04\/032018_Vliv-vybran\u00fdch-faktor\u016f-na-posuzov\u00e1n\u00ed-\u00farovn\u011b-\u0159\u00edzen\u00ed-kontinuity-1.pdf\">Download in czech language (pdf format)<\/a><\/p>\n<hr \/>\n<p><a href=\"https:\/\/veda.polac.cz\/?page_id=3341&amp;lang=en\"><strong>Assessment of Factor Sructure of Security Threats to the Slovak Republic and its Comparison with the Czech Republic<\/strong><\/a><br \/>\nMgr. Lenka Jakubcov\u00e1, Ph.D., Police Academy of Czech Republic in Prague, Faculty of Security Management, Department of Crisis Management<br \/>\nDr. Zden\u011bk Kova\u0159\u00edk, CSc., Police Academy of Czech Republic in Prague, Department of Science and Research<br \/>\ndoc. Dr. Mgr. Vladim\u00edr Bla\u017eek, CSc., Academy of the Police Corps in Bratislava Department of Public Administration and Crisis Management<\/p>\n<p><a href=\"https:\/\/veda.polac.cz\/wp-content\/uploads\/2019\/04\/032018_Odhad-faktorov\u00e9-skladby-bezpe\u010dnostn\u00edch-hrozeb-kopie.pdf\">Download in czech language (pdf format)<\/a><\/p>\n<hr \/>\n<p><a href=\"https:\/\/veda.polac.cz\/?page_id=3343&amp;lang=en\"><strong>Professional Profile of Chief Officers of the Police of the Czech Republic<\/strong><\/a><br \/>\nkpt. PhDr. Luk\u00e1\u0161 Miklas, Police Academy of Czech Republic in Prague, Faculty of Security and Law, Department of Criminal Law<br \/>\nDr. Zden\u011bk Kova\u0159\u00edk, CSc., Police Academy of Czech Republic in Prague, Department of Science and Research<\/p>\n<p><a href=\"https:\/\/veda.polac.cz\/wp-content\/uploads\/2019\/04\/032018_Profesn\u00ed-profil-vedouc\u00edch-p\u0159\u00edslu\u0161n\u00edk\u016f-Policie-kopie.pdf\">Download in czech language (pdf format)<\/a><\/p>\n<hr \/>\n<p><a href=\"https:\/\/veda.polac.cz\/?page_id=3345&amp;lang=en\"><strong>Current Trends and new Techniques Used in Spear Phishing Campaigns<\/strong><\/a><br \/>\nIng. Vladim\u00edr \u0160ulc, Ph.D., Police Academy of Czech Republic in Prague, Faculty of Security Management, Department of Management and Informatics<\/p>\n<p><a href=\"https:\/\/veda.polac.cz\/wp-content\/uploads\/2019\/04\/032018_Aktu\u00e1ln\u00ed-trendy-a-nov\u00e9-techniky-pou\u017e\u00edvan\u00e9-v-r\u00e1mci-spear-phishing-kampan\u00ed-kopie.pdf\">Download in czech language (pdf format)<\/a><\/p>\n<hr \/>\n<p><a href=\"https:\/\/veda.polac.cz\/?page_id=3347&amp;lang=en\"><strong>Some Criminological Aspects of Police Crime<\/strong><\/a><br \/>\nkpt. Mgr. et Mgr. Diana Santusov\u00e1, Ministry of the Interior of the Slovak Republic, Inspection and Inspection Section of the Ministry of Interior, Inspection Service, West Inspection Service, Bratislava<br \/>\nmjr. doc. PhDr. Ing. Krist\u00edna Kr\u00e1likov\u00e1, PhD., MBA, Academy of the Police Corps in Bratislava, Department of Administrative Law<\/p>\n<p><a href=\"https:\/\/veda.polac.cz\/wp-content\/uploads\/2019\/04\/032018_Niektor\u00e9-kriminologick\u00e9-aspekty-trestnej-\u010dinnosti-policajtov-kopie.pdf\">Download in czech language (pdf format)<\/a><\/p>\n<hr \/>\n<p><a href=\"https:\/\/veda.polac.cz\/?page_id=3349&amp;lang=en\"><strong>Current Cyberthreats and Corresponding Legal Framework in European Union and Canada<\/strong><\/a><br \/>\nMgr. et Mgr. Eli\u0161ka Jon\u00e1\u0161ov\u00e1, Charles University Faculty of Law<\/p>\n<p><a href=\"https:\/\/veda.polac.cz\/wp-content\/uploads\/2019\/04\/032018_Aktu\u00e1ln\u00ed-kybernetick\u00e9-hrozby-a-odpov\u00eddaj\u00edc\u00ed-pr\u00e1vn\u00ed-\u00faprava-v-Evropsk\u00e9-unii-a-v-Kanad\u011b-1.pdf\">Download in czech language (pdf format)<\/a><\/p>\n<hr \/>\n<p><strong>&#8222;Reichsb\u00fcrger&#8220;: a Legal, Administrative and Security Issue in Germany<\/strong><br \/>\nMgr. Luk\u00e1\u0161 Novotn\u00fd, M. A., Dr. phil., Jan Evangelista Purkyn\u011b University in \u00dast\u00ed nad Labem, Faculty of Arts, Department of Political Science and Philosophy<\/p>\n<p><a href=\"https:\/\/veda.polac.cz\/wp-content\/uploads\/2019\/04\/032018_\u0158\u00ed\u0161\u0161t\u00ed-ob\u010dan\u00e9-pr\u00e1vn\u00ed-spr\u00e1vn\u00ed-a-bezpe\u010dnostn\u00ed-probl\u00e9m-v-N\u011bmecku-1.pdf\">Download in czech language (pdf format)<\/a><\/p>\n<hr \/>\n<p><strong>International conference &#8222;Recruitment to the police in the perspective of change&#8220;<\/strong><br \/>\nMgr. Franti\u0161ek H\u0159eb\u00edk, Ph.D., Police Academy of Czech Republic in Prague,<br \/>\nVice-Rector for External Relations<br \/>\nMgr. Old\u0159ich Krul\u00edk, Ph.D., Police Academy of Czech Republic in Prague, Faculty of Security Management, Vice-Dean for Science and Research<\/p>\n<p><a href=\"https:\/\/veda.polac.cz\/wp-content\/uploads\/2019\/04\/032018_Mezin\u00e1rodn\u00ed-konference-N\u00e1bor-k-policii-v-perspektiv\u011b-zm\u011bn-kopie.pdf\">Download in czech language (pdf format)<\/a><\/p>\n<hr \/>\n<p><a href=\"https:\/\/veda.polac.cz\/?page_id=1985&amp;lang=en\">Back<\/a><\/p>\n","protected":false},"excerpt":{"rendered":"<p>Implementation of Police Operations in the Forms of Criminal Police Notice prof. Ing. Miroslav Liso\u0148, PhD., JUDr. Adri\u00e1n Va\u0161ko, Academy of the Police Corps in Bratislava, Department of Criminal Police Download in czech language (pdf format) The Influence of Particular Factors on the Assessment of Business Continuity Management Level Within Public Administration Agencies in the [&hellip;]<\/p>\n","protected":false},"author":2,"featured_media":0,"parent":1985,"menu_order":0,"comment_status":"closed","ping_status":"closed","template":"","meta":{"footnotes":""},"class_list":["post-3295","page","type-page","status-publish","hentry"],"_links":{"self":[{"href":"https:\/\/veda.polac.cz\/index.php?rest_route=\/wp\/v2\/pages\/3295","targetHints":{"allow":["GET"]}}],"collection":[{"href":"https:\/\/veda.polac.cz\/index.php?rest_route=\/wp\/v2\/pages"}],"about":[{"href":"https:\/\/veda.polac.cz\/index.php?rest_route=\/wp\/v2\/types\/page"}],"author":[{"embeddable":true,"href":"https:\/\/veda.polac.cz\/index.php?rest_route=\/wp\/v2\/users\/2"}],"replies":[{"embeddable":true,"href":"https:\/\/veda.polac.cz\/index.php?rest_route=%2Fwp%2Fv2%2Fcomments&post=3295"}],"version-history":[{"count":8,"href":"https:\/\/veda.polac.cz\/index.php?rest_route=\/wp\/v2\/pages\/3295\/revisions"}],"predecessor-version":[{"id":5307,"href":"https:\/\/veda.polac.cz\/index.php?rest_route=\/wp\/v2\/pages\/3295\/revisions\/5307"}],"up":[{"embeddable":true,"href":"https:\/\/veda.polac.cz\/index.php?rest_route=\/wp\/v2\/pages\/1985"}],"wp:attachment":[{"href":"https:\/\/veda.polac.cz\/index.php?rest_route=%2Fwp%2Fv2%2Fmedia&parent=3295"}],"curies":[{"name":"wp","href":"https:\/\/api.w.org\/{rel}","templated":true}]}}