{"id":327,"date":"2018-09-08T13:31:05","date_gmt":"2018-09-08T13:31:05","guid":{"rendered":"http:\/\/veda.polac.cz\/?page_id=327"},"modified":"2018-11-02T23:36:30","modified_gmt":"2018-11-02T23:36:30","slug":"1-2","status":"publish","type":"page","link":"https:\/\/veda.polac.cz\/?page_id=327","title":{"rendered":""},"content":{"rendered":"<p style=\"text-align: center;\">Resum\u00e9 \u010dl\u00e1nku<\/p>\n<p><strong>Grafick\u00e1 extremistick\u00e1 symbolika na ve\u0159ejn\u00e9m prostranstv\u00ed\u00a0<\/strong><br \/>\n<em>pplk. PhDr. Barbora Vegrichtov\u00e1, Ph.D., MBA, Policejn\u00ed akademie \u010cesk\u00e9 republiky v Praze,<\/em><br \/>\n<em>Fakulta bezpe\u010dnostn\u011b pr\u00e1vn\u00ed, katedra krimin\u00e1ln\u00ed policie<\/em><\/p>\n<p>\u010cl\u00e1nek p\u0159edstavuje d\u00edl\u010d\u00ed v\u00fdzkumn\u00fd projekt zam\u011b\u0159en\u00fd na problematiku grafick\u00e9 extremistick\u00e9 propagandy a symbol\u016f \u0161\u00ed\u0159en\u00fdch extremisty na ve\u0159ejn\u00fdch prostranstv\u00edch. Text v \u00favodu vymezuje funkce extremistick\u00e9 symboliky v obecn\u00e9 rovin\u011b a pot\u00e9 jednotliv\u00e9 kategorie symbol\u016f, vyskytuj\u00edc\u00edch se v ulic\u00edch \u010desk\u00fdch m\u011bst. N\u00e1zorn\u00e9 p\u0159\u00edklady demonstruj\u00ed jednotliv\u00e9 atributy extremistick\u00e9 sc\u00e9ny v kontextu aktu\u00e1ln\u00edch politick\u00fdch a spole\u010densk\u00fdch t\u00e9mat a hrozeb. Autorka v textu zd\u016fraz\u0148uje v\u00fdznam znalosti v\u00fdznamu extremistick\u00e9 symboliky a propagandy z hlediska preventivn\u00edch a bezpe\u010dnostn\u00edch opat\u0159en\u00ed.<br \/>\n<strong>Kl\u00ed\u010dov\u00e1 slova:\u00a0<\/strong>extremismus, extremistick\u00fd projev, grafick\u00e1 symbolika, propaganda, ve\u0159ejn\u00e9 prostranstv\u00ed.<\/p>\n<p><a href=\"https:\/\/veda.polac.cz\/wp-content\/uploads\/2018\/11\/032017Grafick\u00e1-extremistick\u00e1-symbolika-na-ve\u0159ejn\u00e9m-prostranstv\u00ed1.pdf\">Pdf form\u00e1t<\/a><\/p>\n<p><a href=\"https:\/\/veda.polac.cz\/?page_id=114\">03\/2017<\/a><\/p>\n","protected":false},"excerpt":{"rendered":"<p>Resum\u00e9 \u010dl\u00e1nku Grafick\u00e1 extremistick\u00e1 symbolika na ve\u0159ejn\u00e9m prostranstv\u00ed\u00a0 pplk. PhDr. Barbora Vegrichtov\u00e1, Ph.D., MBA, Policejn\u00ed akademie \u010cesk\u00e9 republiky v Praze, Fakulta bezpe\u010dnostn\u011b pr\u00e1vn\u00ed, katedra krimin\u00e1ln\u00ed policie \u010cl\u00e1nek p\u0159edstavuje d\u00edl\u010d\u00ed v\u00fdzkumn\u00fd projekt zam\u011b\u0159en\u00fd na problematiku grafick\u00e9 extremistick\u00e9 propagandy a symbol\u016f \u0161\u00ed\u0159en\u00fdch extremisty na ve\u0159ejn\u00fdch prostranstv\u00edch. Text v \u00favodu vymezuje funkce extremistick\u00e9 symboliky v obecn\u00e9 rovin\u011b a [&hellip;]<\/p>\n","protected":false},"author":2,"featured_media":0,"parent":114,"menu_order":1,"comment_status":"closed","ping_status":"closed","template":"","meta":{"footnotes":""},"class_list":["post-327","page","type-page","status-publish","hentry"],"_links":{"self":[{"href":"https:\/\/veda.polac.cz\/index.php?rest_route=\/wp\/v2\/pages\/327","targetHints":{"allow":["GET"]}}],"collection":[{"href":"https:\/\/veda.polac.cz\/index.php?rest_route=\/wp\/v2\/pages"}],"about":[{"href":"https:\/\/veda.polac.cz\/index.php?rest_route=\/wp\/v2\/types\/page"}],"author":[{"embeddable":true,"href":"https:\/\/veda.polac.cz\/index.php?rest_route=\/wp\/v2\/users\/2"}],"replies":[{"embeddable":true,"href":"https:\/\/veda.polac.cz\/index.php?rest_route=%2Fwp%2Fv2%2Fcomments&post=327"}],"version-history":[{"count":4,"href":"https:\/\/veda.polac.cz\/index.php?rest_route=\/wp\/v2\/pages\/327\/revisions"}],"predecessor-version":[{"id":2174,"href":"https:\/\/veda.polac.cz\/index.php?rest_route=\/wp\/v2\/pages\/327\/revisions\/2174"}],"up":[{"embeddable":true,"href":"https:\/\/veda.polac.cz\/index.php?rest_route=\/wp\/v2\/pages\/114"}],"wp:attachment":[{"href":"https:\/\/veda.polac.cz\/index.php?rest_route=%2Fwp%2Fv2%2Fmedia&parent=327"}],"curies":[{"name":"wp","href":"https:\/\/api.w.org\/{rel}","templated":true}]}}