{"id":3266,"date":"2019-04-20T13:16:21","date_gmt":"2019-04-20T13:16:21","guid":{"rendered":"http:\/\/veda.polac.cz\/?page_id=3266"},"modified":"2019-04-20T13:28:32","modified_gmt":"2019-04-20T13:28:32","slug":"17-2","status":"publish","type":"page","link":"https:\/\/veda.polac.cz\/?page_id=3266","title":{"rendered":""},"content":{"rendered":"<p style=\"text-align: center;\">Resum\u00e9 \u010dl\u00e1nku<\/p>\n<p style=\"font-weight: 400;\"><strong>Vnit\u0159n\u00ed a vn\u011bj\u0161\u00ed kontrola policie \u2013 \u010dtvrt\u00fd pil\u00ed\u0159 policejn\u00ed reformy<br \/>\n<\/strong><em>pplk. JUDr. Josef Hrudka, pplk. JUDr. Martin Bohman<\/em><\/p>\n<p style=\"font-weight: 400;\">Auto\u0159i v\u00a0tomto p\u0159\u00edsp\u011bvku, za vyu\u017eit\u00ed dostupn\u00fdch materi\u00e1l\u016f k\u00a0navrhovan\u00e9mu z\u00e1konu o Policii \u010cR, zprost\u0159edkov\u00e1vaj\u00ed vhled do zam\u00fd\u0161len\u00e9 \u00fapravy syst\u00e9mu vnit\u0159n\u00ed a\u00a0vn\u011bj\u0161\u00ed kontroly policie.<br \/>\nKl\u00ed\u010dov\u00e1 slova: ob\u010dansk\u00e1 kontrola policie, vnit\u0159n\u00ed kontrola policie, vn\u011bj\u0161\u00ed kontrola policie, nez\u00e1vislost.<\/p>\n<hr \/>\n<p><a href=\"https:\/\/veda.polac.cz\/?page_id=1651\">Zp\u011bt<\/a><\/p>\n","protected":false},"excerpt":{"rendered":"<p>Resum\u00e9 \u010dl\u00e1nku Vnit\u0159n\u00ed a vn\u011bj\u0161\u00ed kontrola policie \u2013 \u010dtvrt\u00fd pil\u00ed\u0159 policejn\u00ed reformy pplk. JUDr. Josef Hrudka, pplk. JUDr. Martin Bohman Auto\u0159i v\u00a0tomto p\u0159\u00edsp\u011bvku, za vyu\u017eit\u00ed dostupn\u00fdch materi\u00e1l\u016f k\u00a0navrhovan\u00e9mu z\u00e1konu o Policii \u010cR, zprost\u0159edkov\u00e1vaj\u00ed vhled do zam\u00fd\u0161len\u00e9 \u00fapravy syst\u00e9mu vnit\u0159n\u00ed a\u00a0vn\u011bj\u0161\u00ed kontroly policie. Kl\u00ed\u010dov\u00e1 slova: ob\u010dansk\u00e1 kontrola policie, vnit\u0159n\u00ed kontrola policie, vn\u011bj\u0161\u00ed kontrola policie, nez\u00e1vislost. Zp\u011bt<\/p>\n","protected":false},"author":2,"featured_media":0,"parent":1651,"menu_order":0,"comment_status":"closed","ping_status":"closed","template":"","meta":{"footnotes":""},"class_list":["post-3266","page","type-page","status-publish","hentry"],"_links":{"self":[{"href":"https:\/\/veda.polac.cz\/index.php?rest_route=\/wp\/v2\/pages\/3266","targetHints":{"allow":["GET"]}}],"collection":[{"href":"https:\/\/veda.polac.cz\/index.php?rest_route=\/wp\/v2\/pages"}],"about":[{"href":"https:\/\/veda.polac.cz\/index.php?rest_route=\/wp\/v2\/types\/page"}],"author":[{"embeddable":true,"href":"https:\/\/veda.polac.cz\/index.php?rest_route=\/wp\/v2\/users\/2"}],"replies":[{"embeddable":true,"href":"https:\/\/veda.polac.cz\/index.php?rest_route=%2Fwp%2Fv2%2Fcomments&post=3266"}],"version-history":[{"count":2,"href":"https:\/\/veda.polac.cz\/index.php?rest_route=\/wp\/v2\/pages\/3266\/revisions"}],"predecessor-version":[{"id":3281,"href":"https:\/\/veda.polac.cz\/index.php?rest_route=\/wp\/v2\/pages\/3266\/revisions\/3281"}],"up":[{"embeddable":true,"href":"https:\/\/veda.polac.cz\/index.php?rest_route=\/wp\/v2\/pages\/1651"}],"wp:attachment":[{"href":"https:\/\/veda.polac.cz\/index.php?rest_route=%2Fwp%2Fv2%2Fmedia&parent=3266"}],"curies":[{"name":"wp","href":"https:\/\/api.w.org\/{rel}","templated":true}]}}