{"id":3264,"date":"2019-04-20T13:14:57","date_gmt":"2019-04-20T13:14:57","guid":{"rendered":"http:\/\/veda.polac.cz\/?page_id=3264"},"modified":"2019-04-20T13:28:27","modified_gmt":"2019-04-20T13:28:27","slug":"16-2","status":"publish","type":"page","link":"https:\/\/veda.polac.cz\/?page_id=3264","title":{"rendered":""},"content":{"rendered":"<p style=\"text-align: center;\">Resum\u00e9 \u010dl\u00e1nku<\/p>\n<p style=\"font-weight: 400;\"><strong>Alkohol na\u00a0 hromadn\u00fdch akc\u00edch<br \/>\n<\/strong><em>pplk. Mgr. David Z\u00e1mek,\u00a0 pplk. Mgr. Marek Bla\u017eejovsk\u00fd<\/em><\/p>\n<p style=\"font-weight: 400;\">\u010cl\u00e1nek je d\u00edl\u010d\u00edm v\u00fdstupem z\u00a0v\u00fdzkumn\u00e9ho \u00fakolu \u00dastavu policejn\u011b bezpe\u010d-nostn\u00edch studi\u00ed, Policejn\u00ed akademie \u010cR v\u00a0Praze \u201eTeoretick\u00e9 ot\u00e1zky bezpe\u010dnostn\u00edho v\u00fdzkumu k\u00a0syst\u00e9mu ochrany vnit\u0159n\u00ed bezpe\u010dnosti st\u00e1tu\u201c a sice d\u00edl\u010d\u00edho projektu pod n\u00e1zvem \u201eHromadn\u00e9 akce\u201c Kl\u00ed\u010dov\u00e1 slova: policie, hromadn\u00e9 akce, zak\u00e1zan\u00e9 n\u00e1vykov\u00e9 l\u00e1tky, ve\u0159ejn\u00fd po\u0159\u00e1dek.<br \/>\nKl\u00ed\u010dov\u00e1 slova: Policie, hromadn\u00e9 akce, alkohol, ve\u0159ejn\u00fd po\u0159\u00e1dek.<\/p>\n<hr \/>\n<p style=\"font-weight: 400;\"><a href=\"https:\/\/veda.polac.cz\/?page_id=1651\">Zp\u011bt<\/a><\/p>\n","protected":false},"excerpt":{"rendered":"<p>Resum\u00e9 \u010dl\u00e1nku Alkohol na\u00a0 hromadn\u00fdch akc\u00edch pplk. Mgr. David Z\u00e1mek,\u00a0 pplk. Mgr. Marek Bla\u017eejovsk\u00fd \u010cl\u00e1nek je d\u00edl\u010d\u00edm v\u00fdstupem z\u00a0v\u00fdzkumn\u00e9ho \u00fakolu \u00dastavu policejn\u011b bezpe\u010d-nostn\u00edch studi\u00ed, Policejn\u00ed akademie \u010cR v\u00a0Praze \u201eTeoretick\u00e9 ot\u00e1zky bezpe\u010dnostn\u00edho v\u00fdzkumu k\u00a0syst\u00e9mu ochrany vnit\u0159n\u00ed bezpe\u010dnosti st\u00e1tu\u201c a sice d\u00edl\u010d\u00edho projektu pod n\u00e1zvem \u201eHromadn\u00e9 akce\u201c Kl\u00ed\u010dov\u00e1 slova: policie, hromadn\u00e9 akce, zak\u00e1zan\u00e9 n\u00e1vykov\u00e9 l\u00e1tky, ve\u0159ejn\u00fd po\u0159\u00e1dek. [&hellip;]<\/p>\n","protected":false},"author":2,"featured_media":0,"parent":1651,"menu_order":0,"comment_status":"closed","ping_status":"closed","template":"","meta":{"footnotes":""},"class_list":["post-3264","page","type-page","status-publish","hentry"],"_links":{"self":[{"href":"https:\/\/veda.polac.cz\/index.php?rest_route=\/wp\/v2\/pages\/3264","targetHints":{"allow":["GET"]}}],"collection":[{"href":"https:\/\/veda.polac.cz\/index.php?rest_route=\/wp\/v2\/pages"}],"about":[{"href":"https:\/\/veda.polac.cz\/index.php?rest_route=\/wp\/v2\/types\/page"}],"author":[{"embeddable":true,"href":"https:\/\/veda.polac.cz\/index.php?rest_route=\/wp\/v2\/users\/2"}],"replies":[{"embeddable":true,"href":"https:\/\/veda.polac.cz\/index.php?rest_route=%2Fwp%2Fv2%2Fcomments&post=3264"}],"version-history":[{"count":2,"href":"https:\/\/veda.polac.cz\/index.php?rest_route=\/wp\/v2\/pages\/3264\/revisions"}],"predecessor-version":[{"id":3280,"href":"https:\/\/veda.polac.cz\/index.php?rest_route=\/wp\/v2\/pages\/3264\/revisions\/3280"}],"up":[{"embeddable":true,"href":"https:\/\/veda.polac.cz\/index.php?rest_route=\/wp\/v2\/pages\/1651"}],"wp:attachment":[{"href":"https:\/\/veda.polac.cz\/index.php?rest_route=%2Fwp%2Fv2%2Fmedia&parent=3264"}],"curies":[{"name":"wp","href":"https:\/\/api.w.org\/{rel}","templated":true}]}}