{"id":3262,"date":"2019-04-20T13:13:31","date_gmt":"2019-04-20T13:13:31","guid":{"rendered":"http:\/\/veda.polac.cz\/?page_id=3262"},"modified":"2019-04-20T13:28:24","modified_gmt":"2019-04-20T13:28:24","slug":"15-2","status":"publish","type":"page","link":"https:\/\/veda.polac.cz\/?page_id=3262","title":{"rendered":""},"content":{"rendered":"<p style=\"text-align: center;\">Resum\u00e9 \u010dl\u00e1nku<\/p>\n<p style=\"font-weight: 400;\"><strong>Co p\u0159inese nov\u00fd z\u00e1kon o Policii \u010cesk\u00e9 republiky?<br \/>\n<\/strong><em>pplk. JUDr. Jozef Band\u017eak<\/em><\/p>\n<p style=\"font-weight: 400;\">\u010cl\u00e1nek se zab\u00fdv\u00e1 nov\u00fdm n\u00e1vrhem z\u00e1kona o Policii \u010cesk\u00e9 republiky, kter\u00fd je v\u00a0sou\u010dasn\u00e9 dob\u011b p\u0159ipom\u00ednkov\u00e1n ze strany zainteresovan\u00fdch subjekt\u016f. P\u0159\u00edprava nov\u00e9ho z\u00e1kona se uk\u00e1zala jako nezbytn\u00e1 z\u00a0d\u016fvodu, \u017ee sou\u010dastn\u00fd platn\u00fd z\u00e1kon \u010d.\u00a0283\/1991 Sb., ve zn\u011bn\u00ed pozd\u011bj\u0161\u00edch p\u0159edpis\u016f byl modifikov\u00e1n n\u011bkolika novelami a\u00a0postr\u00e1d\u00e1 koncepci nov\u011b pojat\u00e9ho kodifikovan\u00e9ho policejn\u00edho pr\u00e1va. Autor se vyjad\u0159uje k\u00a0vybran\u00fdm ustanoven\u00edm p\u0159ipravovan\u00e9ho z\u00e1kona v\u00a0r\u00e1mci p\u0159ipom\u00ednkov\u00e9ho \u0159\u00edzen\u00ed.<br \/>\nKl\u00ed\u010dov\u00e1 slova: z\u00e1kon o Policii \u010cR, opr\u00e1vn\u011bn\u00ed policie, inspekce ministra vnitra.<\/p>\n<hr \/>\n<p style=\"font-weight: 400;\"><a href=\"https:\/\/veda.polac.cz\/?page_id=1651\">Zp\u011bt<\/a><\/p>\n","protected":false},"excerpt":{"rendered":"<p>Resum\u00e9 \u010dl\u00e1nku Co p\u0159inese nov\u00fd z\u00e1kon o Policii \u010cesk\u00e9 republiky? pplk. JUDr. Jozef Band\u017eak \u010cl\u00e1nek se zab\u00fdv\u00e1 nov\u00fdm n\u00e1vrhem z\u00e1kona o Policii \u010cesk\u00e9 republiky, kter\u00fd je v\u00a0sou\u010dasn\u00e9 dob\u011b p\u0159ipom\u00ednkov\u00e1n ze strany zainteresovan\u00fdch subjekt\u016f. P\u0159\u00edprava nov\u00e9ho z\u00e1kona se uk\u00e1zala jako nezbytn\u00e1 z\u00a0d\u016fvodu, \u017ee sou\u010dastn\u00fd platn\u00fd z\u00e1kon \u010d.\u00a0283\/1991 Sb., ve zn\u011bn\u00ed pozd\u011bj\u0161\u00edch p\u0159edpis\u016f byl modifikov\u00e1n n\u011bkolika novelami [&hellip;]<\/p>\n","protected":false},"author":2,"featured_media":0,"parent":1651,"menu_order":0,"comment_status":"closed","ping_status":"closed","template":"","meta":{"footnotes":""},"class_list":["post-3262","page","type-page","status-publish","hentry"],"_links":{"self":[{"href":"https:\/\/veda.polac.cz\/index.php?rest_route=\/wp\/v2\/pages\/3262","targetHints":{"allow":["GET"]}}],"collection":[{"href":"https:\/\/veda.polac.cz\/index.php?rest_route=\/wp\/v2\/pages"}],"about":[{"href":"https:\/\/veda.polac.cz\/index.php?rest_route=\/wp\/v2\/types\/page"}],"author":[{"embeddable":true,"href":"https:\/\/veda.polac.cz\/index.php?rest_route=\/wp\/v2\/users\/2"}],"replies":[{"embeddable":true,"href":"https:\/\/veda.polac.cz\/index.php?rest_route=%2Fwp%2Fv2%2Fcomments&post=3262"}],"version-history":[{"count":2,"href":"https:\/\/veda.polac.cz\/index.php?rest_route=\/wp\/v2\/pages\/3262\/revisions"}],"predecessor-version":[{"id":3279,"href":"https:\/\/veda.polac.cz\/index.php?rest_route=\/wp\/v2\/pages\/3262\/revisions\/3279"}],"up":[{"embeddable":true,"href":"https:\/\/veda.polac.cz\/index.php?rest_route=\/wp\/v2\/pages\/1651"}],"wp:attachment":[{"href":"https:\/\/veda.polac.cz\/index.php?rest_route=%2Fwp%2Fv2%2Fmedia&parent=3262"}],"curies":[{"name":"wp","href":"https:\/\/api.w.org\/{rel}","templated":true}]}}