{"id":3260,"date":"2019-04-20T13:12:25","date_gmt":"2019-04-20T13:12:25","guid":{"rendered":"http:\/\/veda.polac.cz\/?page_id=3260"},"modified":"2019-04-20T13:28:19","modified_gmt":"2019-04-20T13:28:19","slug":"14-2","status":"publish","type":"page","link":"https:\/\/veda.polac.cz\/?page_id=3260","title":{"rendered":""},"content":{"rendered":"<p style=\"text-align: center;\">Resum\u00e9 \u010dl\u00e1nku<\/p>\n<p style=\"font-weight: 400;\"><strong>Motivace s\u00e9riov\u00fdch pachatel\u016f \u2013 and\u011bl\u016f smrti<br \/>\n<\/strong><em>Mgr. Tibor Bre\u010dka<\/em><\/p>\n<p style=\"font-weight: 400;\">Autor se zam\u00fd\u0161l\u00ed nad problematikou motivace s\u00e9riov\u00fdch pachatel\u016f a pachatel\u016f trestn\u00fdch \u010din\u016f z\u00a0pohledu teorie a v\u00fdzkum\u016f. K\u00a0z\u00e1kladn\u00edm motivac\u00edm ke sp\u00e1ch\u00e1n\u00ed n\u00e1siln\u00e9ho trestn\u00e9ho \u010dinu v\u011bt\u0161inou pat\u0159\u00ed hmotn\u00fd prosp\u011bch, sexu\u00e1ln\u00ed deviace, odveta za pro\u017e\u00edvan\u00e1 p\u0159\u00edko\u0159\u00ed ze strany ob\u011bti, jedn\u00e1n\u00ed pod tlakem skupiny, strach z\u00a0prozrazen\u00ed a motivace dan\u00e1 osobnost\u00ed pachatele. Pr\u00e1v\u011b posledn\u011b zm\u00edn\u011bn\u00e1 motivace je nej\u010dast\u011bj\u0161\u00ed a nejd\u016fle\u017eit\u011bj\u0161\u00ed u s\u00e9riov\u00fdch pachatel\u016f n\u00e1siln\u00fdch trestn\u00fdch \u010din\u016f.<br \/>\nKl\u00ed\u010dov\u00e1 slova:\u00a0 motivace s\u00e9riov\u00fdch pachatel\u016f, n\u00e1siln\u00e9 trestn\u00e9 \u010diny, motivace.<\/p>\n<hr \/>\n<p><a href=\"https:\/\/veda.polac.cz\/?page_id=1651\">Zp\u011bt<\/a><\/p>\n","protected":false},"excerpt":{"rendered":"<p>Resum\u00e9 \u010dl\u00e1nku Motivace s\u00e9riov\u00fdch pachatel\u016f \u2013 and\u011bl\u016f smrti Mgr. Tibor Bre\u010dka Autor se zam\u00fd\u0161l\u00ed nad problematikou motivace s\u00e9riov\u00fdch pachatel\u016f a pachatel\u016f trestn\u00fdch \u010din\u016f z\u00a0pohledu teorie a v\u00fdzkum\u016f. K\u00a0z\u00e1kladn\u00edm motivac\u00edm ke sp\u00e1ch\u00e1n\u00ed n\u00e1siln\u00e9ho trestn\u00e9ho \u010dinu v\u011bt\u0161inou pat\u0159\u00ed hmotn\u00fd prosp\u011bch, sexu\u00e1ln\u00ed deviace, odveta za pro\u017e\u00edvan\u00e1 p\u0159\u00edko\u0159\u00ed ze strany ob\u011bti, jedn\u00e1n\u00ed pod tlakem skupiny, strach z\u00a0prozrazen\u00ed a motivace [&hellip;]<\/p>\n","protected":false},"author":2,"featured_media":0,"parent":1651,"menu_order":0,"comment_status":"closed","ping_status":"closed","template":"","meta":{"footnotes":""},"class_list":["post-3260","page","type-page","status-publish","hentry"],"_links":{"self":[{"href":"https:\/\/veda.polac.cz\/index.php?rest_route=\/wp\/v2\/pages\/3260","targetHints":{"allow":["GET"]}}],"collection":[{"href":"https:\/\/veda.polac.cz\/index.php?rest_route=\/wp\/v2\/pages"}],"about":[{"href":"https:\/\/veda.polac.cz\/index.php?rest_route=\/wp\/v2\/types\/page"}],"author":[{"embeddable":true,"href":"https:\/\/veda.polac.cz\/index.php?rest_route=\/wp\/v2\/users\/2"}],"replies":[{"embeddable":true,"href":"https:\/\/veda.polac.cz\/index.php?rest_route=%2Fwp%2Fv2%2Fcomments&post=3260"}],"version-history":[{"count":2,"href":"https:\/\/veda.polac.cz\/index.php?rest_route=\/wp\/v2\/pages\/3260\/revisions"}],"predecessor-version":[{"id":3278,"href":"https:\/\/veda.polac.cz\/index.php?rest_route=\/wp\/v2\/pages\/3260\/revisions\/3278"}],"up":[{"embeddable":true,"href":"https:\/\/veda.polac.cz\/index.php?rest_route=\/wp\/v2\/pages\/1651"}],"wp:attachment":[{"href":"https:\/\/veda.polac.cz\/index.php?rest_route=%2Fwp%2Fv2%2Fmedia&parent=3260"}],"curies":[{"name":"wp","href":"https:\/\/api.w.org\/{rel}","templated":true}]}}