{"id":3258,"date":"2019-04-20T13:11:12","date_gmt":"2019-04-20T13:11:12","guid":{"rendered":"http:\/\/veda.polac.cz\/?page_id=3258"},"modified":"2019-04-20T13:28:10","modified_gmt":"2019-04-20T13:28:10","slug":"13-2","status":"publish","type":"page","link":"https:\/\/veda.polac.cz\/?page_id=3258","title":{"rendered":""},"content":{"rendered":"<p style=\"text-align: center;\">Resum\u00e9 \u010dl\u00e1nku<\/p>\n<p style=\"font-weight: 400;\"><strong>Vy\u0161et\u0159ov\u00e1n\u00ed dopravn\u00edch nehod v sedmdes\u00e1t\u00fdch letech minul\u00e9ho stolet\u00ed<br \/>\n<\/strong><em>plk. JUDr. Mgr. Jan Br\u00e1zda Ph.D.<\/em><\/p>\n<p style=\"font-weight: 400;\">V \u010dl\u00e1nku jsou popisov\u00e1ny postupy p\u0159i vy\u0161et\u0159ov\u00e1n\u00ed dopravn\u00edch nehod v\u00a0sedm-des\u00e1t\u00fdch l\u00e9tech minul\u00e9ho stolet\u00ed, jednotliv\u00e9 postupy vy\u0161et\u0159ovatele p\u0159i zaji\u0161t\u011bn\u00ed a\u00a0ohled\u00e1n\u00ed m\u00edsta dopravn\u00ed nehody. Rovn\u011b\u017e je pouk\u00e1z\u00e1no na jednotliv\u00e9 nestandardn\u00ed postupy poplatn\u00e9 tehdej\u0161\u00ed dob\u011b.<br \/>\nKl\u00ed\u010dov\u00e1 slova: Dopravn\u00ed nehoda, vy\u0161et\u0159ovatel, Feder\u00e1ln\u00ed spr\u00e1va VB, Feder\u00e1ln\u00ed ministerstvo vnitra, ohled\u00e1n\u00ed m\u00edsta dopravn\u00ed nehody, zaji\u0161t\u011bn\u00ed m\u00edsta dopravn\u00ed nehody.<\/p>\n<hr \/>\n<p><a href=\"https:\/\/veda.polac.cz\/?page_id=1651\">Zp\u011bt<\/a><\/p>\n","protected":false},"excerpt":{"rendered":"<p>Resum\u00e9 \u010dl\u00e1nku Vy\u0161et\u0159ov\u00e1n\u00ed dopravn\u00edch nehod v sedmdes\u00e1t\u00fdch letech minul\u00e9ho stolet\u00ed plk. JUDr. Mgr. Jan Br\u00e1zda Ph.D. V \u010dl\u00e1nku jsou popisov\u00e1ny postupy p\u0159i vy\u0161et\u0159ov\u00e1n\u00ed dopravn\u00edch nehod v\u00a0sedm-des\u00e1t\u00fdch l\u00e9tech minul\u00e9ho stolet\u00ed, jednotliv\u00e9 postupy vy\u0161et\u0159ovatele p\u0159i zaji\u0161t\u011bn\u00ed a\u00a0ohled\u00e1n\u00ed m\u00edsta dopravn\u00ed nehody. Rovn\u011b\u017e je pouk\u00e1z\u00e1no na jednotliv\u00e9 nestandardn\u00ed postupy poplatn\u00e9 tehdej\u0161\u00ed dob\u011b. Kl\u00ed\u010dov\u00e1 slova: Dopravn\u00ed nehoda, vy\u0161et\u0159ovatel, Feder\u00e1ln\u00ed spr\u00e1va [&hellip;]<\/p>\n","protected":false},"author":2,"featured_media":0,"parent":1651,"menu_order":0,"comment_status":"closed","ping_status":"closed","template":"","meta":{"footnotes":""},"class_list":["post-3258","page","type-page","status-publish","hentry"],"_links":{"self":[{"href":"https:\/\/veda.polac.cz\/index.php?rest_route=\/wp\/v2\/pages\/3258","targetHints":{"allow":["GET"]}}],"collection":[{"href":"https:\/\/veda.polac.cz\/index.php?rest_route=\/wp\/v2\/pages"}],"about":[{"href":"https:\/\/veda.polac.cz\/index.php?rest_route=\/wp\/v2\/types\/page"}],"author":[{"embeddable":true,"href":"https:\/\/veda.polac.cz\/index.php?rest_route=\/wp\/v2\/users\/2"}],"replies":[{"embeddable":true,"href":"https:\/\/veda.polac.cz\/index.php?rest_route=%2Fwp%2Fv2%2Fcomments&post=3258"}],"version-history":[{"count":2,"href":"https:\/\/veda.polac.cz\/index.php?rest_route=\/wp\/v2\/pages\/3258\/revisions"}],"predecessor-version":[{"id":3277,"href":"https:\/\/veda.polac.cz\/index.php?rest_route=\/wp\/v2\/pages\/3258\/revisions\/3277"}],"up":[{"embeddable":true,"href":"https:\/\/veda.polac.cz\/index.php?rest_route=\/wp\/v2\/pages\/1651"}],"wp:attachment":[{"href":"https:\/\/veda.polac.cz\/index.php?rest_route=%2Fwp%2Fv2%2Fmedia&parent=3258"}],"curies":[{"name":"wp","href":"https:\/\/api.w.org\/{rel}","templated":true}]}}