{"id":3256,"date":"2019-04-20T13:09:42","date_gmt":"2019-04-20T13:09:42","guid":{"rendered":"http:\/\/veda.polac.cz\/?page_id=3256"},"modified":"2019-04-20T13:28:06","modified_gmt":"2019-04-20T13:28:06","slug":"12-2","status":"publish","type":"page","link":"https:\/\/veda.polac.cz\/?page_id=3256","title":{"rendered":""},"content":{"rendered":"<p style=\"text-align: center;\">Resum\u00e9 \u010dl\u00e1nku<\/p>\n<p style=\"font-weight: 400;\"><strong>Silni\u010dn\u00ed dopravn\u00ed nehoda a jej\u00ed vliv na sou\u010dasnou dopravu<br \/>\n<\/strong><em>plk. JUDr. Mgr. Jan Br\u00e1zda Ph.D.<\/em><\/p>\n<p style=\"font-weight: 400;\">Rozvoj dopravy v\u00a0sou\u010dasn\u00e9m civilizovan\u00e9m sv\u011bt\u011b, p\u0159in\u00e1\u0161\u00ed vedle pozitivn\u00edch v\u011bc\u00ed, jako je sn\u00ed\u017een\u00ed doby na p\u0159ekon\u00e1n\u00ed vzd\u00e1lenosti a jednodu\u0161\u0161\u00ed p\u0159epravu osob a\u00a0n\u00e1kladu, i mnoh\u00e1 negativa, z nich\u017e nejz\u00e1va\u017en\u011bj\u0161\u00ed je usmrcen\u00ed \u010dlov\u011bka nebo t\u011b\u017ek\u00e1 zran\u011bn\u00ed. Statistiky dopravn\u00edch nehod signalizuj\u00ed n\u00e1r\u016fsty t\u011bchto n\u00e1sledk\u016f a n\u00e1sledk\u016f materi\u00e1ln\u00edch.<br \/>\nKl\u00ed\u010dov\u00e1 slova: dopravn\u00ed nehoda, doprava, technick\u00fd rozvoj, pozemn\u00ed komunikace.<\/p>\n<hr \/>\n<p><a href=\"https:\/\/veda.polac.cz\/?page_id=1651\">Zp\u011bt<\/a><\/p>\n","protected":false},"excerpt":{"rendered":"<p>Resum\u00e9 \u010dl\u00e1nku Silni\u010dn\u00ed dopravn\u00ed nehoda a jej\u00ed vliv na sou\u010dasnou dopravu plk. JUDr. Mgr. Jan Br\u00e1zda Ph.D. Rozvoj dopravy v\u00a0sou\u010dasn\u00e9m civilizovan\u00e9m sv\u011bt\u011b, p\u0159in\u00e1\u0161\u00ed vedle pozitivn\u00edch v\u011bc\u00ed, jako je sn\u00ed\u017een\u00ed doby na p\u0159ekon\u00e1n\u00ed vzd\u00e1lenosti a jednodu\u0161\u0161\u00ed p\u0159epravu osob a\u00a0n\u00e1kladu, i mnoh\u00e1 negativa, z nich\u017e nejz\u00e1va\u017en\u011bj\u0161\u00ed je usmrcen\u00ed \u010dlov\u011bka nebo t\u011b\u017ek\u00e1 zran\u011bn\u00ed. Statistiky dopravn\u00edch nehod signalizuj\u00ed n\u00e1r\u016fsty [&hellip;]<\/p>\n","protected":false},"author":2,"featured_media":0,"parent":1651,"menu_order":0,"comment_status":"closed","ping_status":"closed","template":"","meta":{"footnotes":""},"class_list":["post-3256","page","type-page","status-publish","hentry"],"_links":{"self":[{"href":"https:\/\/veda.polac.cz\/index.php?rest_route=\/wp\/v2\/pages\/3256","targetHints":{"allow":["GET"]}}],"collection":[{"href":"https:\/\/veda.polac.cz\/index.php?rest_route=\/wp\/v2\/pages"}],"about":[{"href":"https:\/\/veda.polac.cz\/index.php?rest_route=\/wp\/v2\/types\/page"}],"author":[{"embeddable":true,"href":"https:\/\/veda.polac.cz\/index.php?rest_route=\/wp\/v2\/users\/2"}],"replies":[{"embeddable":true,"href":"https:\/\/veda.polac.cz\/index.php?rest_route=%2Fwp%2Fv2%2Fcomments&post=3256"}],"version-history":[{"count":2,"href":"https:\/\/veda.polac.cz\/index.php?rest_route=\/wp\/v2\/pages\/3256\/revisions"}],"predecessor-version":[{"id":3276,"href":"https:\/\/veda.polac.cz\/index.php?rest_route=\/wp\/v2\/pages\/3256\/revisions\/3276"}],"up":[{"embeddable":true,"href":"https:\/\/veda.polac.cz\/index.php?rest_route=\/wp\/v2\/pages\/1651"}],"wp:attachment":[{"href":"https:\/\/veda.polac.cz\/index.php?rest_route=%2Fwp%2Fv2%2Fmedia&parent=3256"}],"curies":[{"name":"wp","href":"https:\/\/api.w.org\/{rel}","templated":true}]}}