{"id":3254,"date":"2019-04-20T12:13:03","date_gmt":"2019-04-20T12:13:03","guid":{"rendered":"http:\/\/veda.polac.cz\/?page_id=3254"},"modified":"2019-04-20T13:28:03","modified_gmt":"2019-04-20T13:28:03","slug":"11-2","status":"publish","type":"page","link":"https:\/\/veda.polac.cz\/?page_id=3254","title":{"rendered":""},"content":{"rendered":"<p style=\"text-align: center;\">Resum\u00e9 \u010dl\u00e1nku<\/p>\n<p style=\"font-weight: 400;\"><b>Bodnut\u00ed no\u017eem \u2013 ubl\u00ed\u017een\u00ed na zdrav\u00ed nebo nutn\u00e1 obrana?<\/b><b><br \/>\n<\/b><em>prof. PhDr. Ji\u0159\u00ed Straus, DrSc., pplk. JUDr. Zden\u011bk Sad\u00edlek<\/em><\/p>\n<p style=\"font-weight: 400;\">V\u00a0\u010dl\u00e1nku je pops\u00e1n p\u0159\u00edpad nutn\u00e9 obrany, kter\u00fd byl po celou dobu p\u0159\u00edpravn\u00e9ho \u0159\u00edzen\u00ed a\u017e k\u00a0hlavn\u00edmu l\u00ed\u010den\u00ed vy\u0161et\u0159ov\u00e1n jako ubl\u00ed\u017een\u00ed na zdrav\u00ed s\u00a0n\u00e1sledkem smrti. Po celou dobu vy\u0161et\u0159ov\u00e1n\u00ed p\u0159\u00edpadu ob\u017ealovan\u00fd trval na sv\u00e9 verzi, \u017ee k\u00a0bodnut\u00ed no\u017eem do stehna po\u0161kozen\u00e9ho do\u0161lo ne\u0161\u0165astnou n\u00e1hodou. Na tomto tvrzen\u00ed setrval i p\u0159es znaleck\u00e1 zkoum\u00e1n\u00ed, kter\u00e1 toto vylu\u010dovala. Ob\u017ealovan\u00fd byl v\u00a0p\u0159\u00edpravn\u00e9m \u0159\u00edzen\u00ed pou\u010den svoj\u00ed obh\u00e1jkyn\u00ed, \u017ee v\u00a0p\u0159\u00edpad\u011b \u00famysln\u00e9ho bodnut\u00ed by cel\u00fd p\u0159\u00edpad mohl b\u00fdt posouzen jako nutn\u00e1 obrana dle \u00a7 13 tr. z\u00e1kona, ani po tomto pou\u010den\u00ed ob\u017ealovan\u00fd svoj\u00ed v\u00fdpov\u011b\u010f nezm\u011bnil. Proto se p\u0159\u00edpad dostal a\u017e k\u00a0soudu. Bylo tedy a\u017e na soudu, jak tento p\u0159\u00edpad posoud\u00ed. Soud konstatoval,\u00a0 \u017ee ob\u017ealovan\u00fd na svou obhajobu m\u016f\u017ee i lh\u00e1t, ale po zv\u00e1\u017een\u00ed v\u0161ech okolnost\u00ed p\u0159\u00edpadu a i na z\u00e1klad\u011b znaleck\u00fdch zkoum\u00e1n\u00ed dosp\u011bl k\u00a0z\u00e1v\u011bru, \u017ee v\u00a0p\u0159edm\u011btn\u00e9 v\u011bci \u0161lo o nutnou obranu a ob\u017ealovan\u00e9ho zprostil ob\u017ealoby.<br \/>\nKl\u00ed\u010dov\u00e1 slova: nutn\u00e1 obrana, kriminalistika, forenzn\u00ed biomechanika, ubl\u00ed\u017een\u00ed na zdrav\u00ed, bodnut\u00ed no\u017eem, smrt.<\/p>\n<hr \/>\n<p style=\"font-weight: 400;\"><a href=\"https:\/\/veda.polac.cz\/?page_id=1651\">Zp\u011bt<\/a><\/p>\n","protected":false},"excerpt":{"rendered":"<p>Resum\u00e9 \u010dl\u00e1nku Bodnut\u00ed no\u017eem \u2013 ubl\u00ed\u017een\u00ed na zdrav\u00ed nebo nutn\u00e1 obrana? prof. PhDr. Ji\u0159\u00ed Straus, DrSc., pplk. JUDr. Zden\u011bk Sad\u00edlek V\u00a0\u010dl\u00e1nku je pops\u00e1n p\u0159\u00edpad nutn\u00e9 obrany, kter\u00fd byl po celou dobu p\u0159\u00edpravn\u00e9ho \u0159\u00edzen\u00ed a\u017e k\u00a0hlavn\u00edmu l\u00ed\u010den\u00ed vy\u0161et\u0159ov\u00e1n jako ubl\u00ed\u017een\u00ed na zdrav\u00ed s\u00a0n\u00e1sledkem smrti. Po celou dobu vy\u0161et\u0159ov\u00e1n\u00ed p\u0159\u00edpadu ob\u017ealovan\u00fd trval na sv\u00e9 verzi, \u017ee k\u00a0bodnut\u00ed [&hellip;]<\/p>\n","protected":false},"author":2,"featured_media":0,"parent":1651,"menu_order":0,"comment_status":"closed","ping_status":"closed","template":"","meta":{"footnotes":""},"class_list":["post-3254","page","type-page","status-publish","hentry"],"_links":{"self":[{"href":"https:\/\/veda.polac.cz\/index.php?rest_route=\/wp\/v2\/pages\/3254","targetHints":{"allow":["GET"]}}],"collection":[{"href":"https:\/\/veda.polac.cz\/index.php?rest_route=\/wp\/v2\/pages"}],"about":[{"href":"https:\/\/veda.polac.cz\/index.php?rest_route=\/wp\/v2\/types\/page"}],"author":[{"embeddable":true,"href":"https:\/\/veda.polac.cz\/index.php?rest_route=\/wp\/v2\/users\/2"}],"replies":[{"embeddable":true,"href":"https:\/\/veda.polac.cz\/index.php?rest_route=%2Fwp%2Fv2%2Fcomments&post=3254"}],"version-history":[{"count":2,"href":"https:\/\/veda.polac.cz\/index.php?rest_route=\/wp\/v2\/pages\/3254\/revisions"}],"predecessor-version":[{"id":3275,"href":"https:\/\/veda.polac.cz\/index.php?rest_route=\/wp\/v2\/pages\/3254\/revisions\/3275"}],"up":[{"embeddable":true,"href":"https:\/\/veda.polac.cz\/index.php?rest_route=\/wp\/v2\/pages\/1651"}],"wp:attachment":[{"href":"https:\/\/veda.polac.cz\/index.php?rest_route=%2Fwp%2Fv2%2Fmedia&parent=3254"}],"curies":[{"name":"wp","href":"https:\/\/api.w.org\/{rel}","templated":true}]}}