{"id":3250,"date":"2019-04-20T12:09:16","date_gmt":"2019-04-20T12:09:16","guid":{"rendered":"http:\/\/veda.polac.cz\/?page_id=3250"},"modified":"2019-04-20T13:29:09","modified_gmt":"2019-04-20T13:29:09","slug":"9-2","status":"publish","type":"page","link":"https:\/\/veda.polac.cz\/?page_id=3250","title":{"rendered":""},"content":{"rendered":"<p style=\"text-align: center;\">Resum\u00e9 \u010dl\u00e1nku<\/p>\n<p style=\"font-weight: 400;\"><strong>Bezpe\u010dnostn\u00ed dokumentace<br \/>\n<\/strong><em>doc. RNDr. Dana Proch\u00e1zkov\u00e1, DrSc.<\/em><\/p>\n<p style=\"font-weight: 400;\">\u010cl\u00e1nek se zab\u00fdv\u00e1 dokumentac\u00ed kter\u00e1 je nezbytn\u00e1 pro zaji\u0161t\u011bn\u00ed bezpe\u010dnostn\u00ed teritoria a st\u00e1tu. Tato dokumentace je d\u016fle\u017eit\u00e1 pro bezpe\u010dnostn\u00ed management, z\u00e1chrann\u00fd syst\u00e9m a krizov\u00fd management.<br \/>\nKl\u00ed\u010dov\u00e1 slova: bezpe\u010d\u00ed, dokumentace, bezpe\u010dnostn\u00ed management, z\u00e1chrann\u00fd syst\u00e9m, krizov\u00fd management.<\/p>\n<hr \/>\n<p style=\"font-weight: 400;\"><a href=\"https:\/\/veda.polac.cz\/?page_id=1651\">Zp\u011bt<\/a><\/p>\n","protected":false},"excerpt":{"rendered":"<p>Resum\u00e9 \u010dl\u00e1nku Bezpe\u010dnostn\u00ed dokumentace doc. RNDr. Dana Proch\u00e1zkov\u00e1, DrSc. \u010cl\u00e1nek se zab\u00fdv\u00e1 dokumentac\u00ed kter\u00e1 je nezbytn\u00e1 pro zaji\u0161t\u011bn\u00ed bezpe\u010dnostn\u00ed teritoria a st\u00e1tu. Tato dokumentace je d\u016fle\u017eit\u00e1 pro bezpe\u010dnostn\u00ed management, z\u00e1chrann\u00fd syst\u00e9m a krizov\u00fd management. Kl\u00ed\u010dov\u00e1 slova: bezpe\u010d\u00ed, dokumentace, bezpe\u010dnostn\u00ed management, z\u00e1chrann\u00fd syst\u00e9m, krizov\u00fd management. Zp\u011bt<\/p>\n","protected":false},"author":2,"featured_media":0,"parent":1651,"menu_order":0,"comment_status":"closed","ping_status":"closed","template":"","meta":{"footnotes":""},"class_list":["post-3250","page","type-page","status-publish","hentry"],"_links":{"self":[{"href":"https:\/\/veda.polac.cz\/index.php?rest_route=\/wp\/v2\/pages\/3250","targetHints":{"allow":["GET"]}}],"collection":[{"href":"https:\/\/veda.polac.cz\/index.php?rest_route=\/wp\/v2\/pages"}],"about":[{"href":"https:\/\/veda.polac.cz\/index.php?rest_route=\/wp\/v2\/types\/page"}],"author":[{"embeddable":true,"href":"https:\/\/veda.polac.cz\/index.php?rest_route=\/wp\/v2\/users\/2"}],"replies":[{"embeddable":true,"href":"https:\/\/veda.polac.cz\/index.php?rest_route=%2Fwp%2Fv2%2Fcomments&post=3250"}],"version-history":[{"count":2,"href":"https:\/\/veda.polac.cz\/index.php?rest_route=\/wp\/v2\/pages\/3250\/revisions"}],"predecessor-version":[{"id":3289,"href":"https:\/\/veda.polac.cz\/index.php?rest_route=\/wp\/v2\/pages\/3250\/revisions\/3289"}],"up":[{"embeddable":true,"href":"https:\/\/veda.polac.cz\/index.php?rest_route=\/wp\/v2\/pages\/1651"}],"wp:attachment":[{"href":"https:\/\/veda.polac.cz\/index.php?rest_route=%2Fwp%2Fv2%2Fmedia&parent=3250"}],"curies":[{"name":"wp","href":"https:\/\/api.w.org\/{rel}","templated":true}]}}