{"id":3248,"date":"2019-04-20T12:07:10","date_gmt":"2019-04-20T12:07:10","guid":{"rendered":"http:\/\/veda.polac.cz\/?page_id=3248"},"modified":"2019-04-20T13:29:06","modified_gmt":"2019-04-20T13:29:06","slug":"8-2","status":"publish","type":"page","link":"https:\/\/veda.polac.cz\/?page_id=3248","title":{"rendered":""},"content":{"rendered":"<p style=\"text-align: center;\">Resum\u00e9 \u010dl\u00e1nku<\/p>\n<p style=\"font-weight: 400;\"><strong>Pravomocn\u00e9 rozhodnut\u00ed o p\u0159estupku jako p\u0159ek\u00e1\u017eka trestn\u00edho st\u00edh\u00e1n\u00ed<br \/>\n<\/strong><em>JUDr. Petr Voleveck\u00fd<\/em><\/p>\n<p style=\"font-weight: 400;\">Autor se v\u00a0p\u0159\u00edsp\u011bvku zab\u00fdv\u00e1 ot\u00e1zkou, zda meritorn\u00ed rozhodnut\u00ed o p\u0159estupku u\u010din\u011bn\u00e9 v\u00a0p\u0159estupkov\u00e9m \u0159\u00edzen\u00ed p\u0159ed p\u0159\u00edslu\u0161n\u00fdm spr\u00e1vn\u00edm org\u00e1nem tvo\u0159\u00ed p\u0159ek\u00e1\u017eku, pro kterou nen\u00ed mo\u017en\u00e9 v\u00e9st v\u016f\u010di stejn\u00e9 osob\u011b za stejn\u00fd skutek trestn\u00ed \u0159\u00edzen\u00ed a za tento skutek osobu op\u011btovn\u011b potrestat.<br \/>\nKl\u00ed\u010dov\u00e1 slova: Trestn\u00ed st\u00edh\u00e1n\u00ed, p\u0159estupek, nep\u0159\u00edpustnost trestn\u00edho st\u00edh\u00e1n\u00ed, z\u00e1sada ne bis in idem.<\/p>\n<hr \/>\n<p><a href=\"https:\/\/veda.polac.cz\/?page_id=1651\">Zp\u011bt<\/a><\/p>\n","protected":false},"excerpt":{"rendered":"<p>Resum\u00e9 \u010dl\u00e1nku Pravomocn\u00e9 rozhodnut\u00ed o p\u0159estupku jako p\u0159ek\u00e1\u017eka trestn\u00edho st\u00edh\u00e1n\u00ed JUDr. Petr Voleveck\u00fd Autor se v\u00a0p\u0159\u00edsp\u011bvku zab\u00fdv\u00e1 ot\u00e1zkou, zda meritorn\u00ed rozhodnut\u00ed o p\u0159estupku u\u010din\u011bn\u00e9 v\u00a0p\u0159estupkov\u00e9m \u0159\u00edzen\u00ed p\u0159ed p\u0159\u00edslu\u0161n\u00fdm spr\u00e1vn\u00edm org\u00e1nem tvo\u0159\u00ed p\u0159ek\u00e1\u017eku, pro kterou nen\u00ed mo\u017en\u00e9 v\u00e9st v\u016f\u010di stejn\u00e9 osob\u011b za stejn\u00fd skutek trestn\u00ed \u0159\u00edzen\u00ed a za tento skutek osobu op\u011btovn\u011b potrestat. Kl\u00ed\u010dov\u00e1 slova: Trestn\u00ed [&hellip;]<\/p>\n","protected":false},"author":2,"featured_media":0,"parent":1651,"menu_order":0,"comment_status":"closed","ping_status":"closed","template":"","meta":{"footnotes":""},"class_list":["post-3248","page","type-page","status-publish","hentry"],"_links":{"self":[{"href":"https:\/\/veda.polac.cz\/index.php?rest_route=\/wp\/v2\/pages\/3248","targetHints":{"allow":["GET"]}}],"collection":[{"href":"https:\/\/veda.polac.cz\/index.php?rest_route=\/wp\/v2\/pages"}],"about":[{"href":"https:\/\/veda.polac.cz\/index.php?rest_route=\/wp\/v2\/types\/page"}],"author":[{"embeddable":true,"href":"https:\/\/veda.polac.cz\/index.php?rest_route=\/wp\/v2\/users\/2"}],"replies":[{"embeddable":true,"href":"https:\/\/veda.polac.cz\/index.php?rest_route=%2Fwp%2Fv2%2Fcomments&post=3248"}],"version-history":[{"count":2,"href":"https:\/\/veda.polac.cz\/index.php?rest_route=\/wp\/v2\/pages\/3248\/revisions"}],"predecessor-version":[{"id":3288,"href":"https:\/\/veda.polac.cz\/index.php?rest_route=\/wp\/v2\/pages\/3248\/revisions\/3288"}],"up":[{"embeddable":true,"href":"https:\/\/veda.polac.cz\/index.php?rest_route=\/wp\/v2\/pages\/1651"}],"wp:attachment":[{"href":"https:\/\/veda.polac.cz\/index.php?rest_route=%2Fwp%2Fv2%2Fmedia&parent=3248"}],"curies":[{"name":"wp","href":"https:\/\/api.w.org\/{rel}","templated":true}]}}