{"id":3246,"date":"2019-04-20T07:26:02","date_gmt":"2019-04-20T07:26:02","guid":{"rendered":"http:\/\/veda.polac.cz\/?page_id=3246"},"modified":"2019-04-20T13:29:03","modified_gmt":"2019-04-20T13:29:03","slug":"7-2","status":"publish","type":"page","link":"https:\/\/veda.polac.cz\/?page_id=3246","title":{"rendered":""},"content":{"rendered":"<p style=\"text-align: center;\">Resum\u00e9 \u010dl\u00e1nku<\/p>\n<p style=\"font-weight: 400;\"><strong>Milice Rusk\u00e9 federace \u2013 d\u0159\u00edve a dnes<br \/>\n<\/strong><em>doc. JUDr. Anton\u00edn Fil\u00e1k, CSc.,\u00a0 Mgr. Zden\u011bk Chmela<\/em><\/p>\n<p style=\"font-weight: 400;\">Auto\u0159i se ve sv\u00e9m \u010dl\u00e1nku po kr\u00e1tk\u00e9 charakteristice Rusk\u00e9 federace (RF) a\u00a0objasn\u011bn\u00ed historick\u00e9ho kontextu vzniku Milice RF d\u00e1le zab\u00fdvaj\u00ed ot\u00e1zkami pr\u00e1vn\u00ed \u00fapravy jej\u00ed \u010dinnosti, s\u00a0d\u016frazem na z\u00e1kladn\u00ed z\u00e1kon RF \u201eO milici\u201c z\u00a018. dubna 1991 ve zn\u011bn\u00ed novel a dopl\u0148k\u016f, organizac\u00ed Milice RF, z\u00e1kladn\u00edmi pr\u00e1vy a povinnostmi p\u0159\u00edslu\u0161n\u00edk\u016f t\u00e9to ozbrojen\u00e9 slo\u017eky st\u00e1tu.<br \/>\nKl\u00ed\u010dov\u00e1 slova: Milice, povinnosti milice, pr\u00e1vn\u00ed z\u00e1klady, Rusk\u00e1 federace, \u00fakoly milice, z\u00e1kladn\u00ed pr\u00e1va, z\u00e1kon \u201eO milici\u201c.<\/p>\n<hr \/>\n<p style=\"font-weight: 400;\"><a href=\"https:\/\/veda.polac.cz\/?page_id=1651\">Zp\u011bt<\/a><\/p>\n","protected":false},"excerpt":{"rendered":"<p>Resum\u00e9 \u010dl\u00e1nku Milice Rusk\u00e9 federace \u2013 d\u0159\u00edve a dnes doc. JUDr. Anton\u00edn Fil\u00e1k, CSc.,\u00a0 Mgr. Zden\u011bk Chmela Auto\u0159i se ve sv\u00e9m \u010dl\u00e1nku po kr\u00e1tk\u00e9 charakteristice Rusk\u00e9 federace (RF) a\u00a0objasn\u011bn\u00ed historick\u00e9ho kontextu vzniku Milice RF d\u00e1le zab\u00fdvaj\u00ed ot\u00e1zkami pr\u00e1vn\u00ed \u00fapravy jej\u00ed \u010dinnosti, s\u00a0d\u016frazem na z\u00e1kladn\u00ed z\u00e1kon RF \u201eO milici\u201c z\u00a018. dubna 1991 ve zn\u011bn\u00ed novel a [&hellip;]<\/p>\n","protected":false},"author":2,"featured_media":0,"parent":1651,"menu_order":0,"comment_status":"closed","ping_status":"closed","template":"","meta":{"footnotes":""},"class_list":["post-3246","page","type-page","status-publish","hentry"],"_links":{"self":[{"href":"https:\/\/veda.polac.cz\/index.php?rest_route=\/wp\/v2\/pages\/3246","targetHints":{"allow":["GET"]}}],"collection":[{"href":"https:\/\/veda.polac.cz\/index.php?rest_route=\/wp\/v2\/pages"}],"about":[{"href":"https:\/\/veda.polac.cz\/index.php?rest_route=\/wp\/v2\/types\/page"}],"author":[{"embeddable":true,"href":"https:\/\/veda.polac.cz\/index.php?rest_route=\/wp\/v2\/users\/2"}],"replies":[{"embeddable":true,"href":"https:\/\/veda.polac.cz\/index.php?rest_route=%2Fwp%2Fv2%2Fcomments&post=3246"}],"version-history":[{"count":2,"href":"https:\/\/veda.polac.cz\/index.php?rest_route=\/wp\/v2\/pages\/3246\/revisions"}],"predecessor-version":[{"id":3287,"href":"https:\/\/veda.polac.cz\/index.php?rest_route=\/wp\/v2\/pages\/3246\/revisions\/3287"}],"up":[{"embeddable":true,"href":"https:\/\/veda.polac.cz\/index.php?rest_route=\/wp\/v2\/pages\/1651"}],"wp:attachment":[{"href":"https:\/\/veda.polac.cz\/index.php?rest_route=%2Fwp%2Fv2%2Fmedia&parent=3246"}],"curies":[{"name":"wp","href":"https:\/\/api.w.org\/{rel}","templated":true}]}}