{"id":3244,"date":"2019-04-20T07:23:31","date_gmt":"2019-04-20T07:23:31","guid":{"rendered":"http:\/\/veda.polac.cz\/?page_id=3244"},"modified":"2019-04-20T13:29:00","modified_gmt":"2019-04-20T13:29:00","slug":"6-2","status":"publish","type":"page","link":"https:\/\/veda.polac.cz\/?page_id=3244","title":{"rendered":""},"content":{"rendered":"<p style=\"text-align: center;\">Resum\u00e9 \u010dl\u00e1nku<\/p>\n<p style=\"font-weight: 400;\"><strong>Arm\u00e1da a ve\u0159ejnost 2007<br \/>\n<\/strong><em>Mgr. Ing. Radom\u00edr Saliger, Ph.D., Mgr. Nata\u0161a Ballov\u00e1, Mgr. Ji\u0159\u00ed Hodn\u00fd<\/em><\/p>\n<p style=\"font-weight: 400;\">Sta\u0165 pojedn\u00e1v\u00e1 o n\u011bkter\u00fdch v\u00fdsledc\u00edch pr\u016fzkumu ve\u0159ejn\u00e9ho m\u00edn\u011bn\u00ed, kter\u00fd se uskute\u010dnil v kv\u011btnu roku 2007 a byl zam\u011b\u0159en na zji\u0161t\u011bn\u00ed n\u00e1zor\u016f ob\u010dan\u016f na n\u011bkter\u00e9 ot\u00e1zky souvisej\u00edc\u00ed s\u00a0 arm\u00e1dou, obranou a bezpe\u010dnost\u00ed. Pozornost byla v\u011bnov\u00e1na tematick\u00fdm okruh\u016fm, kter\u00e9 se nevztahuj\u00ed v\u00fdhradn\u011b k\u00a0A\u010cR, ale maj\u00ed i \u0161ir\u0161\u00ed spole\u010densk\u00fd dosah. Aktu\u00e1ln\u00ed postoje a n\u00e1zory respondent\u016f na n\u011bkter\u00e9 kl\u00ed\u010dov\u00e9 ot\u00e1zky jsou porovn\u00e1v\u00e1ny se z\u00e1v\u011bry identick\u00e9ho \u0161et\u0159en\u00ed, kter\u00e9 prob\u011bhlo v\u00a0roce 2006.<br \/>\nKl\u00ed\u010dov\u00e1 slova: Arm\u00e1da \u010cesk\u00e9 republiky, v\u00fdzkum ve\u0159ejn\u00e9ho m\u00edn\u011bn\u00ed, obrana, bezpe\u010dnost, ohro\u017een\u00ed, image, presti\u017e, d\u016fv\u011bra.<\/p>\n<hr \/>\n<p><a href=\"https:\/\/veda.polac.cz\/?page_id=1651\">Zp\u011bt<\/a><\/p>\n","protected":false},"excerpt":{"rendered":"<p>Resum\u00e9 \u010dl\u00e1nku Arm\u00e1da a ve\u0159ejnost 2007 Mgr. Ing. Radom\u00edr Saliger, Ph.D., Mgr. Nata\u0161a Ballov\u00e1, Mgr. Ji\u0159\u00ed Hodn\u00fd Sta\u0165 pojedn\u00e1v\u00e1 o n\u011bkter\u00fdch v\u00fdsledc\u00edch pr\u016fzkumu ve\u0159ejn\u00e9ho m\u00edn\u011bn\u00ed, kter\u00fd se uskute\u010dnil v kv\u011btnu roku 2007 a byl zam\u011b\u0159en na zji\u0161t\u011bn\u00ed n\u00e1zor\u016f ob\u010dan\u016f na n\u011bkter\u00e9 ot\u00e1zky souvisej\u00edc\u00ed s\u00a0 arm\u00e1dou, obranou a bezpe\u010dnost\u00ed. Pozornost byla v\u011bnov\u00e1na tematick\u00fdm okruh\u016fm, kter\u00e9 se [&hellip;]<\/p>\n","protected":false},"author":2,"featured_media":0,"parent":1651,"menu_order":0,"comment_status":"closed","ping_status":"closed","template":"","meta":{"footnotes":""},"class_list":["post-3244","page","type-page","status-publish","hentry"],"_links":{"self":[{"href":"https:\/\/veda.polac.cz\/index.php?rest_route=\/wp\/v2\/pages\/3244","targetHints":{"allow":["GET"]}}],"collection":[{"href":"https:\/\/veda.polac.cz\/index.php?rest_route=\/wp\/v2\/pages"}],"about":[{"href":"https:\/\/veda.polac.cz\/index.php?rest_route=\/wp\/v2\/types\/page"}],"author":[{"embeddable":true,"href":"https:\/\/veda.polac.cz\/index.php?rest_route=\/wp\/v2\/users\/2"}],"replies":[{"embeddable":true,"href":"https:\/\/veda.polac.cz\/index.php?rest_route=%2Fwp%2Fv2%2Fcomments&post=3244"}],"version-history":[{"count":2,"href":"https:\/\/veda.polac.cz\/index.php?rest_route=\/wp\/v2\/pages\/3244\/revisions"}],"predecessor-version":[{"id":3286,"href":"https:\/\/veda.polac.cz\/index.php?rest_route=\/wp\/v2\/pages\/3244\/revisions\/3286"}],"up":[{"embeddable":true,"href":"https:\/\/veda.polac.cz\/index.php?rest_route=\/wp\/v2\/pages\/1651"}],"wp:attachment":[{"href":"https:\/\/veda.polac.cz\/index.php?rest_route=%2Fwp%2Fv2%2Fmedia&parent=3244"}],"curies":[{"name":"wp","href":"https:\/\/api.w.org\/{rel}","templated":true}]}}