{"id":3242,"date":"2019-04-20T07:22:12","date_gmt":"2019-04-20T07:22:12","guid":{"rendered":"http:\/\/veda.polac.cz\/?page_id=3242"},"modified":"2019-04-20T13:28:56","modified_gmt":"2019-04-20T13:28:56","slug":"5-2","status":"publish","type":"page","link":"https:\/\/veda.polac.cz\/?page_id=3242","title":{"rendered":""},"content":{"rendered":"<p style=\"text-align: center;\">Resum\u00e9 \u010dl\u00e1nku<\/p>\n<p style=\"font-weight: 400;\"><strong>Sou\u010dasn\u00e9 trendy person\u00e1ln\u00ed politiky p\u0159i z\u00edsk\u00e1v\u00e1n\u00ed\u00a0 mana\u017eer\u016f<br \/>\n<\/strong><em>Ing. Kl\u00e1ra Horzinkov\u00e1<\/em><\/p>\n<p style=\"font-weight: 400;\">V\u00fdznam person\u00e1ln\u00ed politiky p\u0159i z\u00edsk\u00e1v\u00e1n\u00ed nov\u00fdch talent\u016f a vedouc\u00edch pracovn\u00edk\u016f\u00a0 v sou\u010dasn\u00e9 dob\u011b v\u00fdznam\u011b roste. Podle n\u00e1zoru autorky je t\u0159eba tuto oblast neust\u00e1le rozv\u00edjet a p\u0159izp\u016fsobovat se nov\u00fdm trend\u016fm ve sv\u011bt\u011b. V p\u0159edkl\u00e1dan\u00e9m \u010dl\u00e1nku jsou nazna\u010deny sou\u010dasn\u00e9 z\u00e1kladn\u00ed probl\u00e9my, ale i mo\u017enosti jejich \u0159e\u0161en\u00ed. Autorka poukazuje na nedostatky, kter\u00e9 v t\u00e9to oblasti vznikaj\u00ed\u00a0 a sou\u010dasn\u011b poukazuje na z\u00e1sady, kter\u00e9 by se m\u011bly v person\u00e1ln\u00ed politice p\u0159i z\u00edsk\u00e1v\u00e1n\u00ed nov\u00fdch vedouc\u00edch pracovn\u00edk\u016f\u00a0 systematicky rozv\u00edjet.<br \/>\nKl\u00ed\u010dov\u00e1 slova: flexibilita, zku\u0161enosti, nov\u00e9 trendy, talent, odborn\u00edk, person\u00e1ln\u00ed politika, vedouc\u00ed pracovn\u00edk, personalista.<\/p>\n<hr \/>\n<p style=\"font-weight: 400;\">\u00a0<a href=\"https:\/\/veda.polac.cz\/?page_id=1651\">Zp\u011bt<\/a><\/p>\n","protected":false},"excerpt":{"rendered":"<p>Resum\u00e9 \u010dl\u00e1nku Sou\u010dasn\u00e9 trendy person\u00e1ln\u00ed politiky p\u0159i z\u00edsk\u00e1v\u00e1n\u00ed\u00a0 mana\u017eer\u016f Ing. Kl\u00e1ra Horzinkov\u00e1 V\u00fdznam person\u00e1ln\u00ed politiky p\u0159i z\u00edsk\u00e1v\u00e1n\u00ed nov\u00fdch talent\u016f a vedouc\u00edch pracovn\u00edk\u016f\u00a0 v sou\u010dasn\u00e9 dob\u011b v\u00fdznam\u011b roste. Podle n\u00e1zoru autorky je t\u0159eba tuto oblast neust\u00e1le rozv\u00edjet a p\u0159izp\u016fsobovat se nov\u00fdm trend\u016fm ve sv\u011bt\u011b. V p\u0159edkl\u00e1dan\u00e9m \u010dl\u00e1nku jsou nazna\u010deny sou\u010dasn\u00e9 z\u00e1kladn\u00ed probl\u00e9my, ale i mo\u017enosti jejich [&hellip;]<\/p>\n","protected":false},"author":2,"featured_media":0,"parent":1651,"menu_order":0,"comment_status":"closed","ping_status":"closed","template":"","meta":{"footnotes":""},"class_list":["post-3242","page","type-page","status-publish","hentry"],"_links":{"self":[{"href":"https:\/\/veda.polac.cz\/index.php?rest_route=\/wp\/v2\/pages\/3242","targetHints":{"allow":["GET"]}}],"collection":[{"href":"https:\/\/veda.polac.cz\/index.php?rest_route=\/wp\/v2\/pages"}],"about":[{"href":"https:\/\/veda.polac.cz\/index.php?rest_route=\/wp\/v2\/types\/page"}],"author":[{"embeddable":true,"href":"https:\/\/veda.polac.cz\/index.php?rest_route=\/wp\/v2\/users\/2"}],"replies":[{"embeddable":true,"href":"https:\/\/veda.polac.cz\/index.php?rest_route=%2Fwp%2Fv2%2Fcomments&post=3242"}],"version-history":[{"count":2,"href":"https:\/\/veda.polac.cz\/index.php?rest_route=\/wp\/v2\/pages\/3242\/revisions"}],"predecessor-version":[{"id":3285,"href":"https:\/\/veda.polac.cz\/index.php?rest_route=\/wp\/v2\/pages\/3242\/revisions\/3285"}],"up":[{"embeddable":true,"href":"https:\/\/veda.polac.cz\/index.php?rest_route=\/wp\/v2\/pages\/1651"}],"wp:attachment":[{"href":"https:\/\/veda.polac.cz\/index.php?rest_route=%2Fwp%2Fv2%2Fmedia&parent=3242"}],"curies":[{"name":"wp","href":"https:\/\/api.w.org\/{rel}","templated":true}]}}