{"id":3240,"date":"2019-04-20T07:20:59","date_gmt":"2019-04-20T07:20:59","guid":{"rendered":"http:\/\/veda.polac.cz\/?page_id=3240"},"modified":"2019-04-20T13:28:53","modified_gmt":"2019-04-20T13:28:53","slug":"4-2","status":"publish","type":"page","link":"https:\/\/veda.polac.cz\/?page_id=3240","title":{"rendered":""},"content":{"rendered":"<p style=\"text-align: center;\">Resum\u00e9 \u010dl\u00e1nku<\/p>\n<p style=\"font-weight: 400;\"><strong>Informace o partnerstv\u00ed mezi polici\u00ed a ve\u0159ejnost\u00ed ve Velk\u00e9 Brit\u00e1nii<br \/>\n<\/strong><em>Mgr. Jaroslava Nov\u00e1kov\u00e1, doc. RNDr. Dana Proch\u00e1zkov\u00e1, DrSc.<\/em><\/p>\n<p style=\"font-weight: 400;\">\u010cl\u00e1nek\u00a0 popisuje model uspo\u0159\u00e1d\u00e1n\u00ed partnerstv\u00ed mezi polici\u00ed a ve\u0159ejnost\u00ed ve Velk\u00e9 Brit\u00e1nii vedouc\u00ed k\u00a0vytvo\u0159en\u00ed bezpe\u010dn\u00e9 komunity.<br \/>\nKl\u00ed\u010dov\u00e1 slova: \u00a0bezpe\u010d\u00ed, partnerstv\u00ed, spolupr\u00e1ce, policie, Police Work Model, Velk\u00e1 Brit\u00e1nie.<\/p>\n<hr \/>\n<p><a href=\"https:\/\/veda.polac.cz\/?page_id=1651\">Zp\u011bt<\/a><\/p>\n","protected":false},"excerpt":{"rendered":"<p>Resum\u00e9 \u010dl\u00e1nku Informace o partnerstv\u00ed mezi polici\u00ed a ve\u0159ejnost\u00ed ve Velk\u00e9 Brit\u00e1nii Mgr. Jaroslava Nov\u00e1kov\u00e1, doc. RNDr. Dana Proch\u00e1zkov\u00e1, DrSc. \u010cl\u00e1nek\u00a0 popisuje model uspo\u0159\u00e1d\u00e1n\u00ed partnerstv\u00ed mezi polici\u00ed a ve\u0159ejnost\u00ed ve Velk\u00e9 Brit\u00e1nii vedouc\u00ed k\u00a0vytvo\u0159en\u00ed bezpe\u010dn\u00e9 komunity. Kl\u00ed\u010dov\u00e1 slova: \u00a0bezpe\u010d\u00ed, partnerstv\u00ed, spolupr\u00e1ce, policie, Police Work Model, Velk\u00e1 Brit\u00e1nie. Zp\u011bt<\/p>\n","protected":false},"author":2,"featured_media":0,"parent":1651,"menu_order":0,"comment_status":"closed","ping_status":"closed","template":"","meta":{"footnotes":""},"class_list":["post-3240","page","type-page","status-publish","hentry"],"_links":{"self":[{"href":"https:\/\/veda.polac.cz\/index.php?rest_route=\/wp\/v2\/pages\/3240","targetHints":{"allow":["GET"]}}],"collection":[{"href":"https:\/\/veda.polac.cz\/index.php?rest_route=\/wp\/v2\/pages"}],"about":[{"href":"https:\/\/veda.polac.cz\/index.php?rest_route=\/wp\/v2\/types\/page"}],"author":[{"embeddable":true,"href":"https:\/\/veda.polac.cz\/index.php?rest_route=\/wp\/v2\/users\/2"}],"replies":[{"embeddable":true,"href":"https:\/\/veda.polac.cz\/index.php?rest_route=%2Fwp%2Fv2%2Fcomments&post=3240"}],"version-history":[{"count":2,"href":"https:\/\/veda.polac.cz\/index.php?rest_route=\/wp\/v2\/pages\/3240\/revisions"}],"predecessor-version":[{"id":3284,"href":"https:\/\/veda.polac.cz\/index.php?rest_route=\/wp\/v2\/pages\/3240\/revisions\/3284"}],"up":[{"embeddable":true,"href":"https:\/\/veda.polac.cz\/index.php?rest_route=\/wp\/v2\/pages\/1651"}],"wp:attachment":[{"href":"https:\/\/veda.polac.cz\/index.php?rest_route=%2Fwp%2Fv2%2Fmedia&parent=3240"}],"curies":[{"name":"wp","href":"https:\/\/api.w.org\/{rel}","templated":true}]}}