{"id":3238,"date":"2019-04-20T07:19:22","date_gmt":"2019-04-20T07:19:22","guid":{"rendered":"http:\/\/veda.polac.cz\/?page_id=3238"},"modified":"2019-04-20T13:28:43","modified_gmt":"2019-04-20T13:28:43","slug":"3-2","status":"publish","type":"page","link":"https:\/\/veda.polac.cz\/?page_id=3238","title":{"rendered":""},"content":{"rendered":"<p style=\"text-align: center;\">Resum\u00e9 \u010dl\u00e1nku<\/p>\n<p style=\"font-weight: 400;\"><strong>Syst\u00e9mov\u00fd p\u0159\u00edstup k bezpe\u010dnostn\u00edmu managementu<br \/>\n<\/strong><em>Ing. Milan Kn\u00fd, CSc.<\/em><\/p>\n<p style=\"font-weight: 400;\">Syst\u00e9mov\u00fd p\u0159\u00edstup k\u00a0\u0159e\u0161en\u00ed probl\u00e9m\u016f bezpe\u010dnostn\u00edho managementu obohacuje z\u00e1rove\u0148 policejn\u00ed v\u011bdy i resortn\u00ed praxi ministerstva vnitra. Celoplanet\u00e1rn\u00ed i u\u017e\u0161\u00ed vymezen\u00ed globality d\u00e1v\u00e1 r\u00e1mec vn\u011bj\u0161\u00edho syst\u00e9mov\u00e9ho prost\u0159ed\u00ed pro \u0159\u00edzen\u00ed bezpe\u010dnosti v\u00a0\u010cR. Autor odkr\u00fdv\u00e1 aktu\u00e1ln\u00ed problematiku a pojet\u00ed bezpe\u010dnostn\u00edho managementu, kter\u00fd je \u010derstv\u011b akreditov\u00e1n jako studijn\u00ed obor magistersk\u00e9ho a\u00a0doktorsk\u00e9ho programu PA \u010cR v\u00a0Praze a vstupuje do pov\u011bdom\u00ed odborn\u00e9 ve\u0159ejnosti jako t\u00e9ma a latentn\u00ed subdiscipl\u00edna teorie managementu.<br \/>\nKl\u00ed\u010dov\u00e1 slova: bezpe\u010dnostn\u00ed management, syst\u00e9mov\u00fd p\u0159\u00edstup, policejn\u00ed v\u011bdy.<\/p>\n<hr \/>\n<p><a href=\"https:\/\/veda.polac.cz\/?page_id=1651\">Zp\u011bt<\/a><\/p>\n","protected":false},"excerpt":{"rendered":"<p>Resum\u00e9 \u010dl\u00e1nku Syst\u00e9mov\u00fd p\u0159\u00edstup k bezpe\u010dnostn\u00edmu managementu Ing. Milan Kn\u00fd, CSc. Syst\u00e9mov\u00fd p\u0159\u00edstup k\u00a0\u0159e\u0161en\u00ed probl\u00e9m\u016f bezpe\u010dnostn\u00edho managementu obohacuje z\u00e1rove\u0148 policejn\u00ed v\u011bdy i resortn\u00ed praxi ministerstva vnitra. Celoplanet\u00e1rn\u00ed i u\u017e\u0161\u00ed vymezen\u00ed globality d\u00e1v\u00e1 r\u00e1mec vn\u011bj\u0161\u00edho syst\u00e9mov\u00e9ho prost\u0159ed\u00ed pro \u0159\u00edzen\u00ed bezpe\u010dnosti v\u00a0\u010cR. Autor odkr\u00fdv\u00e1 aktu\u00e1ln\u00ed problematiku a pojet\u00ed bezpe\u010dnostn\u00edho managementu, kter\u00fd je \u010derstv\u011b akreditov\u00e1n jako studijn\u00ed obor [&hellip;]<\/p>\n","protected":false},"author":2,"featured_media":0,"parent":1651,"menu_order":0,"comment_status":"closed","ping_status":"closed","template":"","meta":{"footnotes":""},"class_list":["post-3238","page","type-page","status-publish","hentry"],"_links":{"self":[{"href":"https:\/\/veda.polac.cz\/index.php?rest_route=\/wp\/v2\/pages\/3238","targetHints":{"allow":["GET"]}}],"collection":[{"href":"https:\/\/veda.polac.cz\/index.php?rest_route=\/wp\/v2\/pages"}],"about":[{"href":"https:\/\/veda.polac.cz\/index.php?rest_route=\/wp\/v2\/types\/page"}],"author":[{"embeddable":true,"href":"https:\/\/veda.polac.cz\/index.php?rest_route=\/wp\/v2\/users\/2"}],"replies":[{"embeddable":true,"href":"https:\/\/veda.polac.cz\/index.php?rest_route=%2Fwp%2Fv2%2Fcomments&post=3238"}],"version-history":[{"count":3,"href":"https:\/\/veda.polac.cz\/index.php?rest_route=\/wp\/v2\/pages\/3238\/revisions"}],"predecessor-version":[{"id":3283,"href":"https:\/\/veda.polac.cz\/index.php?rest_route=\/wp\/v2\/pages\/3238\/revisions\/3283"}],"up":[{"embeddable":true,"href":"https:\/\/veda.polac.cz\/index.php?rest_route=\/wp\/v2\/pages\/1651"}],"wp:attachment":[{"href":"https:\/\/veda.polac.cz\/index.php?rest_route=%2Fwp%2Fv2%2Fmedia&parent=3238"}],"curies":[{"name":"wp","href":"https:\/\/api.w.org\/{rel}","templated":true}]}}