{"id":3236,"date":"2019-04-20T07:17:57","date_gmt":"2019-04-20T07:17:57","guid":{"rendered":"http:\/\/veda.polac.cz\/?page_id=3236"},"modified":"2019-04-20T13:28:34","modified_gmt":"2019-04-20T13:28:34","slug":"2-2","status":"publish","type":"page","link":"https:\/\/veda.polac.cz\/?page_id=3236","title":{"rendered":""},"content":{"rendered":"<p style=\"text-align: center;\">Resum\u00e9 \u010dl\u00e1nku<\/p>\n<p style=\"font-weight: 400;\"><strong>Vybran\u00e9 pracovnopr\u00e1vne a\u00a0verejnopr\u00e1vne aspekty \u0161t\u00e1tnozamestnaneck\u00e9ho pomeru v\u00a0podmienkach aktu\u00e1lneho spolo\u010densk\u00e9ho v\u00fdvoja v\u00a0SR<br \/>\n<\/strong><em>JUDr. Michal Kuril<\/em><\/p>\n<p style=\"font-weight: 400;\">\u0160t\u00e1tnozamestnaneck\u00fd pomer predstavuje pr\u00e1vny vz\u0165ah prostredn\u00edctvom ktor\u00e9ho sa \u010das\u0165 ob\u010danov z\u00fa\u010dast\u0148uje pracovn\u00e9ho procesu. V\u00a0r\u00e1mci \u010dlenenia pracovno-pr\u00e1vnych vz\u0165ahov m\u00e1 osobitn\u00e9 postavenie v\u00a0podskupine \u010fal\u0161\u00edch pr\u00e1vnych vz\u0165ahov a\u00a0vykazuje ur\u010dit\u00e9 \u0161pecifik\u00e1 pri komparatistickom vedeckom hodnoten\u00ed so z\u00e1kladn\u00fdm pracovnopr\u00e1vnym vz\u0165ahom reprezentovan\u00fdm pracovn\u00fdm pomerom a\u00a0dohodami o\u00a0pr\u00e1cach vykon\u00e1van\u00fdch mimo pracovn\u00e9ho pomeru upravovan\u00fdmi Z\u00e1konn\u00edkom pr\u00e1ce. \u010cl\u00e1nek se zam\u011b\u0159uje na vybran\u00e9 pracovn\u011bpr\u00e1vn\u00ed a\u00a0ve\u0159ejnopr\u00e1vn\u00ed aspekty \u0161t\u00e1tno-zamestnaneck\u00e9ho pomeru v\u00a0SR.<br \/>\nK\u013e\u00fa\u010dov\u00e9 slov\u00e1: \u0161t\u00e1tnozamestnaneck\u00fd pomer, z\u00e1kladn\u00fd pracovnopr\u00e1vny vz\u0165ah, pracovn\u00fd pomer, charakteristick\u00e9 znaky, pracovnopr\u00e1vne aspekty, verejno-pr\u00e1vne\u00a0 aspekty, predmet, vznik, \u0161t\u00e1t ako zamestn\u00e1vate\u013esk\u00fd subjekt.<\/p>\n<hr \/>\n<p><a href=\"https:\/\/veda.polac.cz\/?page_id=1651\">Zp\u011bt<\/a><\/p>\n","protected":false},"excerpt":{"rendered":"<p>Resum\u00e9 \u010dl\u00e1nku Vybran\u00e9 pracovnopr\u00e1vne a\u00a0verejnopr\u00e1vne aspekty \u0161t\u00e1tnozamestnaneck\u00e9ho pomeru v\u00a0podmienkach aktu\u00e1lneho spolo\u010densk\u00e9ho v\u00fdvoja v\u00a0SR JUDr. Michal Kuril \u0160t\u00e1tnozamestnaneck\u00fd pomer predstavuje pr\u00e1vny vz\u0165ah prostredn\u00edctvom ktor\u00e9ho sa \u010das\u0165 ob\u010danov z\u00fa\u010dast\u0148uje pracovn\u00e9ho procesu. V\u00a0r\u00e1mci \u010dlenenia pracovno-pr\u00e1vnych vz\u0165ahov m\u00e1 osobitn\u00e9 postavenie v\u00a0podskupine \u010fal\u0161\u00edch pr\u00e1vnych vz\u0165ahov a\u00a0vykazuje ur\u010dit\u00e9 \u0161pecifik\u00e1 pri komparatistickom vedeckom hodnoten\u00ed so z\u00e1kladn\u00fdm pracovnopr\u00e1vnym vz\u0165ahom reprezentovan\u00fdm pracovn\u00fdm pomerom a\u00a0dohodami [&hellip;]<\/p>\n","protected":false},"author":2,"featured_media":0,"parent":1651,"menu_order":0,"comment_status":"closed","ping_status":"closed","template":"","meta":{"footnotes":""},"class_list":["post-3236","page","type-page","status-publish","hentry"],"_links":{"self":[{"href":"https:\/\/veda.polac.cz\/index.php?rest_route=\/wp\/v2\/pages\/3236","targetHints":{"allow":["GET"]}}],"collection":[{"href":"https:\/\/veda.polac.cz\/index.php?rest_route=\/wp\/v2\/pages"}],"about":[{"href":"https:\/\/veda.polac.cz\/index.php?rest_route=\/wp\/v2\/types\/page"}],"author":[{"embeddable":true,"href":"https:\/\/veda.polac.cz\/index.php?rest_route=\/wp\/v2\/users\/2"}],"replies":[{"embeddable":true,"href":"https:\/\/veda.polac.cz\/index.php?rest_route=%2Fwp%2Fv2%2Fcomments&post=3236"}],"version-history":[{"count":2,"href":"https:\/\/veda.polac.cz\/index.php?rest_route=\/wp\/v2\/pages\/3236\/revisions"}],"predecessor-version":[{"id":3282,"href":"https:\/\/veda.polac.cz\/index.php?rest_route=\/wp\/v2\/pages\/3236\/revisions\/3282"}],"up":[{"embeddable":true,"href":"https:\/\/veda.polac.cz\/index.php?rest_route=\/wp\/v2\/pages\/1651"}],"wp:attachment":[{"href":"https:\/\/veda.polac.cz\/index.php?rest_route=%2Fwp%2Fv2%2Fmedia&parent=3236"}],"curies":[{"name":"wp","href":"https:\/\/api.w.org\/{rel}","templated":true}]}}