{"id":3234,"date":"2019-04-20T07:16:32","date_gmt":"2019-04-20T07:16:32","guid":{"rendered":"http:\/\/veda.polac.cz\/?page_id=3234"},"modified":"2019-04-20T13:27:57","modified_gmt":"2019-04-20T13:27:57","slug":"1-2","status":"publish","type":"page","link":"https:\/\/veda.polac.cz\/?page_id=3234","title":{"rendered":""},"content":{"rendered":"<p style=\"text-align: center;\">Resum\u00e9 \u010dl\u00e1nku<\/p>\n<p style=\"font-weight: 400;\"><strong>Pot\u0159ebnost securitologie jako bezpe\u010dnostn\u00ed v\u011bdy<br \/>\n<\/strong><em>plk. Ing. Jarmil Val\u00e1\u0161ek, Ph.D.<\/em><\/p>\n<p style=\"font-weight: 400;\">Vt\u011bsnat nov\u00e9 bezpe\u010dnostn\u00ed hrozby ve v\u0161ech jejich projevech, do struktury v\u011bdn\u00edch discipl\u00edn v\u00a0sou\u010dasn\u00e9m pojet\u00ed, je nere\u00e1ln\u00e9. Logicky tak vznik\u00e1 nutnost vytvo\u0159en\u00ed interdisciplin\u00e1rn\u00edho v\u011bdn\u00edho oboru zab\u00fdvaj\u00edc\u00edho se komplexn\u011b bezpe\u010dnost\u00ed soudob\u00e9 civilizace. Securitologie neboli v\u011bda zab\u00fdvaj\u00edc\u00ed se bezpe\u010dnost\u00ed, se st\u00e1v\u00e1 v\u00fdznamn\u00fdm n\u00e1strojem pro ve\u0159ejnou spr\u00e1vu.<br \/>\nKl\u00ed\u010dov\u00e1 slova: securitologie, bezpe\u010dnostn\u00ed v\u011bda, bezpe\u010dnost, syst\u00e9m, funkce.<\/p>\n<hr \/>\n<p style=\"font-weight: 400;\"><a href=\"https:\/\/veda.polac.cz\/?page_id=1651\">Zp\u011bt<\/a><\/p>\n","protected":false},"excerpt":{"rendered":"<p>Resum\u00e9 \u010dl\u00e1nku Pot\u0159ebnost securitologie jako bezpe\u010dnostn\u00ed v\u011bdy plk. Ing. Jarmil Val\u00e1\u0161ek, Ph.D. Vt\u011bsnat nov\u00e9 bezpe\u010dnostn\u00ed hrozby ve v\u0161ech jejich projevech, do struktury v\u011bdn\u00edch discipl\u00edn v\u00a0sou\u010dasn\u00e9m pojet\u00ed, je nere\u00e1ln\u00e9. Logicky tak vznik\u00e1 nutnost vytvo\u0159en\u00ed interdisciplin\u00e1rn\u00edho v\u011bdn\u00edho oboru zab\u00fdvaj\u00edc\u00edho se komplexn\u011b bezpe\u010dnost\u00ed soudob\u00e9 civilizace. Securitologie neboli v\u011bda zab\u00fdvaj\u00edc\u00ed se bezpe\u010dnost\u00ed, se st\u00e1v\u00e1 v\u00fdznamn\u00fdm n\u00e1strojem pro ve\u0159ejnou spr\u00e1vu. [&hellip;]<\/p>\n","protected":false},"author":2,"featured_media":0,"parent":1651,"menu_order":0,"comment_status":"closed","ping_status":"closed","template":"","meta":{"footnotes":""},"class_list":["post-3234","page","type-page","status-publish","hentry"],"_links":{"self":[{"href":"https:\/\/veda.polac.cz\/index.php?rest_route=\/wp\/v2\/pages\/3234","targetHints":{"allow":["GET"]}}],"collection":[{"href":"https:\/\/veda.polac.cz\/index.php?rest_route=\/wp\/v2\/pages"}],"about":[{"href":"https:\/\/veda.polac.cz\/index.php?rest_route=\/wp\/v2\/types\/page"}],"author":[{"embeddable":true,"href":"https:\/\/veda.polac.cz\/index.php?rest_route=\/wp\/v2\/users\/2"}],"replies":[{"embeddable":true,"href":"https:\/\/veda.polac.cz\/index.php?rest_route=%2Fwp%2Fv2%2Fcomments&post=3234"}],"version-history":[{"count":2,"href":"https:\/\/veda.polac.cz\/index.php?rest_route=\/wp\/v2\/pages\/3234\/revisions"}],"predecessor-version":[{"id":3273,"href":"https:\/\/veda.polac.cz\/index.php?rest_route=\/wp\/v2\/pages\/3234\/revisions\/3273"}],"up":[{"embeddable":true,"href":"https:\/\/veda.polac.cz\/index.php?rest_route=\/wp\/v2\/pages\/1651"}],"wp:attachment":[{"href":"https:\/\/veda.polac.cz\/index.php?rest_route=%2Fwp%2Fv2%2Fmedia&parent=3234"}],"curies":[{"name":"wp","href":"https:\/\/api.w.org\/{rel}","templated":true}]}}