{"id":3206,"date":"2019-04-20T07:04:18","date_gmt":"2019-04-20T07:04:18","guid":{"rendered":"http:\/\/veda.polac.cz\/?page_id=3206"},"modified":"2019-04-20T07:14:33","modified_gmt":"2019-04-20T07:14:33","slug":"10-2","status":"publish","type":"page","link":"https:\/\/veda.polac.cz\/?page_id=3206","title":{"rendered":""},"content":{"rendered":"<p style=\"text-align: center;\">Resum\u00e9 \u010dl\u00e1nku<\/p>\n<p style=\"font-weight: 400;\"><strong>P\u00e1chate\u013e v\u00a0dlhodobom v\u00fdkone trestu od\u0148atia slobody a\u00a0jeho soci\u00e1lna progn\u00f3za<br \/>\n<\/strong><em>doc. PhDr. Anton\u00edn Kozo\u0148, CSc., doc. PhDr. Stanislav Ne\u010das, CSc.<\/em><\/p>\n<p style=\"font-weight: 400;\">\u010cl\u00e1nek sa zameriava na osobnos\u0165 p\u00e1chate\u013ea z\u00e1va\u017enej trestnej \u010dinnosti &#8211; zlo\u010dinu, ktor\u00fd \u00a0si odpyk\u00e1va dlhodob\u00fd trestu od\u0148atia slobody. Na ods\u00faden\u00e9ho vpl\u00fdvaj\u00fa depriva\u010dn\u00e9 d\u00f4sledky psychosoci\u00e1lnych a\u00a0somatick\u00fdch potrieb. Nie v\u0161ak v\u0161etky maj\u00fa na kone\u010dn\u00e9 spr\u00e1vanie pre soci\u00e1lne prostredie po prepusten\u00ed na slobodu negat\u00edvny dopad, hoci zni\u017euj\u00fa kvalitu osobn\u00e9ho pre\u017e\u00edvania. U\u00a0mnoh\u00fdch dlhodobo v\u00e4znen\u00fdch os\u00f4b krimin\u00e1lne spr\u00e1vanie je hlboko zakorenen\u00fdm procesom, ktor\u00fd sa sp\u00fa\u0161\u0165a na vhodn\u00fd podnet. Preto s\u00fa aj po prepusten\u00ed na slobodu st\u00e1le nebezpe\u010dn\u00ed.<br \/>\n<strong>K\u013e\u00fa\u010dov\u00e9 slov\u00e1:<\/strong>\u00a0Osobnos\u0165 ods\u00faden\u00e9ho, biosocialita krimin\u00e1lneho spr\u00e1vania, dlhodob\u00fd trest od\u0148atia slobody, depriv\u00e1cia, resocializ\u00e1cia, soci\u00e1lna progn\u00f3za.<\/p>\n<hr \/>\n<p><a href=\"https:\/\/veda.polac.cz\/?page_id=1648\">Zp\u011bt<\/a><\/p>\n","protected":false},"excerpt":{"rendered":"<p>Resum\u00e9 \u010dl\u00e1nku P\u00e1chate\u013e v\u00a0dlhodobom v\u00fdkone trestu od\u0148atia slobody a\u00a0jeho soci\u00e1lna progn\u00f3za doc. PhDr. Anton\u00edn Kozo\u0148, CSc., doc. PhDr. Stanislav Ne\u010das, CSc. \u010cl\u00e1nek sa zameriava na osobnos\u0165 p\u00e1chate\u013ea z\u00e1va\u017enej trestnej \u010dinnosti &#8211; zlo\u010dinu, ktor\u00fd \u00a0si odpyk\u00e1va dlhodob\u00fd trestu od\u0148atia slobody. Na ods\u00faden\u00e9ho vpl\u00fdvaj\u00fa depriva\u010dn\u00e9 d\u00f4sledky psychosoci\u00e1lnych a\u00a0somatick\u00fdch potrieb. Nie v\u0161ak v\u0161etky maj\u00fa na kone\u010dn\u00e9 spr\u00e1vanie pre [&hellip;]<\/p>\n","protected":false},"author":2,"featured_media":0,"parent":1648,"menu_order":0,"comment_status":"closed","ping_status":"closed","template":"","meta":{"footnotes":""},"class_list":["post-3206","page","type-page","status-publish","hentry"],"_links":{"self":[{"href":"https:\/\/veda.polac.cz\/index.php?rest_route=\/wp\/v2\/pages\/3206","targetHints":{"allow":["GET"]}}],"collection":[{"href":"https:\/\/veda.polac.cz\/index.php?rest_route=\/wp\/v2\/pages"}],"about":[{"href":"https:\/\/veda.polac.cz\/index.php?rest_route=\/wp\/v2\/types\/page"}],"author":[{"embeddable":true,"href":"https:\/\/veda.polac.cz\/index.php?rest_route=\/wp\/v2\/users\/2"}],"replies":[{"embeddable":true,"href":"https:\/\/veda.polac.cz\/index.php?rest_route=%2Fwp%2Fv2%2Fcomments&post=3206"}],"version-history":[{"count":2,"href":"https:\/\/veda.polac.cz\/index.php?rest_route=\/wp\/v2\/pages\/3206\/revisions"}],"predecessor-version":[{"id":3221,"href":"https:\/\/veda.polac.cz\/index.php?rest_route=\/wp\/v2\/pages\/3206\/revisions\/3221"}],"up":[{"embeddable":true,"href":"https:\/\/veda.polac.cz\/index.php?rest_route=\/wp\/v2\/pages\/1648"}],"wp:attachment":[{"href":"https:\/\/veda.polac.cz\/index.php?rest_route=%2Fwp%2Fv2%2Fmedia&parent=3206"}],"curies":[{"name":"wp","href":"https:\/\/api.w.org\/{rel}","templated":true}]}}