{"id":3204,"date":"2019-04-20T07:03:15","date_gmt":"2019-04-20T07:03:15","guid":{"rendered":"http:\/\/veda.polac.cz\/?page_id=3204"},"modified":"2019-04-20T07:14:58","modified_gmt":"2019-04-20T07:14:58","slug":"9-2","status":"publish","type":"page","link":"https:\/\/veda.polac.cz\/?page_id=3204","title":{"rendered":""},"content":{"rendered":"<p style=\"text-align: center;\">Resum\u00e9 \u010dl\u00e1nku<\/p>\n<p style=\"font-weight: 400;\"><strong>Drogy v\u00a0silni\u010dn\u00ed doprav\u011b<br \/>\n<\/strong><em>doc. PhDr. Kamil Pavl\u00ed\u010dek, CSc., pplk. Mgr. David Z\u00e1mek, pplk. Mgr. Marek Bla\u017eejovsk\u00fd<\/em><\/p>\n<p style=\"font-weight: 400;\">Auto\u0159i se ve sv\u00e9m \u010dl\u00e1nku zab\u00fdvaj\u00ed problematikou u\u017e\u00edv\u00e1n\u00ed drog v\u00a0doprav\u011b a navazuj\u00ed na ji\u017e publikovanou pr\u00e1ci pod n\u00e1zvem \u201eNeleg\u00e1ln\u00ed n\u00e1vykov\u00e9 l\u00e1tky na hromadn\u00fdch akc\u00edch\u201c.<br \/>\nSta\u0165 je d\u00edl\u010d\u00edm v\u00fdstupem z\u00a0v\u00fdzkumn\u00e9ho \u00fakolu \u00dastavu policejn\u011b bezpe\u010dnostn\u00edch studi\u00ed, Policejn\u00ed akademie \u010cR v\u00a0Praze \u201eTeoretick\u00e9 ot\u00e1zky bezpe\u010dnostn\u00edho v\u00fdzkumu k\u00a0syst\u00e9mu ochrany vnit\u0159n\u00ed bezpe\u010dnosti st\u00e1tu\u201c a sice d\u00edl\u010d\u00edho projektu pod n\u00e1zvem \u201eHromadn\u00e9 akce\u201c.<br \/>\n<strong>Kl\u00ed\u010dov\u00e1 slova:<\/strong>\u00a0doprava, Policie \u010cR, hromadn\u00e9 akce, alkohol, drogy, ve\u0159ejn\u00fd po\u0159\u00e1dek.<\/p>\n<hr \/>\n<p><a href=\"https:\/\/veda.polac.cz\/?page_id=1648\">Zp\u011bt<\/a><\/p>\n","protected":false},"excerpt":{"rendered":"<p>Resum\u00e9 \u010dl\u00e1nku Drogy v\u00a0silni\u010dn\u00ed doprav\u011b doc. PhDr. Kamil Pavl\u00ed\u010dek, CSc., pplk. Mgr. David Z\u00e1mek, pplk. Mgr. Marek Bla\u017eejovsk\u00fd Auto\u0159i se ve sv\u00e9m \u010dl\u00e1nku zab\u00fdvaj\u00ed problematikou u\u017e\u00edv\u00e1n\u00ed drog v\u00a0doprav\u011b a navazuj\u00ed na ji\u017e publikovanou pr\u00e1ci pod n\u00e1zvem \u201eNeleg\u00e1ln\u00ed n\u00e1vykov\u00e9 l\u00e1tky na hromadn\u00fdch akc\u00edch\u201c. Sta\u0165 je d\u00edl\u010d\u00edm v\u00fdstupem z\u00a0v\u00fdzkumn\u00e9ho \u00fakolu \u00dastavu policejn\u011b bezpe\u010dnostn\u00edch studi\u00ed, Policejn\u00ed akademie \u010cR [&hellip;]<\/p>\n","protected":false},"author":2,"featured_media":0,"parent":1648,"menu_order":0,"comment_status":"closed","ping_status":"closed","template":"","meta":{"footnotes":""},"class_list":["post-3204","page","type-page","status-publish","hentry"],"_links":{"self":[{"href":"https:\/\/veda.polac.cz\/index.php?rest_route=\/wp\/v2\/pages\/3204","targetHints":{"allow":["GET"]}}],"collection":[{"href":"https:\/\/veda.polac.cz\/index.php?rest_route=\/wp\/v2\/pages"}],"about":[{"href":"https:\/\/veda.polac.cz\/index.php?rest_route=\/wp\/v2\/types\/page"}],"author":[{"embeddable":true,"href":"https:\/\/veda.polac.cz\/index.php?rest_route=\/wp\/v2\/users\/2"}],"replies":[{"embeddable":true,"href":"https:\/\/veda.polac.cz\/index.php?rest_route=%2Fwp%2Fv2%2Fcomments&post=3204"}],"version-history":[{"count":2,"href":"https:\/\/veda.polac.cz\/index.php?rest_route=\/wp\/v2\/pages\/3204\/revisions"}],"predecessor-version":[{"id":3233,"href":"https:\/\/veda.polac.cz\/index.php?rest_route=\/wp\/v2\/pages\/3204\/revisions\/3233"}],"up":[{"embeddable":true,"href":"https:\/\/veda.polac.cz\/index.php?rest_route=\/wp\/v2\/pages\/1648"}],"wp:attachment":[{"href":"https:\/\/veda.polac.cz\/index.php?rest_route=%2Fwp%2Fv2%2Fmedia&parent=3204"}],"curies":[{"name":"wp","href":"https:\/\/api.w.org\/{rel}","templated":true}]}}