{"id":3202,"date":"2019-04-20T07:01:28","date_gmt":"2019-04-20T07:01:28","guid":{"rendered":"http:\/\/veda.polac.cz\/?page_id=3202"},"modified":"2019-04-20T07:14:56","modified_gmt":"2019-04-20T07:14:56","slug":"8-2","status":"publish","type":"page","link":"https:\/\/veda.polac.cz\/?page_id=3202","title":{"rendered":""},"content":{"rendered":"<p style=\"text-align: center;\">Resum\u00e9 \u010dl\u00e1nku<\/p>\n<p style=\"font-weight: 400;\"><strong>Charakteristika cestnej dopravy v\u00a0Slovenskej republike a\u00a0strat\u00e9gia jej rozvoja<br \/>\nI. \u010cas\u0165<em><br \/>\n<\/em><\/strong><em>pplk. JUDr. Miroslav Felcan, PhD.<\/em><\/p>\n<p style=\"font-weight: 400;\">\u0160t\u00fadia analyzuje a z\u00e1rove\u0148 poukazuje na rozvoj a\u00a0bezpe\u010dnos\u0165 cestnej dopravy \u010do je jeden z\u00a0najpodstatnej\u0161\u00edch faktorov napredovania a\u00a0rozvoja vyspelej a\u00a0eko-nomicky silnej spolo\u010dnosti, pri\u010dom sama o\u00a0sebe nie je cie\u013eom, ale n\u00e1strojom hospod\u00e1rskeho a\u00a0ekonomick\u00e9ho rozvoja s\u00a0predpokladom k\u00a0dosiahnutiu ekonomic-kej, soci\u00e1lnej a\u00a0region\u00e1lnej s\u00fadr\u017enosti. Autor analyzuje v\u00a0dvoch \u010dastiach problematiku zav\u00e1dzania informa\u010dn\u00fdch a\u00a0komunika\u010dn\u00fdch technol\u00f3gi\u00ed, ktor\u00e1 je problematikou pomerne novou a\u00a0dynamicky sa rozv\u00edjaj\u00facou. Zav\u00e1dzanie nov\u00fdch komunika\u010dn\u00fdch a\u00a0informa\u010dn\u00fdch technol\u00f3gi\u00ed do be\u017en\u00e9ho \u017eivota je podmienen\u00e9 dopravnou politikou \u0161t\u00e1tu. Vytvori\u0165 priestor pre v\u00fdvoj udr\u017eate\u013enej dopravy na Slovensku je prvoradou t\u00e9mou dopravnej politiky \u0161t\u00e1tu.<br \/>\n<strong>K\u013e\u00fa\u010dov\u00e9 slov\u00e1:<\/strong>\u00a0Eur\u00f3pska \u00fania, harmoniz\u00e1cia, aproxim\u00e1cia, integr\u00e1cia, cestn\u00e1 doprava, dopravn\u00fd syst\u00e9m, bezpe\u010dnos\u0165 cestnej dopravy, cestn\u00e9 dopravn\u00e9 nehody, infra\u0161trukt\u00fara, kongescie, \u017eivotn\u00e9 prostredie, komunika\u010dn\u00e9 a\u00a0informa\u010dn\u00e9 technol\u00f3gie, dopravn\u00e1 politika, transeur\u00f3pska dopravn\u00e1 sie\u0165, inteligentn\u00fd dopravn\u00fd syst\u00e9mDrogy v\u00a0silni\u010dn\u00ed doprav\u011b.<\/p>\n<hr \/>\n<p style=\"font-weight: 400;\"><a href=\"https:\/\/veda.polac.cz\/?page_id=1648\">Zp\u011bt<\/a><\/p>\n","protected":false},"excerpt":{"rendered":"<p>Resum\u00e9 \u010dl\u00e1nku Charakteristika cestnej dopravy v\u00a0Slovenskej republike a\u00a0strat\u00e9gia jej rozvoja I. \u010cas\u0165 pplk. JUDr. Miroslav Felcan, PhD. \u0160t\u00fadia analyzuje a z\u00e1rove\u0148 poukazuje na rozvoj a\u00a0bezpe\u010dnos\u0165 cestnej dopravy \u010do je jeden z\u00a0najpodstatnej\u0161\u00edch faktorov napredovania a\u00a0rozvoja vyspelej a\u00a0eko-nomicky silnej spolo\u010dnosti, pri\u010dom sama o\u00a0sebe nie je cie\u013eom, ale n\u00e1strojom hospod\u00e1rskeho a\u00a0ekonomick\u00e9ho rozvoja s\u00a0predpokladom k\u00a0dosiahnutiu ekonomic-kej, soci\u00e1lnej a\u00a0region\u00e1lnej s\u00fadr\u017enosti. [&hellip;]<\/p>\n","protected":false},"author":2,"featured_media":0,"parent":1648,"menu_order":0,"comment_status":"closed","ping_status":"closed","template":"","meta":{"footnotes":""},"class_list":["post-3202","page","type-page","status-publish","hentry"],"_links":{"self":[{"href":"https:\/\/veda.polac.cz\/index.php?rest_route=\/wp\/v2\/pages\/3202","targetHints":{"allow":["GET"]}}],"collection":[{"href":"https:\/\/veda.polac.cz\/index.php?rest_route=\/wp\/v2\/pages"}],"about":[{"href":"https:\/\/veda.polac.cz\/index.php?rest_route=\/wp\/v2\/types\/page"}],"author":[{"embeddable":true,"href":"https:\/\/veda.polac.cz\/index.php?rest_route=\/wp\/v2\/users\/2"}],"replies":[{"embeddable":true,"href":"https:\/\/veda.polac.cz\/index.php?rest_route=%2Fwp%2Fv2%2Fcomments&post=3202"}],"version-history":[{"count":2,"href":"https:\/\/veda.polac.cz\/index.php?rest_route=\/wp\/v2\/pages\/3202\/revisions"}],"predecessor-version":[{"id":3232,"href":"https:\/\/veda.polac.cz\/index.php?rest_route=\/wp\/v2\/pages\/3202\/revisions\/3232"}],"up":[{"embeddable":true,"href":"https:\/\/veda.polac.cz\/index.php?rest_route=\/wp\/v2\/pages\/1648"}],"wp:attachment":[{"href":"https:\/\/veda.polac.cz\/index.php?rest_route=%2Fwp%2Fv2%2Fmedia&parent=3202"}],"curies":[{"name":"wp","href":"https:\/\/api.w.org\/{rel}","templated":true}]}}