{"id":3200,"date":"2019-04-20T06:59:09","date_gmt":"2019-04-20T06:59:09","guid":{"rendered":"http:\/\/veda.polac.cz\/?page_id=3200"},"modified":"2019-04-20T07:14:54","modified_gmt":"2019-04-20T07:14:54","slug":"7-2","status":"publish","type":"page","link":"https:\/\/veda.polac.cz\/?page_id=3200","title":{"rendered":""},"content":{"rendered":"<p style=\"text-align: center;\">Resum\u00e9 \u010dl\u00e1nku<\/p>\n<p style=\"font-weight: 400;\"><strong>Policie \u201ecestn\u00ed\u201c \u2013 p\u0159edobraz dopravn\u00ed policie<br \/>\n<\/strong><em>plk. JUDr. Mgr. Jan Br\u00e1zda, Ph.D.<\/em><\/p>\n<p style=\"font-weight: 400;\">Autor ve sv\u00e9m \u010dl\u00e1nku reaguje na reorganizaci Policie \u010cR, zejm\u00e9na pak na \u00faseku slu\u017eby dopravn\u00ed policie. Zab\u00fdv\u00e1 se n\u00e1pln\u00ed cestn\u00ed policie v\u00a0druh\u00e9 polovin\u011b devaten\u00e1ct\u00e9ho stolet\u00ed a upozor\u0148uje na zvl\u00e1\u0161tnosti v\u00a0tehdej\u0161\u00ed pr\u00e1vn\u00ed \u00faprav\u011b.<br \/>\n<strong>Kl\u00ed\u010dov\u00e1 slova:<\/strong>\u00a0policie cestn\u00ed, historie.<\/p>\n<hr \/>\n<p style=\"font-weight: 400;\">\u00a0<a href=\"https:\/\/veda.polac.cz\/?page_id=1648\">Zp\u011bt<\/a><\/p>\n","protected":false},"excerpt":{"rendered":"<p>Resum\u00e9 \u010dl\u00e1nku Policie \u201ecestn\u00ed\u201c \u2013 p\u0159edobraz dopravn\u00ed policie plk. JUDr. Mgr. Jan Br\u00e1zda, Ph.D. Autor ve sv\u00e9m \u010dl\u00e1nku reaguje na reorganizaci Policie \u010cR, zejm\u00e9na pak na \u00faseku slu\u017eby dopravn\u00ed policie. Zab\u00fdv\u00e1 se n\u00e1pln\u00ed cestn\u00ed policie v\u00a0druh\u00e9 polovin\u011b devaten\u00e1ct\u00e9ho stolet\u00ed a upozor\u0148uje na zvl\u00e1\u0161tnosti v\u00a0tehdej\u0161\u00ed pr\u00e1vn\u00ed \u00faprav\u011b. Kl\u00ed\u010dov\u00e1 slova:\u00a0policie cestn\u00ed, historie. \u00a0Zp\u011bt<\/p>\n","protected":false},"author":2,"featured_media":0,"parent":1648,"menu_order":0,"comment_status":"closed","ping_status":"closed","template":"","meta":{"footnotes":""},"class_list":["post-3200","page","type-page","status-publish","hentry"],"_links":{"self":[{"href":"https:\/\/veda.polac.cz\/index.php?rest_route=\/wp\/v2\/pages\/3200","targetHints":{"allow":["GET"]}}],"collection":[{"href":"https:\/\/veda.polac.cz\/index.php?rest_route=\/wp\/v2\/pages"}],"about":[{"href":"https:\/\/veda.polac.cz\/index.php?rest_route=\/wp\/v2\/types\/page"}],"author":[{"embeddable":true,"href":"https:\/\/veda.polac.cz\/index.php?rest_route=\/wp\/v2\/users\/2"}],"replies":[{"embeddable":true,"href":"https:\/\/veda.polac.cz\/index.php?rest_route=%2Fwp%2Fv2%2Fcomments&post=3200"}],"version-history":[{"count":2,"href":"https:\/\/veda.polac.cz\/index.php?rest_route=\/wp\/v2\/pages\/3200\/revisions"}],"predecessor-version":[{"id":3231,"href":"https:\/\/veda.polac.cz\/index.php?rest_route=\/wp\/v2\/pages\/3200\/revisions\/3231"}],"up":[{"embeddable":true,"href":"https:\/\/veda.polac.cz\/index.php?rest_route=\/wp\/v2\/pages\/1648"}],"wp:attachment":[{"href":"https:\/\/veda.polac.cz\/index.php?rest_route=%2Fwp%2Fv2%2Fmedia&parent=3200"}],"curies":[{"name":"wp","href":"https:\/\/api.w.org\/{rel}","templated":true}]}}