{"id":3198,"date":"2019-04-20T06:57:58","date_gmt":"2019-04-20T06:57:58","guid":{"rendered":"http:\/\/veda.polac.cz\/?page_id=3198"},"modified":"2019-04-20T07:14:52","modified_gmt":"2019-04-20T07:14:52","slug":"6-2","status":"publish","type":"page","link":"https:\/\/veda.polac.cz\/?page_id=3198","title":{"rendered":""},"content":{"rendered":"<p style=\"text-align: center;\">Resum\u00e9 \u010dl\u00e1nku<\/p>\n<p style=\"font-weight: 400;\"><strong>K procesn\u00ed pou\u017eitelnosti expertizn\u00edho zkoum\u00e1n\u00ed DNA a otisk\u016f prst\u016f<br \/>\n<\/strong><em>JUDr. Petr Nov\u00e1k<\/em><\/p>\n<p style=\"font-weight: 400;\">P\u0159\u00edsp\u011bvek se zab\u00fdv\u00e1 problematikou pou\u017eitelnost\u00ed v\u00fdsledk\u016f expertizn\u00edho zkoum\u00e1n\u00ed prost\u0159ednictv\u00edm N\u00e1rodn\u00ed datab\u00e1ze DNA a syst\u00e9mu AFIS jako d\u016fkazu v\u00a0trestn\u00edm \u0159\u00edzen\u00ed. Vedle podm\u00ednek pro pou\u017eitelnost samotn\u00fdch expertizn\u00edch zkoum\u00e1n\u00ed je poukazov\u00e1no i na podm\u00ednky odb\u011br\u016f biologick\u00fdch materi\u00e1l\u016f (za \u00fa\u010delem z\u00edsk\u00e1n\u00ed profil\u016f DNA) a otisk\u016f prst\u016f, kter\u00e9 jsou k\u00a0n\u011bmu vyu\u017e\u00edv\u00e1ny.<\/p>\n<p style=\"font-weight: 400;\"><strong><em>Kl\u00ed\u010dov\u00e1 slova:<\/em><\/strong><em>\u00a0otisky prst\u016f, profily DNA, policejn\u00ed evidence, d\u016fkaz, trestn\u00ed \u0159\u00edzen\u00ed.<\/em><\/p>\n<hr \/>\n<p><a href=\"https:\/\/veda.polac.cz\/?page_id=1648\">Zp\u011bt<\/a><\/p>\n","protected":false},"excerpt":{"rendered":"<p>Resum\u00e9 \u010dl\u00e1nku K procesn\u00ed pou\u017eitelnosti expertizn\u00edho zkoum\u00e1n\u00ed DNA a otisk\u016f prst\u016f JUDr. Petr Nov\u00e1k P\u0159\u00edsp\u011bvek se zab\u00fdv\u00e1 problematikou pou\u017eitelnost\u00ed v\u00fdsledk\u016f expertizn\u00edho zkoum\u00e1n\u00ed prost\u0159ednictv\u00edm N\u00e1rodn\u00ed datab\u00e1ze DNA a syst\u00e9mu AFIS jako d\u016fkazu v\u00a0trestn\u00edm \u0159\u00edzen\u00ed. Vedle podm\u00ednek pro pou\u017eitelnost samotn\u00fdch expertizn\u00edch zkoum\u00e1n\u00ed je poukazov\u00e1no i na podm\u00ednky odb\u011br\u016f biologick\u00fdch materi\u00e1l\u016f (za \u00fa\u010delem z\u00edsk\u00e1n\u00ed profil\u016f DNA) a otisk\u016f [&hellip;]<\/p>\n","protected":false},"author":2,"featured_media":0,"parent":1648,"menu_order":0,"comment_status":"closed","ping_status":"closed","template":"","meta":{"footnotes":""},"class_list":["post-3198","page","type-page","status-publish","hentry"],"_links":{"self":[{"href":"https:\/\/veda.polac.cz\/index.php?rest_route=\/wp\/v2\/pages\/3198","targetHints":{"allow":["GET"]}}],"collection":[{"href":"https:\/\/veda.polac.cz\/index.php?rest_route=\/wp\/v2\/pages"}],"about":[{"href":"https:\/\/veda.polac.cz\/index.php?rest_route=\/wp\/v2\/types\/page"}],"author":[{"embeddable":true,"href":"https:\/\/veda.polac.cz\/index.php?rest_route=\/wp\/v2\/users\/2"}],"replies":[{"embeddable":true,"href":"https:\/\/veda.polac.cz\/index.php?rest_route=%2Fwp%2Fv2%2Fcomments&post=3198"}],"version-history":[{"count":2,"href":"https:\/\/veda.polac.cz\/index.php?rest_route=\/wp\/v2\/pages\/3198\/revisions"}],"predecessor-version":[{"id":3230,"href":"https:\/\/veda.polac.cz\/index.php?rest_route=\/wp\/v2\/pages\/3198\/revisions\/3230"}],"up":[{"embeddable":true,"href":"https:\/\/veda.polac.cz\/index.php?rest_route=\/wp\/v2\/pages\/1648"}],"wp:attachment":[{"href":"https:\/\/veda.polac.cz\/index.php?rest_route=%2Fwp%2Fv2%2Fmedia&parent=3198"}],"curies":[{"name":"wp","href":"https:\/\/api.w.org\/{rel}","templated":true}]}}