{"id":3194,"date":"2019-04-20T06:54:26","date_gmt":"2019-04-20T06:54:26","guid":{"rendered":"http:\/\/veda.polac.cz\/?page_id=3194"},"modified":"2019-04-20T07:14:49","modified_gmt":"2019-04-20T07:14:49","slug":"4-2","status":"publish","type":"page","link":"https:\/\/veda.polac.cz\/?page_id=3194","title":{"rendered":""},"content":{"rendered":"<p style=\"text-align: center;\">Resum\u00e9 \u010dl\u00e1nku<\/p>\n<p style=\"font-weight: 400;\"><strong>N\u011bkter\u00e9 d\u016fle\u017eit\u00e9 aspekty v profesion\u00e1ln\u00edm rozvoji policist\u016f<br \/>\n<\/strong><em>Mgr. Anton\u00edn Slab\u00fd<\/em><\/p>\n<p style=\"font-weight: 400;\">V\u00a0\u010desk\u00e9 spole\u010dnosti panuje pom\u011brn\u011b \u0161irok\u00fd konsensus mezi odbornou i\u00a0laickou ve\u0159ejnost\u00ed v tom, \u017ee Policie \u010cR nepracuje ani 18 let po p\u00e1du totalitn\u00edho re\u017eimu tak, jak by m\u011bla. P\u0159etrv\u00e1v\u00e1 neust\u00e1le pomysln\u00fd dluh v\u00a0p\u0159em\u011bn\u011b policie z\u00a0represivn\u00edho org\u00e1nu totalitn\u00ed moci na modern\u00ed policejn\u00ed sbor orientovan\u00fd na slu\u017ebu ve\u0159ejnosti. Tento deficit je je\u0161t\u011b n\u00e1soben rychl\u00fdm rozvojem v\u0161ech aspekt\u016f \u010desk\u00e9 spole\u010dnosti, kter\u00e9mu se policie nesta\u010d\u00ed p\u0159izp\u016fsobovat. \u010c\u00e1ste\u010dn\u011b s\u00a0nads\u00e1zkou \u0159e\u010deno, policii hroz\u00ed, \u017ee nebude tradi\u010dn\u011b o krok pozadu pouze za zlo\u010dinci, n\u00fdbr\u017e \u017ee bude dosti pozadu i za \u010deskou ve\u0159ejnost\u00ed. P\u0159\u00edsp\u011bvek se zab\u00fdv\u00e1 problematikou vzd\u011bl\u00e1v\u00e1n\u00ed specifick\u00e9 kategorie zam\u011bstnanc\u016f, jak\u00fdmi policist\u00e9 bezesporu jsou. Shrnuje sou\u010das-n\u00fd stav a z\u00e1rove\u0148 upozor\u0148uje na pot\u0159ebu zm\u011bny a tak\u00e9 na pot\u0159ebu uplatn\u011bn\u00ed modern\u00edch princip\u016f ji\u017e b\u011b\u017en\u011b pou\u017e\u00edvan\u00fdch v\u00a0oblasti vzd\u011bl\u00e1v\u00e1n\u00ed.<br \/>\n<strong>Kl\u00ed\u010dov\u00e1\u00a0slova:<\/strong>\u00a0management, vzd\u011bl\u00e1v\u00e1n\u00ed mana\u017eer\u016f, person\u00e1ln\u00ed management, Policie \u010cesk\u00e9 republiky.<\/p>\n<hr \/>\n<p style=\"font-weight: 400;\"><a href=\"https:\/\/veda.polac.cz\/?page_id=1648\">Zp\u011bt<\/a><\/p>\n","protected":false},"excerpt":{"rendered":"<p>Resum\u00e9 \u010dl\u00e1nku N\u011bkter\u00e9 d\u016fle\u017eit\u00e9 aspekty v profesion\u00e1ln\u00edm rozvoji policist\u016f Mgr. Anton\u00edn Slab\u00fd V\u00a0\u010desk\u00e9 spole\u010dnosti panuje pom\u011brn\u011b \u0161irok\u00fd konsensus mezi odbornou i\u00a0laickou ve\u0159ejnost\u00ed v tom, \u017ee Policie \u010cR nepracuje ani 18 let po p\u00e1du totalitn\u00edho re\u017eimu tak, jak by m\u011bla. P\u0159etrv\u00e1v\u00e1 neust\u00e1le pomysln\u00fd dluh v\u00a0p\u0159em\u011bn\u011b policie z\u00a0represivn\u00edho org\u00e1nu totalitn\u00ed moci na modern\u00ed policejn\u00ed sbor orientovan\u00fd na [&hellip;]<\/p>\n","protected":false},"author":2,"featured_media":0,"parent":1648,"menu_order":0,"comment_status":"closed","ping_status":"closed","template":"","meta":{"footnotes":""},"class_list":["post-3194","page","type-page","status-publish","hentry"],"_links":{"self":[{"href":"https:\/\/veda.polac.cz\/index.php?rest_route=\/wp\/v2\/pages\/3194","targetHints":{"allow":["GET"]}}],"collection":[{"href":"https:\/\/veda.polac.cz\/index.php?rest_route=\/wp\/v2\/pages"}],"about":[{"href":"https:\/\/veda.polac.cz\/index.php?rest_route=\/wp\/v2\/types\/page"}],"author":[{"embeddable":true,"href":"https:\/\/veda.polac.cz\/index.php?rest_route=\/wp\/v2\/users\/2"}],"replies":[{"embeddable":true,"href":"https:\/\/veda.polac.cz\/index.php?rest_route=%2Fwp%2Fv2%2Fcomments&post=3194"}],"version-history":[{"count":2,"href":"https:\/\/veda.polac.cz\/index.php?rest_route=\/wp\/v2\/pages\/3194\/revisions"}],"predecessor-version":[{"id":3228,"href":"https:\/\/veda.polac.cz\/index.php?rest_route=\/wp\/v2\/pages\/3194\/revisions\/3228"}],"up":[{"embeddable":true,"href":"https:\/\/veda.polac.cz\/index.php?rest_route=\/wp\/v2\/pages\/1648"}],"wp:attachment":[{"href":"https:\/\/veda.polac.cz\/index.php?rest_route=%2Fwp%2Fv2%2Fmedia&parent=3194"}],"curies":[{"name":"wp","href":"https:\/\/api.w.org\/{rel}","templated":true}]}}