{"id":3192,"date":"2019-04-20T06:53:20","date_gmt":"2019-04-20T06:53:20","guid":{"rendered":"http:\/\/veda.polac.cz\/?page_id=3192"},"modified":"2019-04-20T07:14:47","modified_gmt":"2019-04-20T07:14:47","slug":"3-2","status":"publish","type":"page","link":"https:\/\/veda.polac.cz\/?page_id=3192","title":{"rendered":""},"content":{"rendered":"<p style=\"text-align: center;\">Resum\u00e9 \u010dl\u00e1nku<\/p>\n<p style=\"font-weight: 400;\"><strong>Z\u00e1kon o\u00a0slu\u017eebn\u00edm pom\u011bru p\u0159\u00edslu\u0161n\u00edk\u016f bezpe\u010dnostn\u00edch sbor\u016f s\u00a0p\u0159ihl\u00e9dnut\u00edm k\u00a0vysoko\u0161kolsk\u00e9mu vzd\u011bl\u00e1n\u00ed\u00a0p\u0159\u00edslu\u0161n\u00edka<br \/>\n<\/strong><em>JUDr. Jind\u0159ich \u0160koda<\/em><\/p>\n<p style=\"font-weight: 400;\">C\u00edlem tohoto \u010dl\u00e1nku bylo popsat pr\u00e1vn\u00ed situaci, v\u00a0n\u00ed\u017e se modelov\u011b nach\u00e1z\u00ed osoba, kter\u00e1 po absolvov\u00e1n\u00ed vysok\u00e9 \u0161koly vstoup\u00ed do slu\u017eebn\u00edho pom\u011bru podle z\u00e1kona o\u00a0slu\u017eebn\u00edm pom\u011bru. Pokud uva\u017euje o\u00a0slu\u017eebn\u00edm pom\u011bru v\u00a0bezpe\u010dnostn\u00edm sboru pouze z\u00a0hlediska kr\u00e1tkodob\u00e9ho, nejsou podle n\u00e1zoru autora vstupn\u00ed podm\u00ednky stanoveny tak, aby je bylo mo\u017en\u00e9 pova\u017eovat za \u00fapravu dostate\u010dn\u011b motivuj\u00edc\u00ed absolventa vysok\u00e9 \u0161koly k\u00a0takov\u00e9mu rozhodnut\u00ed.<br \/>\n<strong>Kl\u00ed\u010dov\u00e1 slova:<\/strong>\u00a0z\u00e1kon o slu\u017eebn\u00edm pom\u011bru, p\u0159\u00edslu\u0161n\u00edk bezpe\u010dnostn\u00edho sboru.<\/p>\n<hr \/>\n<p><a href=\"https:\/\/veda.polac.cz\/?page_id=1648\">Zp\u011bt<\/a><\/p>\n","protected":false},"excerpt":{"rendered":"<p>Resum\u00e9 \u010dl\u00e1nku Z\u00e1kon o\u00a0slu\u017eebn\u00edm pom\u011bru p\u0159\u00edslu\u0161n\u00edk\u016f bezpe\u010dnostn\u00edch sbor\u016f s\u00a0p\u0159ihl\u00e9dnut\u00edm k\u00a0vysoko\u0161kolsk\u00e9mu vzd\u011bl\u00e1n\u00ed\u00a0p\u0159\u00edslu\u0161n\u00edka JUDr. Jind\u0159ich \u0160koda C\u00edlem tohoto \u010dl\u00e1nku bylo popsat pr\u00e1vn\u00ed situaci, v\u00a0n\u00ed\u017e se modelov\u011b nach\u00e1z\u00ed osoba, kter\u00e1 po absolvov\u00e1n\u00ed vysok\u00e9 \u0161koly vstoup\u00ed do slu\u017eebn\u00edho pom\u011bru podle z\u00e1kona o\u00a0slu\u017eebn\u00edm pom\u011bru. Pokud uva\u017euje o\u00a0slu\u017eebn\u00edm pom\u011bru v\u00a0bezpe\u010dnostn\u00edm sboru pouze z\u00a0hlediska kr\u00e1tkodob\u00e9ho, nejsou podle n\u00e1zoru autora vstupn\u00ed podm\u00ednky stanoveny [&hellip;]<\/p>\n","protected":false},"author":2,"featured_media":0,"parent":1648,"menu_order":0,"comment_status":"closed","ping_status":"closed","template":"","meta":{"footnotes":""},"class_list":["post-3192","page","type-page","status-publish","hentry"],"_links":{"self":[{"href":"https:\/\/veda.polac.cz\/index.php?rest_route=\/wp\/v2\/pages\/3192","targetHints":{"allow":["GET"]}}],"collection":[{"href":"https:\/\/veda.polac.cz\/index.php?rest_route=\/wp\/v2\/pages"}],"about":[{"href":"https:\/\/veda.polac.cz\/index.php?rest_route=\/wp\/v2\/types\/page"}],"author":[{"embeddable":true,"href":"https:\/\/veda.polac.cz\/index.php?rest_route=\/wp\/v2\/users\/2"}],"replies":[{"embeddable":true,"href":"https:\/\/veda.polac.cz\/index.php?rest_route=%2Fwp%2Fv2%2Fcomments&post=3192"}],"version-history":[{"count":2,"href":"https:\/\/veda.polac.cz\/index.php?rest_route=\/wp\/v2\/pages\/3192\/revisions"}],"predecessor-version":[{"id":3227,"href":"https:\/\/veda.polac.cz\/index.php?rest_route=\/wp\/v2\/pages\/3192\/revisions\/3227"}],"up":[{"embeddable":true,"href":"https:\/\/veda.polac.cz\/index.php?rest_route=\/wp\/v2\/pages\/1648"}],"wp:attachment":[{"href":"https:\/\/veda.polac.cz\/index.php?rest_route=%2Fwp%2Fv2%2Fmedia&parent=3192"}],"curies":[{"name":"wp","href":"https:\/\/api.w.org\/{rel}","templated":true}]}}