{"id":3190,"date":"2019-04-20T06:51:19","date_gmt":"2019-04-20T06:51:19","guid":{"rendered":"http:\/\/veda.polac.cz\/?page_id=3190"},"modified":"2019-04-20T07:14:45","modified_gmt":"2019-04-20T07:14:45","slug":"2-2","status":"publish","type":"page","link":"https:\/\/veda.polac.cz\/?page_id=3190","title":{"rendered":""},"content":{"rendered":"<p style=\"text-align: center;\">Resum\u00e9 \u010dl\u00e1nku<\/p>\n<p style=\"font-weight: 400;\"><strong>Ve\u0159ejn\u00e9 disciplin\u00e1rn\u00ed delikty osob ve slu\u017eebn\u00edm pom\u011bru<br \/>\n<\/strong><em>doc. JUDr. Eva Horzinkov\u00e1, Ph.D.<\/em><\/p>\n<p style=\"font-weight: 400;\">\u010cl\u00e1nek se zab\u00fdv\u00e1 problematikou k\u00e1ze\u0148sk\u00e9 odpov\u011bdnosti p\u0159\u00edslu\u0161n\u00edk\u016f bezpe\u010d-nostn\u00edch sbor\u016f \u010cesk\u00e9 republiky, kter\u00e9 maj\u00ed charakter spr\u00e1vn\u00edch disciplin\u00e1rn\u00edch delik-t\u016f. Uveden\u00e9 spr\u00e1vn\u00ed delikty vzhledem ke sv\u00e9 specifi\u010dnosti jsou zalo\u017eeny na zavin\u011bn\u00ed. Autorka ve sv\u00e9m \u010dl\u00e1nku rozeb\u00edr\u00e1 p\u0159\u00edslu\u0161n\u00e1 ustanoven\u00ed z\u00e1kona \u010d. 361\/2003 Sb., o\u00a0slu\u017eebn\u00edm pom\u011bru p\u0159\u00edslu\u0161n\u00edk\u016f bezpe\u010dnostn\u00edch sbor\u016f, ve zn\u011bn\u00ed pozd\u011bj\u0161\u00edch p\u0159edpis\u016f a poukazuje na n\u011bkter\u00e9 pr\u00e1vn\u00ed souvislosti v\u00a0t\u00e9to oblasti.<br \/>\n<strong>Kl\u00ed\u010dov\u00e1 slova:<\/strong>\u00a0p\u0159\u00edslu\u0161n\u00edk, vedouc\u00ed p\u0159\u00edslu\u0161n\u00edk, p\u0159\u00edslu\u0161n\u00edci bezpe\u010dnostn\u00edch sbor\u016f, z\u00e1kon o slu\u017eebn\u00edm pom\u011bru, slu\u017eebn\u00ed pom\u011br, disciplin\u00e1rn\u00ed odpov\u011bdnost, slu\u017eebn\u00ed k\u00e1ze\u0148, k\u00e1ze\u0148sk\u00fd p\u0159estupek, k\u00e1ze\u0148sk\u00e9 tresty.<\/p>\n<hr \/>\n<p style=\"font-weight: 400;\"><a href=\"https:\/\/veda.polac.cz\/?page_id=1648\">Zp\u011bt<\/a><\/p>\n","protected":false},"excerpt":{"rendered":"<p>Resum\u00e9 \u010dl\u00e1nku Ve\u0159ejn\u00e9 disciplin\u00e1rn\u00ed delikty osob ve slu\u017eebn\u00edm pom\u011bru doc. JUDr. Eva Horzinkov\u00e1, Ph.D. \u010cl\u00e1nek se zab\u00fdv\u00e1 problematikou k\u00e1ze\u0148sk\u00e9 odpov\u011bdnosti p\u0159\u00edslu\u0161n\u00edk\u016f bezpe\u010d-nostn\u00edch sbor\u016f \u010cesk\u00e9 republiky, kter\u00e9 maj\u00ed charakter spr\u00e1vn\u00edch disciplin\u00e1rn\u00edch delik-t\u016f. Uveden\u00e9 spr\u00e1vn\u00ed delikty vzhledem ke sv\u00e9 specifi\u010dnosti jsou zalo\u017eeny na zavin\u011bn\u00ed. Autorka ve sv\u00e9m \u010dl\u00e1nku rozeb\u00edr\u00e1 p\u0159\u00edslu\u0161n\u00e1 ustanoven\u00ed z\u00e1kona \u010d. 361\/2003 Sb., o\u00a0slu\u017eebn\u00edm pom\u011bru [&hellip;]<\/p>\n","protected":false},"author":2,"featured_media":0,"parent":1648,"menu_order":0,"comment_status":"closed","ping_status":"closed","template":"","meta":{"footnotes":""},"class_list":["post-3190","page","type-page","status-publish","hentry"],"_links":{"self":[{"href":"https:\/\/veda.polac.cz\/index.php?rest_route=\/wp\/v2\/pages\/3190","targetHints":{"allow":["GET"]}}],"collection":[{"href":"https:\/\/veda.polac.cz\/index.php?rest_route=\/wp\/v2\/pages"}],"about":[{"href":"https:\/\/veda.polac.cz\/index.php?rest_route=\/wp\/v2\/types\/page"}],"author":[{"embeddable":true,"href":"https:\/\/veda.polac.cz\/index.php?rest_route=\/wp\/v2\/users\/2"}],"replies":[{"embeddable":true,"href":"https:\/\/veda.polac.cz\/index.php?rest_route=%2Fwp%2Fv2%2Fcomments&post=3190"}],"version-history":[{"count":2,"href":"https:\/\/veda.polac.cz\/index.php?rest_route=\/wp\/v2\/pages\/3190\/revisions"}],"predecessor-version":[{"id":3226,"href":"https:\/\/veda.polac.cz\/index.php?rest_route=\/wp\/v2\/pages\/3190\/revisions\/3226"}],"up":[{"embeddable":true,"href":"https:\/\/veda.polac.cz\/index.php?rest_route=\/wp\/v2\/pages\/1648"}],"wp:attachment":[{"href":"https:\/\/veda.polac.cz\/index.php?rest_route=%2Fwp%2Fv2%2Fmedia&parent=3190"}],"curies":[{"name":"wp","href":"https:\/\/api.w.org\/{rel}","templated":true}]}}