{"id":3164,"date":"2019-04-20T06:38:20","date_gmt":"2019-04-20T06:38:20","guid":{"rendered":"http:\/\/veda.polac.cz\/?page_id=3164"},"modified":"2019-04-20T06:43:23","modified_gmt":"2019-04-20T06:43:23","slug":"16-2","status":"publish","type":"page","link":"https:\/\/veda.polac.cz\/?page_id=3164","title":{"rendered":""},"content":{"rendered":"<p style=\"text-align: center;\">Resum\u00e9 \u010dl\u00e1nku<\/p>\n<p style=\"font-weight: 400;\"><strong>Syst\u00e9m prevence kriminality v\u00a0\u010cesk\u00e9 republice slav\u00ed 15.\u00a0narozeniny<br \/>\n<\/strong><em>JUDr. Pavel Koc\u00e1bek<\/em><\/p>\n<p style=\"font-weight: 400;\">Autor k\u00a015. v\u00fdro\u010d\u00ed vzniku syst\u00e9mu prevence shrnuje jeho v\u00fdvoj, vymezuje \u010dinnost a\u00a0postaven\u00ed Republikov\u00e9ho v\u00fdboru pro prevenci kriminality v\u00a0tomto syst\u00e9mu, a\u00a0p\u0159edstavuje priority strategie prevence kriminality na l\u00e9ta 2008 a\u017e 2011<br \/>\n<strong>Kl\u00ed\u010dov\u00e1 slova:<\/strong>\u00a0prevence kriminality, strategie, \u010cesk\u00e1 republika.<\/p>\n<hr \/>\n<p style=\"font-weight: 400;\">.<a href=\"https:\/\/veda.polac.cz\/?page_id=1645\">Zp\u011bt<\/a><\/p>\n","protected":false},"excerpt":{"rendered":"<p>Resum\u00e9 \u010dl\u00e1nku Syst\u00e9m prevence kriminality v\u00a0\u010cesk\u00e9 republice slav\u00ed 15.\u00a0narozeniny JUDr. Pavel Koc\u00e1bek Autor k\u00a015. v\u00fdro\u010d\u00ed vzniku syst\u00e9mu prevence shrnuje jeho v\u00fdvoj, vymezuje \u010dinnost a\u00a0postaven\u00ed Republikov\u00e9ho v\u00fdboru pro prevenci kriminality v\u00a0tomto syst\u00e9mu, a\u00a0p\u0159edstavuje priority strategie prevence kriminality na l\u00e9ta 2008 a\u017e 2011 Kl\u00ed\u010dov\u00e1 slova:\u00a0prevence kriminality, strategie, \u010cesk\u00e1 republika. .Zp\u011bt<\/p>\n","protected":false},"author":2,"featured_media":0,"parent":1645,"menu_order":0,"comment_status":"closed","ping_status":"closed","template":"","meta":{"footnotes":""},"class_list":["post-3164","page","type-page","status-publish","hentry"],"_links":{"self":[{"href":"https:\/\/veda.polac.cz\/index.php?rest_route=\/wp\/v2\/pages\/3164","targetHints":{"allow":["GET"]}}],"collection":[{"href":"https:\/\/veda.polac.cz\/index.php?rest_route=\/wp\/v2\/pages"}],"about":[{"href":"https:\/\/veda.polac.cz\/index.php?rest_route=\/wp\/v2\/types\/page"}],"author":[{"embeddable":true,"href":"https:\/\/veda.polac.cz\/index.php?rest_route=\/wp\/v2\/users\/2"}],"replies":[{"embeddable":true,"href":"https:\/\/veda.polac.cz\/index.php?rest_route=%2Fwp%2Fv2%2Fcomments&post=3164"}],"version-history":[{"count":2,"href":"https:\/\/veda.polac.cz\/index.php?rest_route=\/wp\/v2\/pages\/3164\/revisions"}],"predecessor-version":[{"id":3179,"href":"https:\/\/veda.polac.cz\/index.php?rest_route=\/wp\/v2\/pages\/3164\/revisions\/3179"}],"up":[{"embeddable":true,"href":"https:\/\/veda.polac.cz\/index.php?rest_route=\/wp\/v2\/pages\/1645"}],"wp:attachment":[{"href":"https:\/\/veda.polac.cz\/index.php?rest_route=%2Fwp%2Fv2%2Fmedia&parent=3164"}],"curies":[{"name":"wp","href":"https:\/\/api.w.org\/{rel}","templated":true}]}}