{"id":3162,"date":"2019-04-20T06:37:08","date_gmt":"2019-04-20T06:37:08","guid":{"rendered":"http:\/\/veda.polac.cz\/?page_id=3162"},"modified":"2019-04-20T06:43:20","modified_gmt":"2019-04-20T06:43:20","slug":"15-2","status":"publish","type":"page","link":"https:\/\/veda.polac.cz\/?page_id=3162","title":{"rendered":""},"content":{"rendered":"<p style=\"text-align: center;\">Resum\u00e9 \u010dl\u00e1nku<\/p>\n<p style=\"font-weight: 400;\"><strong>M\u011bstsk\u00fd kamerov\u00fd dohl\u00ed\u017eec\u00ed syst\u00e9m &#8211; typov\u00fd projekt<br \/>\n<\/strong><em>JUDr. Pavel Koc\u00e1bek, JUDr. Tom\u00e1\u0161 Kon\u00ed\u010dek<\/em><\/p>\n<p style=\"font-weight: 400;\">\u010cl\u00e1nek p\u0159edstavuje typov\u00fd projekt m\u011bstsk\u00e9ho kamerov\u00e9ho syst\u00e9mu. Vymezuje z\u00e1kladn\u00ed principy provozu, jeho vyu\u017e\u00edv\u00e1n\u00ed Polici\u00ed \u010cR a obecn\u00ed polici\u00ed. P\u0159edstavuje p\u0159\u00edpravu a stav realizace projektu a zmi\u0148uje sm\u011brnice a re\u017eimov\u00e1 opat\u0159en\u00ed t\u00fdkaj\u00edc\u00ed se tohoto syst\u00e9mu.<br \/>\n<strong>Kl\u00ed\u010dov\u00e1 slova:<\/strong>\u00a0m\u011bstsk\u00fd kamerov\u00fd syst\u00e9m.<\/p>\n<hr \/>\n<p style=\"font-weight: 400;\"><a href=\"https:\/\/veda.polac.cz\/?page_id=1645\">Zp\u011bt<\/a><\/p>\n","protected":false},"excerpt":{"rendered":"<p>Resum\u00e9 \u010dl\u00e1nku M\u011bstsk\u00fd kamerov\u00fd dohl\u00ed\u017eec\u00ed syst\u00e9m &#8211; typov\u00fd projekt JUDr. Pavel Koc\u00e1bek, JUDr. Tom\u00e1\u0161 Kon\u00ed\u010dek \u010cl\u00e1nek p\u0159edstavuje typov\u00fd projekt m\u011bstsk\u00e9ho kamerov\u00e9ho syst\u00e9mu. Vymezuje z\u00e1kladn\u00ed principy provozu, jeho vyu\u017e\u00edv\u00e1n\u00ed Polici\u00ed \u010cR a obecn\u00ed polici\u00ed. P\u0159edstavuje p\u0159\u00edpravu a stav realizace projektu a zmi\u0148uje sm\u011brnice a re\u017eimov\u00e1 opat\u0159en\u00ed t\u00fdkaj\u00edc\u00ed se tohoto syst\u00e9mu. Kl\u00ed\u010dov\u00e1 slova:\u00a0m\u011bstsk\u00fd kamerov\u00fd syst\u00e9m. Zp\u011bt<\/p>\n","protected":false},"author":2,"featured_media":0,"parent":1645,"menu_order":0,"comment_status":"closed","ping_status":"closed","template":"","meta":{"footnotes":""},"class_list":["post-3162","page","type-page","status-publish","hentry"],"_links":{"self":[{"href":"https:\/\/veda.polac.cz\/index.php?rest_route=\/wp\/v2\/pages\/3162","targetHints":{"allow":["GET"]}}],"collection":[{"href":"https:\/\/veda.polac.cz\/index.php?rest_route=\/wp\/v2\/pages"}],"about":[{"href":"https:\/\/veda.polac.cz\/index.php?rest_route=\/wp\/v2\/types\/page"}],"author":[{"embeddable":true,"href":"https:\/\/veda.polac.cz\/index.php?rest_route=\/wp\/v2\/users\/2"}],"replies":[{"embeddable":true,"href":"https:\/\/veda.polac.cz\/index.php?rest_route=%2Fwp%2Fv2%2Fcomments&post=3162"}],"version-history":[{"count":2,"href":"https:\/\/veda.polac.cz\/index.php?rest_route=\/wp\/v2\/pages\/3162\/revisions"}],"predecessor-version":[{"id":3178,"href":"https:\/\/veda.polac.cz\/index.php?rest_route=\/wp\/v2\/pages\/3162\/revisions\/3178"}],"up":[{"embeddable":true,"href":"https:\/\/veda.polac.cz\/index.php?rest_route=\/wp\/v2\/pages\/1645"}],"wp:attachment":[{"href":"https:\/\/veda.polac.cz\/index.php?rest_route=%2Fwp%2Fv2%2Fmedia&parent=3162"}],"curies":[{"name":"wp","href":"https:\/\/api.w.org\/{rel}","templated":true}]}}