{"id":3160,"date":"2019-04-20T06:35:45","date_gmt":"2019-04-20T06:35:45","guid":{"rendered":"http:\/\/veda.polac.cz\/?page_id=3160"},"modified":"2019-04-20T06:43:17","modified_gmt":"2019-04-20T06:43:17","slug":"14-2","status":"publish","type":"page","link":"https:\/\/veda.polac.cz\/?page_id=3160","title":{"rendered":""},"content":{"rendered":"<p style=\"text-align: center;\">Resum\u00e9 \u010dl\u00e1nku<\/p>\n<p style=\"font-weight: 400;\"><strong>Nezastupitelnost liniov\u00e9ho policejn\u00edho mana\u017eera v\u00a0person\u00e1ln\u00ed pr\u00e1ci<br \/>\n<\/strong><em>Mgr. Anton\u00edn Slab\u00fd<\/em><\/p>\n<p style=\"font-weight: 400;\">Z\u00edsk\u00e1n\u00ed podpory liniov\u00fdch mana\u017eer\u016f je v\u00a0n\u011bkter\u00fdch p\u0159\u00edpadech obt\u00ed\u017en\u011bj\u0161\u00ed ne\u017e z\u00edskat podporu vrcholov\u00e9ho managementu. Liniov\u00ed mana\u017ee\u0159i mnohdy p\u0159istupuj\u00ed k\u00a0inovaci cynicky, co\u017e m\u00e1 nedoz\u00edrn\u00e9 n\u00e1sledky v\u00a0person\u00e1ln\u00ed pr\u00e1ci. Autor \u010dl\u00e1nku rozeb\u00edr\u00e1 charakteristick\u00e9 rysy rol\u00ed, kter\u00fdmi by se m\u011bl \u0159\u00eddit ka\u017ed\u00fd liniov\u00fd mana\u017eer, pokud chce zav\u00e9st do sv\u00e9 pr\u00e1ce syst\u00e9m a p\u0159edv\u00eddatelnost.<br \/>\n<strong>Kl\u00ed\u010dov\u00e1 slova:<\/strong>\u00a0liniov\u00fd mana\u017eer, person\u00e1ln\u00ed pr\u00e1ce, person\u00e1ln\u00ed management, \u0159\u00edzen\u00ed lidsk\u00fdch zdroj\u016f.<\/p>\n<hr \/>\n<p><a href=\"https:\/\/veda.polac.cz\/?page_id=1645\">Zp\u011bt<\/a><\/p>\n","protected":false},"excerpt":{"rendered":"<p>Resum\u00e9 \u010dl\u00e1nku Nezastupitelnost liniov\u00e9ho policejn\u00edho mana\u017eera v\u00a0person\u00e1ln\u00ed pr\u00e1ci Mgr. Anton\u00edn Slab\u00fd Z\u00edsk\u00e1n\u00ed podpory liniov\u00fdch mana\u017eer\u016f je v\u00a0n\u011bkter\u00fdch p\u0159\u00edpadech obt\u00ed\u017en\u011bj\u0161\u00ed ne\u017e z\u00edskat podporu vrcholov\u00e9ho managementu. Liniov\u00ed mana\u017ee\u0159i mnohdy p\u0159istupuj\u00ed k\u00a0inovaci cynicky, co\u017e m\u00e1 nedoz\u00edrn\u00e9 n\u00e1sledky v\u00a0person\u00e1ln\u00ed pr\u00e1ci. Autor \u010dl\u00e1nku rozeb\u00edr\u00e1 charakteristick\u00e9 rysy rol\u00ed, kter\u00fdmi by se m\u011bl \u0159\u00eddit ka\u017ed\u00fd liniov\u00fd mana\u017eer, pokud chce zav\u00e9st do sv\u00e9 [&hellip;]<\/p>\n","protected":false},"author":2,"featured_media":0,"parent":1645,"menu_order":0,"comment_status":"closed","ping_status":"closed","template":"","meta":{"footnotes":""},"class_list":["post-3160","page","type-page","status-publish","hentry"],"_links":{"self":[{"href":"https:\/\/veda.polac.cz\/index.php?rest_route=\/wp\/v2\/pages\/3160","targetHints":{"allow":["GET"]}}],"collection":[{"href":"https:\/\/veda.polac.cz\/index.php?rest_route=\/wp\/v2\/pages"}],"about":[{"href":"https:\/\/veda.polac.cz\/index.php?rest_route=\/wp\/v2\/types\/page"}],"author":[{"embeddable":true,"href":"https:\/\/veda.polac.cz\/index.php?rest_route=\/wp\/v2\/users\/2"}],"replies":[{"embeddable":true,"href":"https:\/\/veda.polac.cz\/index.php?rest_route=%2Fwp%2Fv2%2Fcomments&post=3160"}],"version-history":[{"count":2,"href":"https:\/\/veda.polac.cz\/index.php?rest_route=\/wp\/v2\/pages\/3160\/revisions"}],"predecessor-version":[{"id":3177,"href":"https:\/\/veda.polac.cz\/index.php?rest_route=\/wp\/v2\/pages\/3160\/revisions\/3177"}],"up":[{"embeddable":true,"href":"https:\/\/veda.polac.cz\/index.php?rest_route=\/wp\/v2\/pages\/1645"}],"wp:attachment":[{"href":"https:\/\/veda.polac.cz\/index.php?rest_route=%2Fwp%2Fv2%2Fmedia&parent=3160"}],"curies":[{"name":"wp","href":"https:\/\/api.w.org\/{rel}","templated":true}]}}